{"id":207692,"date":"2025-12-25T23:18:46","date_gmt":"2025-12-25T20:18:46","guid":{"rendered":"https:\/\/baldumarket.lt\/?post_type=product&#038;p=207692"},"modified":"2026-02-03T23:18:06","modified_gmt":"2026-02-03T20:18:06","slug":"naroznik-farina-etap-sofa-gr4","status":"publish","type":"product","link":"https:\/\/baldumarket.lt\/lt\/product\/naroznik-farina-etap-sofa-gr4\/","title":{"rendered":"Farina Etap kampin\u0117 sofa Gr4"},"content":{"rendered":"<p>\u201eFarina Etap\u201c kampin\u0117 sofa \u2013 tai dizainas, i\u0161siskiriantis moderniu charakteriu, subtiliai linkstan\u010diu prie klasikini\u0173 form\u0173. Kruop\u0161\u010diai suformuotos atlo\u0161o pagalv\u0117l\u0117s papildytos dekoratyvin\u0117mis si\u016bl\u0117mis, suteikian\u010diomis baldui i\u0161skirtin\u0119 ir rafinuot\u0105 i\u0161vaizd\u0105. D\u0117l kompakti\u0161kos formos kampin\u0117 sofa atrodo \u012fsp\u016bdingai net ir pastatyta kambario centre.<\/p>\n<p>Sofa yra L formos ir si\u016bloma dviej\u0173 versij\u0173: kairiarankiams ir de\u0161iniarankiams (K\/D). Auk\u0161ti porankiai ir gerai subalansuotos proporcijos u\u017etikrina patog\u0173 s\u0117d\u0117jim\u0105. Visas baldas stovi ant tvirt\u0173 metalini\u0173 kojeli\u0173, kurios gali b\u016bti juodos, vario, sidabro arba auksin\u0117s spalvos.<\/p>\n<p>\u201eFarina\u201c miegamojo plotas yra 144 x 200 cm, tod\u0117l ji puikiai tinka papildomai miegojimo vietai. Kampin\u0117je sofoje taip pat yra patalyn\u0117s skyrius, kuriame patogu laikyti b\u016btiniausius tekstil\u0117s gaminius. \u0160is sprendimas leid\u017eia sof\u0105 naudoti tiek kasdieniam poilsiui, tiek sve\u010di\u0173 nakvynei. S\u0117d\u0117jimo komfort\u0105 garantuoja didelio elastingumo vingiuot\u0173 spyruokli\u0173 ir poliuretano put\u0173 derinys, u\u017etikrinantis patvarum\u0105 ir ilgalaik\u012f komfort\u0105. Atlo\u0161as pagamintas i\u0161 elasting\u0173 dir\u017eeli\u0173, pluo\u0161to ir bulvy\u010di\u0173 mi\u0161inio, kuris suteikia mink\u0161tumo ir stabilumo. Tai suteikia vartotojui tinkam\u0105 atram\u0105 atsipalaiduojant.<\/p>\n<p>Kampin\u0117s sofos matmenys: plotis 235 cm, auk\u0161tis 88 cm, gylis 175 cm, s\u0117dimosios dalies auk\u0161tis 46 cm. \u201eFarina\u201c modelis si\u016blomas su \u012fvairiais audiniais, tod\u0117l j\u012f galima pritaikyti prie individuali\u0173 pageidavim\u0173 ir interjero dizaino. Visas baldas \u2013 tai kruop\u0161\u010diai sukurtas pasi\u016blymas ie\u0161kantiems auk\u0161tos kokyb\u0117s bald\u0173 su moderniu charakteriu.<\/p>","protected":false},"excerpt":{"rendered":"<p>Dydis (cm):<br \/>\nPlotis: 235<br \/>\nGylis: 175<br \/>\n\u016agis: 88<br \/>\nS\u0117dyn\u0117s auk\u0161tis: 46<\/p>","protected":false},"featured_media":207710,"comment_status":"open","ping_status":"closed","template":"","meta":[],"product_brand":[],"product_cat":[9133],"product_tag":[],"class_list":{"0":"post-207692","1":"product","2":"type-product","3":"status-publish","4":"has-post-thumbnail","6":"product_cat-grouped","8":"first","9":"instock","10":"shipping-taxable","11":"purchasable","12":"product-type-variable","13":"wvs-archive-product-wrapper"},"_links":{"self":[{"href":"https:\/\/baldumarket.lt\/lt\/wp-json\/wp\/v2\/product\/207692","targetHints":{"allow":["GET"]}}],"collection":[{"href":"https:\/\/baldumarket.lt\/lt\/wp-json\/wp\/v2\/product"}],"about":[{"href":"https:\/\/baldumarket.lt\/lt\/wp-json\/wp\/v2\/types\/product"}],"replies":[{"embeddable":true,"href":"https:\/\/baldumarket.lt\/lt\/wp-json\/wp\/v2\/comments?post=207692"}],"wp:featuredmedia":[{"embeddable":true,"href":"https:\/\/baldumarket.lt\/lt\/wp-json\/wp\/v2\/media\/207710"}],"wp:attachment":[{"href":"https:\/\/baldumarket.lt\/lt\/wp-json\/wp\/v2\/media?parent=207692"}],"wp:term":[{"taxonomy":"product_brand","embeddable":true,"href":"https:\/\/baldumarket.lt\/lt\/wp-json\/wp\/v2\/product_brand?post=207692"},{"taxonomy":"product_cat","embeddable":true,"href":"https:\/\/baldumarket.lt\/lt\/wp-json\/wp\/v2\/product_cat?post=207692"},{"taxonomy":"product_tag","embeddable":true,"href":"https:\/\/baldumarket.lt\/lt\/wp-json\/wp\/v2\/product_tag?post=207692"}],"curies":[{"name":"wp","href":"https:\/\/api.w.org\/{rel}","templated":true}]}}