{"id":207650,"date":"2025-12-25T23:16:46","date_gmt":"2025-12-25T20:16:46","guid":{"rendered":"https:\/\/baldumarket.lt\/?post_type=product&#038;p=207650"},"modified":"2026-02-03T23:18:08","modified_gmt":"2026-02-03T20:18:08","slug":"sofa-farina-2-etap-sofa-skora-l2","status":"publish","type":"product","link":"https:\/\/baldumarket.lt\/lt\/product\/sofa-farina-2-etap-sofa-skora-l2\/","title":{"rendered":"Farina dviej\u0173 pakop\u0173 odin\u0117 sofa L2"},"content":{"rendered":"<p>Dviviet\u0117 \u201eEtap Sofa\u201c sofa \u201eFarina\u201c \u2013 puikus pasirinkimas ie\u0161kantiems bald\u0173 industriniam, lofto ir moderniam interjerui. D\u0117l savo dizaino ji tampa svetain\u0117s akcentu, pritraukian\u010diu d\u0117mes\u012f tvirta konstrukcija ir d\u0117mesiu detal\u0117ms. Auk\u0161tos metalin\u0117s kojel\u0117s suteikia lengvumo poj\u016bt\u012f ir palengvina prieig\u0105 prie sofos valymo metu.<\/p>\n<p>Sofos s\u0117dyn\u0117 u\u017epildyta didelio elastingumo poliuretano putomis, kurios pasi\u017eymi atsparumu deformacijai ir dideliu ilgaam\u017ei\u0161kumu. Vingiuota spyruokl\u0117 dar labiau padidina kasdienio naudojimo komfort\u0105, u\u017etikrindama komfort\u0105 tiek trump\u0173 pertrauk\u0173, tiek ilgesnio poilsio metu. D\u0117l \u0161ios konstrukcijos i\u0161 sofos sunku atsikelti.<\/p>\n<p>Atlo\u0161as pagamintas i\u0161 elasting\u0173 dir\u017eeli\u0173 ir pranc\u016bzi\u0161ko kilpinio audinio mi\u0161inio, u\u017etikrinan\u010dio tinkam\u0105 nugaros atram\u0105 ir maloni\u0105 s\u0117d\u0117jimo patirt\u012f. I\u0161skirtin\u0117s si\u016bl\u0117s, matomos ant atlo\u0161o, suteikia visam baldui rafinuot\u0105 i\u0161vaizd\u0105 ir rodo, kad dizaineriai atkreip\u0117 d\u0117mes\u012f \u012f kiekvien\u0105 detal\u0119. \u0160is sprendimas ne tik pagerina estetik\u0105, bet ir demonstruoja kruop\u0161t\u0173 meistri\u0161kum\u0105. \u0160is baldas si\u016blo pla\u010dias pritaikymo galimybes, nes j\u012f galima \u012fsigyti i\u0161 plataus audini\u0173 pasirinkimo ir su metalin\u0117mis kojel\u0117mis juodos, vario, sidabro ir aukso atspalvi\u0173. Tai leid\u017eia sof\u0105 pritaikyti prie \u012fvairi\u0173 interjero dizain\u0173 ir individuali\u0173 naudotoj\u0173 pageidavim\u0173. Toks med\u017eiag\u0173 derinys leid\u017eia sukurti darni\u0105 i\u0161vaizd\u0105 bet kuriame kambaryje.<\/p>\n<p>Dviviet\u0117s sofos \u201eFarina\u201c plotis \u2013 167 cm, auk\u0161tis \u2013 84 cm, o gylis \u2013 96 cm. S\u0117dyn\u0117s auk\u0161tis \u2013 46 cm, tod\u0117l patogu s\u0117d\u0117ti ir stov\u0117ti. \u0160is baldas pasi\u017eymi tvirta meistri\u0161kumo ir patrauklaus dizaino deriniu, u\u017etikrinan\u010diu komfort\u0105 ir ilgaam\u017ei\u0161kum\u0105.<\/p>","protected":false},"excerpt":{"rendered":"<p>Dydis (cm):<br \/>\nPlotis: 167<br \/>\nGylis: 96<br \/>\n\u016agis: 84<br \/>\nS\u0117dyn\u0117s auk\u0161tis: 46<\/p>","protected":false},"featured_media":207665,"comment_status":"open","ping_status":"closed","template":"","meta":[],"product_brand":[],"product_cat":[9133],"product_tag":[],"class_list":{"0":"post-207650","1":"product","2":"type-product","3":"status-publish","4":"has-post-thumbnail","6":"product_cat-grouped","8":"first","9":"instock","10":"shipping-taxable","11":"purchasable","12":"product-type-variable","13":"wvs-archive-product-wrapper"},"_links":{"self":[{"href":"https:\/\/baldumarket.lt\/lt\/wp-json\/wp\/v2\/product\/207650","targetHints":{"allow":["GET"]}}],"collection":[{"href":"https:\/\/baldumarket.lt\/lt\/wp-json\/wp\/v2\/product"}],"about":[{"href":"https:\/\/baldumarket.lt\/lt\/wp-json\/wp\/v2\/types\/product"}],"replies":[{"embeddable":true,"href":"https:\/\/baldumarket.lt\/lt\/wp-json\/wp\/v2\/comments?post=207650"}],"wp:featuredmedia":[{"embeddable":true,"href":"https:\/\/baldumarket.lt\/lt\/wp-json\/wp\/v2\/media\/207665"}],"wp:attachment":[{"href":"https:\/\/baldumarket.lt\/lt\/wp-json\/wp\/v2\/media?parent=207650"}],"wp:term":[{"taxonomy":"product_brand","embeddable":true,"href":"https:\/\/baldumarket.lt\/lt\/wp-json\/wp\/v2\/product_brand?post=207650"},{"taxonomy":"product_cat","embeddable":true,"href":"https:\/\/baldumarket.lt\/lt\/wp-json\/wp\/v2\/product_cat?post=207650"},{"taxonomy":"product_tag","embeddable":true,"href":"https:\/\/baldumarket.lt\/lt\/wp-json\/wp\/v2\/product_tag?post=207650"}],"curies":[{"name":"wp","href":"https:\/\/api.w.org\/{rel}","templated":true}]}}