{"id":207616,"date":"2025-12-25T23:14:48","date_gmt":"2025-12-25T20:14:48","guid":{"rendered":"https:\/\/baldumarket.lt\/?post_type=product&#038;p=207616"},"modified":"2026-02-03T23:18:10","modified_gmt":"2026-02-03T20:18:10","slug":"sofa-farina-3-etap-sofa-gr2","status":"publish","type":"product","link":"https:\/\/baldumarket.lt\/lt\/product\/sofa-farina-3-etap-sofa-gr2\/","title":{"rendered":"\u201eFarina\u201c sofa, 3 pakop\u0173, Gr2"},"content":{"rendered":"<p>Triviet\u0117 \u201eEtap Sofa\u201c sofa \u201eFarina\u201c puikiai tinka moderniam interjerui, ypa\u010d loftams ir pramonin\u0117ms erdv\u0117ms. Lengva forma ir i\u0161skirtinis dizainas suteikia kambariui unikal\u0173 charakter\u012f, sukurdami patogi\u0105 viet\u0105 atsipalaiduoti. Visas baldas buvo sukurtas atsi\u017evelgiant \u012f auk\u0161t\u0105 kokyb\u0119 ir ilgaam\u017ei\u0161kum\u0105.<br \/>\nS\u0117dyn\u0117 pagaminta i\u0161 didelio elastingumo ir poliuretano put\u0173 derinio, u\u017etikrinan\u010dio atsparum\u0105 deformacijai ir ilgalaik\u012f formos i\u0161laikym\u0105. Putplas\u010dio \u0161erd\u012f palaiko vingiuotos spyruokl\u0117s, u\u017etikrinan\u010dios optimal\u0173 komfort\u0105. D\u0117l to sofa idealiai tinka tiek kasdieniam poilsiui, tiek sve\u010di\u0173 pri\u0117mimui.<br \/>\nAtlo\u0161as pripildytas elastini\u0173 dir\u017eeli\u0173 ir pranc\u016bzi\u0161ko kilpinio audinio mi\u0161inio, u\u017etikrinan\u010dio komfort\u0105 naudojimo metu. Dekoratyvin\u0117s si\u016bl\u0117s dar labiau sustiprina baldo charakter\u012f, suteikdamos visam baldui unikali\u0105 i\u0161vaizd\u0105. \u0160ios dizaino ypatyb\u0117s suteikia sofai vientis\u0105 ir rafinuot\u0105 i\u0161vaizd\u0105.<br \/>\nTaip pat verta d\u0117mesio metalin\u0117s kojel\u0117s, kurios yra keli\u0173 spalv\u0173: juodos, vario, sidabrin\u0117s ir auksin\u0117s. D\u0117l savo auk\u0161\u010dio lengviau palaikyti \u0161var\u0105 po sofa ir u\u017etikrina laisv\u0105 oro sraut\u0105 patalpose su grindiniu \u0161ildymu. Subtili\u0173 detali\u0173 ir patvari\u0173 med\u017eiag\u0173 derinys paver\u010dia sof\u0105 \u012fsp\u016bdingu bet kurios svetain\u0117s akcentu.<\/p>\n<p>Sofos matmenys: plotis \u2013 237 cm, auk\u0161tis \u2013 84 cm, gylis \u2013 96 cm, o auk\u0161tis \u2013 46 cm. Be to, sof\u0105 galima rinktis i\u0161 plataus apmu\u0161al\u0173 audini\u0173 pasirinkimo, tod\u0117l galite j\u0105 pritaikyti prie savo individuali\u0173 pageidavim\u0173 ir interjero charakterio. \u201eFarina\u201c modelis i\u0161siskiria kokybi\u0161ku meistri\u0161kumu ir kruop\u0161\u010diai sukurtu dizainu.<\/p>","protected":false},"excerpt":{"rendered":"<p>Dydis (cm):<br \/>\nPlotis: 237<br \/>\nGylis: 96<br \/>\n\u016agis: 84<br \/>\nS\u0117dyn\u0117s auk\u0161tis: 46<\/p>","protected":false},"featured_media":207641,"comment_status":"open","ping_status":"closed","template":"","meta":[],"product_brand":[],"product_cat":[9133],"product_tag":[],"class_list":{"0":"post-207616","1":"product","2":"type-product","3":"status-publish","4":"has-post-thumbnail","6":"product_cat-grouped","8":"first","9":"instock","10":"shipping-taxable","11":"purchasable","12":"product-type-variable","13":"wvs-archive-product-wrapper"},"_links":{"self":[{"href":"https:\/\/baldumarket.lt\/lt\/wp-json\/wp\/v2\/product\/207616","targetHints":{"allow":["GET"]}}],"collection":[{"href":"https:\/\/baldumarket.lt\/lt\/wp-json\/wp\/v2\/product"}],"about":[{"href":"https:\/\/baldumarket.lt\/lt\/wp-json\/wp\/v2\/types\/product"}],"replies":[{"embeddable":true,"href":"https:\/\/baldumarket.lt\/lt\/wp-json\/wp\/v2\/comments?post=207616"}],"wp:featuredmedia":[{"embeddable":true,"href":"https:\/\/baldumarket.lt\/lt\/wp-json\/wp\/v2\/media\/207641"}],"wp:attachment":[{"href":"https:\/\/baldumarket.lt\/lt\/wp-json\/wp\/v2\/media?parent=207616"}],"wp:term":[{"taxonomy":"product_brand","embeddable":true,"href":"https:\/\/baldumarket.lt\/lt\/wp-json\/wp\/v2\/product_brand?post=207616"},{"taxonomy":"product_cat","embeddable":true,"href":"https:\/\/baldumarket.lt\/lt\/wp-json\/wp\/v2\/product_cat?post=207616"},{"taxonomy":"product_tag","embeddable":true,"href":"https:\/\/baldumarket.lt\/lt\/wp-json\/wp\/v2\/product_tag?post=207616"}],"curies":[{"name":"wp","href":"https:\/\/api.w.org\/{rel}","templated":true}]}}