{"id":207603,"date":"2025-12-25T23:14:09","date_gmt":"2025-12-25T20:14:09","guid":{"rendered":"https:\/\/baldumarket.lt\/?post_type=product&#038;p=207603"},"modified":"2026-02-03T23:18:11","modified_gmt":"2026-02-03T20:18:11","slug":"fotel-spot-etap-sofa-gr5","status":"publish","type":"product","link":"https:\/\/baldumarket.lt\/lt\/product\/fotel-spot-etap-sofa-gr5\/","title":{"rendered":"\u201eSpot Etap\u201c sofa Gr5 fotelis"},"content":{"rendered":"<p>\u201eEtap Sofa\u201c \u201eSpot\u201c fotelis \u2013 puikus pasirinkimas tiems, kurie vertina auk\u0161t\u0105 meistri\u0161kumo kokyb\u0119 ir modern\u0173 dizain\u0105. Erdvus, subalansuotas kr\u0117slas traukia d\u0117mes\u012f mink\u0161ta s\u0117dyne, auk\u0161tais porankiais ir \u0161iek tiek atlo\u0161u atlo\u0161u, puikiai tinkan\u010diu poilsiui po \u012ftemptos dienos. Rankiniu b\u016bdu reguliuojama galvos atrama papildo dizain\u0105, leid\u017eianti pritaikyti pad\u0117t\u012f pagal individualius poreikius.<\/p>\n<p>Konstrukcijoje naudojamos med\u017eiagos, u\u017etikrinan\u010dios patvarum\u0105 ir komfort\u0105. S\u0117dyn\u0117 u\u017epildyta zigzago spyruokl\u0117mis, didelio elastingumo putomis ir poliuretano putomis, u\u017etikrinan\u010diomis tinkam\u0105 atram\u0105 ir mink\u0161tum\u0105. Atlo\u0161as padengtas poliuretano putomis ir elastingais dir\u017eeliais, u\u017etikrinan\u010diais stabilum\u0105 neprarandant komforto.<\/p>\n<p>I\u0161skirtinis fotelio bruo\u017eas \u2013 skoningas dygsniavimas, pabr\u0117\u017eiantis unikali\u0105 jo i\u0161vaizd\u0105. Tvirta baldo forma \u012fgauna lengvumo d\u0117l proporcingo formos i\u0161d\u0117stymo ir rafinuot\u0173 detali\u0173. Visas baldas stovi ant juod\u0173 plastikini\u0173 kojeli\u0173, kurios u\u017etikrina konstrukcijos stabilum\u0105 ir subtili\u0105 apdail\u0105. \u201eSpot\u201c modelis si\u016blomas su pla\u010diu audini\u0173 pasirinkimu, tod\u0117l jis der\u0117s prie bet kokio interjero dizaino. Nepriklausomai nuo pasirinkto apmu\u0161alo, fotelis i\u0161laiko savo i\u0161skirtin\u0119, ak\u012f traukian\u010di\u0105 i\u0161vaizd\u0105. Dizaino ypatyb\u0117s u\u017etikrina tvirt\u0105 i\u0161vaizd\u0105 ir ilgaam\u017ei\u0161kum\u0105.<\/p>\n<p>Fotelis yra patogus ir patogus d\u0117l savo matmen\u0173: plotis \u2013 105 cm, gylis \u2013 114 cm, auk\u0161tis \u2013 nuo 80 iki 104 cm, o s\u0117dyn\u0117s auk\u0161tis \u2013 45 cm. D\u0117l \u0161i\u0173 proporcij\u0173 \u201eSpot Etap Sofa\u201c fotelis puikiai tinka erdviai svetainei, nes sukuria erdv\u0119, kurioje galima visi\u0161kai atsipalaiduoti ir pails\u0117ti.<\/p>","protected":false},"excerpt":{"rendered":"<p>Dydis (cm):<br \/>\nPlotis: 105<br \/>\nGylis: 114<br \/>\n\u016agis: 104<br \/>\nS\u0117dyn\u0117s auk\u0161tis: 45<\/p>","protected":false},"featured_media":207619,"comment_status":"open","ping_status":"closed","template":"","meta":[],"product_brand":[],"product_cat":[9133],"product_tag":[],"class_list":{"0":"post-207603","1":"product","2":"type-product","3":"status-publish","4":"has-post-thumbnail","6":"product_cat-grouped","8":"first","9":"instock","10":"shipping-taxable","11":"purchasable","12":"product-type-variable","13":"wvs-archive-product-wrapper"},"_links":{"self":[{"href":"https:\/\/baldumarket.lt\/lt\/wp-json\/wp\/v2\/product\/207603","targetHints":{"allow":["GET"]}}],"collection":[{"href":"https:\/\/baldumarket.lt\/lt\/wp-json\/wp\/v2\/product"}],"about":[{"href":"https:\/\/baldumarket.lt\/lt\/wp-json\/wp\/v2\/types\/product"}],"replies":[{"embeddable":true,"href":"https:\/\/baldumarket.lt\/lt\/wp-json\/wp\/v2\/comments?post=207603"}],"wp:featuredmedia":[{"embeddable":true,"href":"https:\/\/baldumarket.lt\/lt\/wp-json\/wp\/v2\/media\/207619"}],"wp:attachment":[{"href":"https:\/\/baldumarket.lt\/lt\/wp-json\/wp\/v2\/media?parent=207603"}],"wp:term":[{"taxonomy":"product_brand","embeddable":true,"href":"https:\/\/baldumarket.lt\/lt\/wp-json\/wp\/v2\/product_brand?post=207603"},{"taxonomy":"product_cat","embeddable":true,"href":"https:\/\/baldumarket.lt\/lt\/wp-json\/wp\/v2\/product_cat?post=207603"},{"taxonomy":"product_tag","embeddable":true,"href":"https:\/\/baldumarket.lt\/lt\/wp-json\/wp\/v2\/product_tag?post=207603"}],"curies":[{"name":"wp","href":"https:\/\/api.w.org\/{rel}","templated":true}]}}