{"id":207585,"date":"2025-12-25T23:13:24","date_gmt":"2025-12-25T20:13:24","guid":{"rendered":"https:\/\/baldumarket.lt\/?post_type=product&#038;p=207585"},"modified":"2026-02-03T23:18:12","modified_gmt":"2026-02-03T20:18:12","slug":"fotel-spot-rf-ele-zag-man-etap-sofa-skora-l1","status":"publish","type":"product","link":"https:\/\/baldumarket.lt\/lt\/product\/fotel-spot-rf-ele-zag-man-etap-sofa-skora-l1\/","title":{"rendered":"\u201eSpot RF\u201c fotelis, elektrinis (rankinis), \u201eEtap\u201c odin\u0117 sofa L1"},"content":{"rendered":"<p>\u201eSpot RF ele.\u201c (zag.man) \u201eEtap Sofa\u201c fotelis skirtas tiems, kurie vertina auk\u0161t\u0105 komfort\u0105. Jo dizainas leid\u017eia visi\u0161kai atsipalaiduoti po \u012ftemptos dienos, o rafinuotos detal\u0117s suteikia jam unikal\u0173 charakter\u012f. Elektrin\u0117 atsipalaidavimo funkcija leid\u017eia s\u0117dynei atlo\u0161ti, taip sukuriant patogi\u0105 pad\u0117t\u012f poilsiui ar skaitymui.<\/p>\n<p>\u0160is modelis apr\u016bpintas didele, rankiniu b\u016bdu reguliuojama galvos atrama, leid\u017eian\u010dia individualiai j\u0105 reguliuoti. Tai leid\u017eia visi\u0161kai atremti galv\u0105 ir atpalaiduoti kaklo raumenis. Skoningas dygsniavimas papildo k\u0117d\u0119, pabr\u0117\u017eiant unikali\u0105 jos i\u0161vaizd\u0105 ir kruop\u0161t\u0173 meistri\u0161kum\u0105.<\/p>\n<p>S\u0117dyn\u0117 pagaminta i\u0161 vingiuot\u0173 spyruokli\u0173, didelio elastingumo put\u0173 ir poliuretano put\u0173 derinio, u\u017etikrinan\u010dio tinkam\u0105 mink\u0161tum\u0105 ir ilgaam\u017ei\u0161kum\u0105. Atlo\u0161as pagamintas i\u0161 poliuretano put\u0173 ir elasting\u0173 dir\u017eeli\u0173, kurie padidina komfort\u0105 ir atsparum\u0105 deformacijai. Visas baldas pastatytas ant juod\u0173 plastikini\u0173 kojeli\u0173, u\u017etikrinan\u010di\u0173 konstrukcijos stabilum\u0105.<\/p>\n<p>Vartotojai gali rinktis i\u0161 plataus audini\u0173 asortimento, tod\u0117l fotel\u012f lengva priderinti prie savo interjero. Gamintojas u\u017etikrino tvirt\u0105 meistri\u0161kum\u0105, tod\u0117l baldas i\u0161laiko savo vert\u0119 ilgus metus. \u201eSpot\u201c fotelis taip pat pasi\u017eymi moderniu dizainu, kuris puikiai atrodo bet kurioje svetain\u0117je.<\/p>\n<p>Fotelio matmenys: plotis \u2013 105 cm, gylis \u2013 115 cm, auk\u0161tis \u2013 80\u2013104 cm, o s\u0117dyn\u0117s auk\u0161tis \u2013 45 cm. \u0160ios proporcijos u\u017etikrina tinkam\u0105 atram\u0105 ir komfort\u0105 net ir po ilgo naudojimo. \u201eSpot\u201c fotelis pasi\u017eymi tvirta konstrukcija ir d\u0117mesiu komfortui, sukurdamas erdv\u0119, palanki\u0105 visi\u0161kam atsipalaidavimui.<\/p>","protected":false},"excerpt":{"rendered":"<p>Dydis (cm):<br \/>\nPlotis: 105<br \/>\nGylis: 115<br \/>\n\u016agis: 104<br \/>\nS\u0117dyn\u0117s auk\u0161tis: 45<\/p>","protected":false},"featured_media":207593,"comment_status":"open","ping_status":"closed","template":"","meta":[],"product_brand":[],"product_cat":[9133],"product_tag":[],"class_list":{"0":"post-207585","1":"product","2":"type-product","3":"status-publish","4":"has-post-thumbnail","6":"product_cat-grouped","8":"first","9":"instock","10":"shipping-taxable","11":"purchasable","12":"product-type-variable","13":"wvs-archive-product-wrapper"},"_links":{"self":[{"href":"https:\/\/baldumarket.lt\/lt\/wp-json\/wp\/v2\/product\/207585","targetHints":{"allow":["GET"]}}],"collection":[{"href":"https:\/\/baldumarket.lt\/lt\/wp-json\/wp\/v2\/product"}],"about":[{"href":"https:\/\/baldumarket.lt\/lt\/wp-json\/wp\/v2\/types\/product"}],"replies":[{"embeddable":true,"href":"https:\/\/baldumarket.lt\/lt\/wp-json\/wp\/v2\/comments?post=207585"}],"wp:featuredmedia":[{"embeddable":true,"href":"https:\/\/baldumarket.lt\/lt\/wp-json\/wp\/v2\/media\/207593"}],"wp:attachment":[{"href":"https:\/\/baldumarket.lt\/lt\/wp-json\/wp\/v2\/media?parent=207585"}],"wp:term":[{"taxonomy":"product_brand","embeddable":true,"href":"https:\/\/baldumarket.lt\/lt\/wp-json\/wp\/v2\/product_brand?post=207585"},{"taxonomy":"product_cat","embeddable":true,"href":"https:\/\/baldumarket.lt\/lt\/wp-json\/wp\/v2\/product_cat?post=207585"},{"taxonomy":"product_tag","embeddable":true,"href":"https:\/\/baldumarket.lt\/lt\/wp-json\/wp\/v2\/product_tag?post=207585"}],"curies":[{"name":"wp","href":"https:\/\/api.w.org\/{rel}","templated":true}]}}