{"id":207563,"date":"2025-12-25T23:12:12","date_gmt":"2025-12-25T20:12:12","guid":{"rendered":"https:\/\/baldumarket.lt\/?post_type=product&#038;p=207563"},"modified":"2026-02-03T23:18:14","modified_gmt":"2026-02-03T20:18:14","slug":"naroznik-spot-etap-sofa-skora-l1","status":"publish","type":"product","link":"https:\/\/baldumarket.lt\/lt\/product\/naroznik-spot-etap-sofa-skora-l1\/","title":{"rendered":"\u201eSpot Etap\u201c kampin\u0117 sofa, odin\u0117, L1"},"content":{"rendered":"<p>\u201eEtap Sofa\u201c modulin\u0117 kampin\u0117 sofa \u201eSpot\u201c sukurta moderniam interjerui, kuriame svarbiausia komfortas ir rafinuotos detal\u0117s. Plati U formos sofa sukuria erdv\u0119, kurioje gali atsipalaiduoti visa \u0161eima, o gerai apgalvotos proporcijos u\u017etikrina komfort\u0105 tiek kasdienio poilsio metu, tiek susib\u016brim\u0173 su artimaisiais metu. \u0160is modelis pasi\u017eymi unikalia konfig\u016bracija: 1RF elektrinis (K\/D) \u2013 profesionalus re\u017eimas + USB \u2013 1RF rankinis \u2013 E \u2013 2.5F \u2013 REC\/BK (K\/D), tod\u0117l kiekvienas segmentas gali atlikti konkret\u0173 vaidmen\u012f.<\/p>\n<p>Dviejose s\u0117dyn\u0117se integruota elektrin\u0117 atsipalaidavimo funkcija, leid\u017eianti reguliuoti atsipalaidavimo pad\u0117t\u012f pagal individualius poreikius. Viena galvos atrama reguliuojama elektra, o kita \u2013 rankiniu b\u016bdu, tod\u0117l galima nustatyti \u012fvairias atlo\u0161o pad\u0117tis. Papildomas \u0161ios kampin\u0117s sofos privalumas \u2013 sta\u010diakampis modulis su i\u0161traukiama lentyna ir USB prievadu, kuris palengvina mobili\u0173j\u0173 \u012frengini\u0173 naudojim\u0105. \u201eSpot\u201c modelis turi \u201ePuma\u201c stiliaus miegojimo funkcij\u0105, leid\u017eian\u010di\u0105 greitai i\u0161skleisti sof\u0105, o miegojimo plotas \u2013 139 x 275 cm. Taip pat yra erdvus patalyn\u0117s skyrius, padedantis palaikyti tvark\u0105 svetain\u0117je. S\u0117dyn\u0117s auk\u0161tis yra 45 cm, tod\u0117l lengva atsikelti ir atsis\u0117sti.<\/p>\n<p>Kampin\u0117s sofos ilgoji pus\u0117 yra 347 cm plo\u010dio ir 289 cm gylio, o trumpoji \u2013 191 cm. Priklausomai nuo galvos atramos pad\u0117ties, sofos auk\u0161tis svyruoja nuo 80 iki 104 cm, tod\u0117l, nepaisant dideli\u0173 matmen\u0173, sofa atrodo lengvo ir erdvaus. Kampin\u0119 sof\u0105 galima rinktis i\u0161 \u012fvairi\u0173 apmu\u0161al\u0173, tod\u0117l j\u0105 galite priderinti prie savo interjero stiliaus.<\/p>\n<p>S\u0117dyn\u0117 pagaminta i\u0161 banguot\u0173 spyruokli\u0173, didelio elastingumo putplas\u010dio ir poliuretano put\u0173, o atlo\u0161as paremtas poliuretano putomis ir elastingais dir\u017eeliais, u\u017etikrinan\u010diais patvarum\u0105 ir komfort\u0105. Juodos plastikin\u0117s kojel\u0117s u\u017ebaigia i\u0161vaizd\u0105, suteikdamos konstrukcijos stabilumo ir subtili\u0105 apdail\u0105. Modulin\u0117 kampin\u0117 sofa \u201eSpot\u201c \u2013 tai tvirtas baldas, pasi\u017eymintis dideliu komfortu ir rafinuotomis funkcin\u0117mis detal\u0117mis.<\/p>","protected":false},"excerpt":{"rendered":"<p>Dydis (cm):<br \/>\nPlotis: 347<br \/>\nGylis: 289<br \/>\n\u016agis: 104<br \/>\nS\u0117dyn\u0117s auk\u0161tis: 45<\/p>","protected":false},"featured_media":207579,"comment_status":"open","ping_status":"closed","template":"","meta":[],"product_brand":[],"product_cat":[9133],"product_tag":[],"class_list":{"0":"post-207563","1":"product","2":"type-product","3":"status-publish","4":"has-post-thumbnail","6":"product_cat-grouped","8":"first","9":"instock","10":"shipping-taxable","11":"purchasable","12":"product-type-variable","13":"wvs-archive-product-wrapper"},"_links":{"self":[{"href":"https:\/\/baldumarket.lt\/lt\/wp-json\/wp\/v2\/product\/207563","targetHints":{"allow":["GET"]}}],"collection":[{"href":"https:\/\/baldumarket.lt\/lt\/wp-json\/wp\/v2\/product"}],"about":[{"href":"https:\/\/baldumarket.lt\/lt\/wp-json\/wp\/v2\/types\/product"}],"replies":[{"embeddable":true,"href":"https:\/\/baldumarket.lt\/lt\/wp-json\/wp\/v2\/comments?post=207563"}],"wp:featuredmedia":[{"embeddable":true,"href":"https:\/\/baldumarket.lt\/lt\/wp-json\/wp\/v2\/media\/207579"}],"wp:attachment":[{"href":"https:\/\/baldumarket.lt\/lt\/wp-json\/wp\/v2\/media?parent=207563"}],"wp:term":[{"taxonomy":"product_brand","embeddable":true,"href":"https:\/\/baldumarket.lt\/lt\/wp-json\/wp\/v2\/product_brand?post=207563"},{"taxonomy":"product_cat","embeddable":true,"href":"https:\/\/baldumarket.lt\/lt\/wp-json\/wp\/v2\/product_cat?post=207563"},{"taxonomy":"product_tag","embeddable":true,"href":"https:\/\/baldumarket.lt\/lt\/wp-json\/wp\/v2\/product_tag?post=207563"}],"curies":[{"name":"wp","href":"https:\/\/api.w.org\/{rel}","templated":true}]}}