{"id":207533,"date":"2025-12-25T23:10:47","date_gmt":"2025-12-25T20:10:47","guid":{"rendered":"https:\/\/baldumarket.lt\/?post_type=product&#038;p=207533"},"modified":"2026-02-03T23:18:15","modified_gmt":"2026-02-03T20:18:15","slug":"hocker-zoom-etap-sofa-gr1","status":"publish","type":"product","link":"https:\/\/baldumarket.lt\/lt\/product\/hocker-zoom-etap-sofa-gr1\/","title":{"rendered":"\u201eZoom Stage\u201c sofa \u201eGr1\u201c taburet\u0117"},"content":{"rendered":"<p>\u201eEtap Sofa\u201c \u201eZoom\u201c taburet\u0117 \u2013 kruop\u0161\u010diai suprojektuotas baldas, kuris puikiai papildys bet koki\u0105 gyvenam\u0105j\u0105 erdv\u0119. Ji gali b\u016bti sofos ar kampin\u0117s sofos papildymas, ta\u010diau puikiai atrodo ir pati savaime. D\u0117l universalaus dizaino ji lengvai tilps \u012f \u012fvairius svetain\u0117s i\u0161d\u0117stymus.<br \/>\n\u201eZoom\u201c pufo s\u0117dyn\u0117 pagaminta i\u0161 vingiuot\u0173 spyruokli\u0173, didelio elastingumo put\u0173 ir poliuretano put\u0173, u\u017etikrinan\u010di\u0173 mink\u0161tum\u0105 ir elastingum\u0105 s\u0117dint. Tai suteikia naudotojui auk\u0161t\u0105 komforto lyg\u012f ir patvari\u0105 konstrukcij\u0105 ilgus metus. Naudotos med\u017eiagos garantuoja, kad forma ir estetika i\u0161liks net ir intensyvaus naudojimo metu.<br \/>\n\u0160is modelis si\u016blo dviej\u0173 tip\u0173 koj\u0173 apdail\u0105: chromo arba med\u017eio. Medin\u0117 versija yra \u012fvairi\u0173 spalv\u0173: venge, sendinta vy\u0161nia, nat\u016bralus bukas, nat\u016bralus \u0105\u017euolas, rie\u0161utmedis, sidabrin\u0117 ir juoda. Tai leid\u017eia pufui der\u0117ti prie kit\u0173 interjero bald\u0173.<br \/>\nGamintojas taip pat si\u016blo plat\u0173 audini\u0173 ir od\u0173 pasirinkim\u0105, leid\u017eiant\u012f pritaikyti baldo i\u0161vaizd\u0105 pagal individualius pageidavimus. Kiekviena med\u017eiaga pasi\u017eymi auk\u0161ta kokybe ir atsparumu kasdieniam naudojimui. D\u0117l plataus apdailos pasirinkimo \u201eZoom\u201c taburet\u0117 tinka tiek klasikin\u0117ms, tiek modernioms erdv\u0117ms.<\/p>\n<p>Pufo plotis \u2013 70 cm, auk\u0161tis \u2013 44 cm, o gylis \u2013 55 cm, tod\u0117l jis tinka tiek ma\u017eesn\u0117ms, tiek erdvesn\u0117ms patalpoms. Be estetinio patrauklumo, jis suteikia patogi\u0105 viet\u0105 atsis\u0117sti ar pailsinti kojas. \u201eZoom by Etap\u201c sofa \u2013 puikus pasirinkimas tiems, kurie vertina kruop\u0161t\u0173 meistri\u0161kum\u0105 ir auk\u0161tos kokyb\u0117s svetain\u0117s baldus.<\/p>","protected":false},"excerpt":{"rendered":"<p>Dydis (cm):<br \/>\nPlotis: 70<br \/>\nGylis: 55<br \/>\n\u016agis: 44<\/p>","protected":false},"featured_media":207555,"comment_status":"open","ping_status":"closed","template":"","meta":[],"product_brand":[],"product_cat":[9133],"product_tag":[],"class_list":{"0":"post-207533","1":"product","2":"type-product","3":"status-publish","4":"has-post-thumbnail","6":"product_cat-grouped","8":"first","9":"instock","10":"shipping-taxable","11":"purchasable","12":"product-type-variable","13":"wvs-archive-product-wrapper"},"_links":{"self":[{"href":"https:\/\/baldumarket.lt\/lt\/wp-json\/wp\/v2\/product\/207533","targetHints":{"allow":["GET"]}}],"collection":[{"href":"https:\/\/baldumarket.lt\/lt\/wp-json\/wp\/v2\/product"}],"about":[{"href":"https:\/\/baldumarket.lt\/lt\/wp-json\/wp\/v2\/types\/product"}],"replies":[{"embeddable":true,"href":"https:\/\/baldumarket.lt\/lt\/wp-json\/wp\/v2\/comments?post=207533"}],"wp:featuredmedia":[{"embeddable":true,"href":"https:\/\/baldumarket.lt\/lt\/wp-json\/wp\/v2\/media\/207555"}],"wp:attachment":[{"href":"https:\/\/baldumarket.lt\/lt\/wp-json\/wp\/v2\/media?parent=207533"}],"wp:term":[{"taxonomy":"product_brand","embeddable":true,"href":"https:\/\/baldumarket.lt\/lt\/wp-json\/wp\/v2\/product_brand?post=207533"},{"taxonomy":"product_cat","embeddable":true,"href":"https:\/\/baldumarket.lt\/lt\/wp-json\/wp\/v2\/product_cat?post=207533"},{"taxonomy":"product_tag","embeddable":true,"href":"https:\/\/baldumarket.lt\/lt\/wp-json\/wp\/v2\/product_tag?post=207533"}],"curies":[{"name":"wp","href":"https:\/\/api.w.org\/{rel}","templated":true}]}}