{"id":207532,"date":"2025-12-25T23:10:46","date_gmt":"2025-12-25T20:10:46","guid":{"rendered":"https:\/\/baldumarket.lt\/?post_type=product&#038;p=207532"},"modified":"2026-03-05T11:08:08","modified_gmt":"2026-03-05T08:08:08","slug":"zoom-naroznik-bf-25f-e-25sk-tt-el-1-b-etap-sofa","status":"publish","type":"product","link":"https:\/\/baldumarket.lt\/lt\/product\/zoom-naroznik-bf-25f-e-25sk-tt-el-1-b-etap-sofa\/","title":{"rendered":"ZOOM kampin\u0117 sofa BF-2,5F-E-2,5SK-TT-El 1-B laiptelio sofa"},"content":{"rendered":"<p>\u201eEtap Sofa\u201c kampin\u0117 sofa \u201eZoom\u201c \u2013 puikus pasirinkimas tiems, kurie vertina auk\u0161t\u0105 meistri\u0161kumo kokyb\u0119 ir modernius dizaino sprendimus. I\u0161skirtin\u0117s linijos suteikia bet kokiam interjerui unikalumo. TT elementas suteikia kampinei sofai \u0161iek tiek i\u0161lenkt\u0105 dizain\u0105, sukurdamas i\u0161ties \u012fsp\u016bding\u0105 i\u0161vaizd\u0105.<br \/>\n\u201eZoom\u201c modelis buvo sukurtas galvojant apie kasdien\u012f atsipalaidavim\u0105 ir poils\u012f. Jame yra miegojimo funkcija ir stal\u010diaus formos patalyn\u0117s skyrius patogiam daikt\u0173 laikymui. Be to, TT elementas turi pakeliam\u0105 lentyn\u0105 ir daiktad\u0117\u017e\u0119, tod\u0117l vis\u0105 komplekt\u0105 galima naudoti patogiau.<br \/>\nDar didesniam komfortui reguliuojamos galvos atramos u\u017etikrina patog\u0173 galvos atlo\u0161\u0105 poilsio metu. S\u0117dyn\u0117s vidus pagamintas i\u0161 vingiuot\u0173 spyruokli\u0173, didelio elastingumo putplas\u010dio ir poliuretano put\u0173, o atlo\u0161as turi elastinius dir\u017eelius ir poliuretano putas. Visas baldas stovi ant chromuot\u0173 arba medini\u0173 kojeli\u0173, kurios gali b\u016bti \u012fvairi\u0173 spalv\u0173.<br \/>\nL formos kampin\u0117 sofa tiekiama kair\u0117s arba de\u0161in\u0117s pus\u0117s (L\/R) versijomis. Konfig\u016bracija yra BF-2.5FE-2.5SK-TT-El 1-B, u\u017etikrinanti harmoning\u0105 atskir\u0173 moduli\u0173 i\u0161d\u0117stym\u0105. Galimas platus audini\u0173 ir od\u0173 pasirinkimas, taip pat \u012fvairios koj\u0173 spalvos: chromo ritininis, venge, sendinta vy\u0161nia, nat\u016brali buko, nat\u016bralaus \u0105\u017euolo, rie\u0161uto, sidabrin\u0117 ir juoda.<\/p>\n<p>Kampin\u0117s sofos matmenys: plotis 381 cm, auk\u0161tis 78\u201391 cm, gylis 261 cm, o miegamoji dalis \u2013 120 x 193 cm. S\u0117dyn\u0117s auk\u0161tis \u2013 42 cm, tod\u0117l patogu s\u0117d\u0117ti ir stov\u0117ti. \u201eZoom\u201c modelis \u2013 tai tvirtas baldas, kurio rafinuotos detal\u0117s ir precizi\u0161ka apdaila paver\u010dia j\u012f unikaliu bet kurios gyvenamosios erdv\u0117s akcentu.<\/p>","protected":false},"excerpt":{"rendered":"<p>The Zoom corner sofa from Etap Sofa is a perfect choice for those who value high-quality craftsmanship and modern design solutions. Its distinctive lines add a unique character to any interior. The TT element gives the corner sofa a slightly curved design, creating a truly striking look. The Zoom model was designed with everyday relaxation [&hellip;]<\/p>","protected":false},"featured_media":207525,"comment_status":"open","ping_status":"closed","template":"","meta":[],"product_brand":[],"product_cat":[616,1983,6444],"product_tag":[],"class_list":{"0":"post-207532","1":"product","2":"type-product","3":"status-publish","4":"has-post-thumbnail","6":"product_cat-corners","7":"product_cat-corners-l","8":"product_cat-etap-sofa","10":"first","11":"instock","12":"shipping-taxable","13":"product-type-grouped"},"_links":{"self":[{"href":"https:\/\/baldumarket.lt\/lt\/wp-json\/wp\/v2\/product\/207532","targetHints":{"allow":["GET"]}}],"collection":[{"href":"https:\/\/baldumarket.lt\/lt\/wp-json\/wp\/v2\/product"}],"about":[{"href":"https:\/\/baldumarket.lt\/lt\/wp-json\/wp\/v2\/types\/product"}],"replies":[{"embeddable":true,"href":"https:\/\/baldumarket.lt\/lt\/wp-json\/wp\/v2\/comments?post=207532"}],"wp:featuredmedia":[{"embeddable":true,"href":"https:\/\/baldumarket.lt\/lt\/wp-json\/wp\/v2\/media\/207525"}],"wp:attachment":[{"href":"https:\/\/baldumarket.lt\/lt\/wp-json\/wp\/v2\/media?parent=207532"}],"wp:term":[{"taxonomy":"product_brand","embeddable":true,"href":"https:\/\/baldumarket.lt\/lt\/wp-json\/wp\/v2\/product_brand?post=207532"},{"taxonomy":"product_cat","embeddable":true,"href":"https:\/\/baldumarket.lt\/lt\/wp-json\/wp\/v2\/product_cat?post=207532"},{"taxonomy":"product_tag","embeddable":true,"href":"https:\/\/baldumarket.lt\/lt\/wp-json\/wp\/v2\/product_tag?post=207532"}],"curies":[{"name":"wp","href":"https:\/\/api.w.org\/{rel}","templated":true}]}}