{"id":207497,"date":"2025-12-25T23:08:35","date_gmt":"2025-12-25T20:08:35","guid":{"rendered":"https:\/\/baldumarket.lt\/?post_type=product&#038;p=207497"},"modified":"2026-02-03T23:18:18","modified_gmt":"2026-02-03T20:18:18","slug":"fotel-impressione-etap-sofa-skora-l1","status":"publish","type":"product","link":"https:\/\/baldumarket.lt\/lt\/product\/fotel-impressione-etap-sofa-skora-l1\/","title":{"rendered":"Impressione Etap odin\u0117 sofa-fotelis L1"},"content":{"rendered":"<p>\u201eEtap Sofa\u201c \u201eImpressione\u201c fotelis \u2013 puikus pasirinkimas tiems, kurie vertina modernius sprendimus ir auk\u0161tos kokyb\u0117s meistri\u0161kum\u0105. Unikali jo forma ir rafinuotos detal\u0117s sustiprina interjero, kuriame jis yra, charakter\u012f. \u0160is baldas puikiai tinka tiek svetainei, tiek jaukesnei aplinkai, pavyzd\u017eiui, miegamajam ar darbo kambariui.<br \/>\nI\u0161skirtin\u012f komfort\u0105 u\u017etikrina gili s\u0117dyn\u0117 ir ergonomi\u0161kai suformuotas atlo\u0161as, kurie suteikia tinkam\u0105 k\u016bno atram\u0105. Mink\u0161ti porankiai leid\u017eia visi\u0161kai atsipalaiduoti skaitant knyg\u0105 ar \u017ei\u016brint m\u0117gstam\u0105 film\u0105. Dizainas buvo sukurtas atsi\u017evelgiant \u012f ilgalaik\u012f naudojim\u0105, nepakenkiant funkcionalumui ar estetikai.<br \/>\nS\u0117dyn\u0117 pasi\u017eymi vingiuotomis spyruokl\u0117mis ir didelio elastingumo putomis, kurios prisideda prie baldo atsparumo ir ilgaam\u017ei\u0161kumo. Atlo\u0161as pagamintas i\u0161 didelio elastingumo put\u0173 kartu su elastingais dir\u017eeliais, dar labiau padidinant kasdienio naudojimo komfort\u0105. Vis\u0105 bald\u0105 laiko plastikin\u0117s arba chromuotos kojel\u0117s, kurios suteikia konstrukcijai lengvumo ir stabilumo. \u201eImpressione\u201c modelis si\u016blo plat\u0173 audini\u0173 ir od\u0173 pasirinkim\u0105, leid\u017eiant\u012f pritaikyti jo i\u0161vaizd\u0105 prie individuali\u0173 pageidavim\u0173 ir interjero charakterio. Med\u017eiag\u0173 pavir\u0161iai yra patvar\u016bs ir malon\u016bs liesti, tod\u0117l padid\u0117ja komfortas. Kojeli\u0173 spalv\u0173 pasirinkimas yra papildomas privalumas, leid\u017eiantis detales derinti prie kit\u0173 bald\u0173.<\/p>\n<p>Kr\u0117slo matmenys tiksliai pritaikyti naudotojo poreikiams \u2013 plotis 127 cm, gylis 113 cm, auk\u0161tis 74 cm ir s\u0117dyn\u0117s auk\u0161tis 44 cm u\u017etikrina patogi\u0105 pad\u0117t\u012f ir daug erdv\u0117s poilsiui. \u201eImpressione\u201c kr\u0117sle derinamas auk\u0161tos kokyb\u0117s meistri\u0161kumas ir d\u0117mesys detal\u0117ms, tod\u0117l tai puikus pasirinkimas ie\u0161kantiems modernaus charakterio ir patvarios konstrukcijos bald\u0173.<\/p>","protected":false},"excerpt":{"rendered":"<p>Dydis (cm):<br \/>\nPlotis: 127<br \/>\nGylis: 113<br \/>\n\u016agis: 74<br \/>\nS\u0117dyn\u0117s auk\u0161tis: 44<\/p>","protected":false},"featured_media":207513,"comment_status":"open","ping_status":"closed","template":"","meta":[],"product_brand":[],"product_cat":[9133],"product_tag":[],"class_list":{"0":"post-207497","1":"product","2":"type-product","3":"status-publish","4":"has-post-thumbnail","6":"product_cat-grouped","8":"first","9":"instock","10":"shipping-taxable","11":"purchasable","12":"product-type-variable","13":"wvs-archive-product-wrapper"},"_links":{"self":[{"href":"https:\/\/baldumarket.lt\/lt\/wp-json\/wp\/v2\/product\/207497","targetHints":{"allow":["GET"]}}],"collection":[{"href":"https:\/\/baldumarket.lt\/lt\/wp-json\/wp\/v2\/product"}],"about":[{"href":"https:\/\/baldumarket.lt\/lt\/wp-json\/wp\/v2\/types\/product"}],"replies":[{"embeddable":true,"href":"https:\/\/baldumarket.lt\/lt\/wp-json\/wp\/v2\/comments?post=207497"}],"wp:featuredmedia":[{"embeddable":true,"href":"https:\/\/baldumarket.lt\/lt\/wp-json\/wp\/v2\/media\/207513"}],"wp:attachment":[{"href":"https:\/\/baldumarket.lt\/lt\/wp-json\/wp\/v2\/media?parent=207497"}],"wp:term":[{"taxonomy":"product_brand","embeddable":true,"href":"https:\/\/baldumarket.lt\/lt\/wp-json\/wp\/v2\/product_brand?post=207497"},{"taxonomy":"product_cat","embeddable":true,"href":"https:\/\/baldumarket.lt\/lt\/wp-json\/wp\/v2\/product_cat?post=207497"},{"taxonomy":"product_tag","embeddable":true,"href":"https:\/\/baldumarket.lt\/lt\/wp-json\/wp\/v2\/product_tag?post=207497"}],"curies":[{"name":"wp","href":"https:\/\/api.w.org\/{rel}","templated":true}]}}