{"id":207479,"date":"2025-12-25T23:07:25","date_gmt":"2025-12-25T20:07:25","guid":{"rendered":"https:\/\/baldumarket.lt\/?post_type=product&#038;p=207479"},"modified":"2026-02-03T23:18:19","modified_gmt":"2026-02-03T20:18:19","slug":"hoker-impressione-etap-sofa-skora-l2","status":"publish","type":"product","link":"https:\/\/baldumarket.lt\/lt\/product\/hoker-impressione-etap-sofa-skora-l2\/","title":{"rendered":"Impressione laiptelio formos sofa-lova, odin\u0117 k\u0117d\u0117, L2"},"content":{"rendered":"<p>\u201eEtap Sofa\u201c \u201eImpressione\u201c taburet\u0117 \u2013 puikus pasirinkimas tiems, kurie vertina auk\u0161t\u0105 meistri\u0161kumo kokyb\u0119 ir rafinuotas detales. Jos matmenys \u2013 90 cm plo\u010dio, 64 cm gylio ir 44 cm auk\u0161\u010dio \u2013 puikiai tinka tiek erdvioms svetain\u0117ms, tiek ma\u017eesn\u0117ms erdv\u0117ms. Modernus dizainas suteikia i\u0161skirtinumo bet kokiam interjerui.<\/p>\n<p>S\u0117dyn\u0117 u\u017epildyta didelio elastingumo putomis ir turi vingiuot\u0105 spyruokl\u0119, u\u017etikrinan\u010di\u0105 i\u0161skirtin\u012f komfort\u0105. \u0160is med\u017eiag\u0173 derinys u\u017etikrina baldo patvarum\u0105 net ir intensyviai naudojant kasdien. Papildomas privalumas \u2013 dekoratyvinis dygsniavimas, suteikiantis subtil\u0173 elegancijos akcent\u0105.<\/p>\n<p>\u201eImpressione\u201c modelis gali b\u016bti naudojamas ne tik kaip taburet\u0117, bet ir kaip pufas ar pakojis, tod\u0117l jis universaliai pritaikomas \u012fvairiose aplinkose. Jis puikiai dera su tos pa\u010dios kolekcijos sofa, sukurdamas darn\u0173 s\u0117d\u0117jimo i\u0161d\u0117stym\u0105. Jis taip pat puikiai atrodo kaip atskiras baldas, suteikdamas \u012fdom\u0173 akcent\u0105 gyvenamojoje erdv\u0117je. Gamintojas si\u016blo plat\u0173 apmu\u0161al\u0173 audini\u0173 pasirinkim\u0105, leid\u017eiant\u012f pritaikyti taburet\u0119 pagal individualius estetinius pageidavimus. Kojel\u0117s pagamintos i\u0161 chromo spalvos plastiko, suteikian\u010dio visam baldui subtil\u0173 blizges\u012f ir moderni\u0105 apdail\u0105. Kiekviena detal\u0117 buvo sukurta atsi\u017evelgiant \u012f tikslum\u0105 ir ilgaam\u017ei\u0161kum\u0105.<\/p>\n<p>\u201eImpressione\u201c taburet\u0117 puikiai atrodys svetain\u0117je, darbo kambaryje ar sve\u010di\u0173 kambaryje, suteikdama interjerui harmonijos ir jaukumo. D\u0117l proporcij\u0173 ir kruop\u0161\u010diai suprojektuotos konstrukcijos tai yra auk\u0161tos estetikos ir tvirtos gamybos baldas. \u0160is baldas derina komfort\u0105 su rafinuotu dizainu, pabr\u0117\u017edamas modernaus interjero charakter\u012f.<\/p>","protected":false},"excerpt":{"rendered":"<p>Dydis (cm):<br \/>\nPlotis: 90<br \/>\nGylis: 64<br \/>\n\u016agis: 44<\/p>","protected":false},"featured_media":207492,"comment_status":"open","ping_status":"closed","template":"","meta":[],"product_brand":[],"product_cat":[9133],"product_tag":[],"class_list":{"0":"post-207479","1":"product","2":"type-product","3":"status-publish","4":"has-post-thumbnail","6":"product_cat-grouped","8":"first","9":"instock","10":"shipping-taxable","11":"purchasable","12":"product-type-variable","13":"wvs-archive-product-wrapper"},"_links":{"self":[{"href":"https:\/\/baldumarket.lt\/lt\/wp-json\/wp\/v2\/product\/207479","targetHints":{"allow":["GET"]}}],"collection":[{"href":"https:\/\/baldumarket.lt\/lt\/wp-json\/wp\/v2\/product"}],"about":[{"href":"https:\/\/baldumarket.lt\/lt\/wp-json\/wp\/v2\/types\/product"}],"replies":[{"embeddable":true,"href":"https:\/\/baldumarket.lt\/lt\/wp-json\/wp\/v2\/comments?post=207479"}],"wp:featuredmedia":[{"embeddable":true,"href":"https:\/\/baldumarket.lt\/lt\/wp-json\/wp\/v2\/media\/207492"}],"wp:attachment":[{"href":"https:\/\/baldumarket.lt\/lt\/wp-json\/wp\/v2\/media?parent=207479"}],"wp:term":[{"taxonomy":"product_brand","embeddable":true,"href":"https:\/\/baldumarket.lt\/lt\/wp-json\/wp\/v2\/product_brand?post=207479"},{"taxonomy":"product_cat","embeddable":true,"href":"https:\/\/baldumarket.lt\/lt\/wp-json\/wp\/v2\/product_cat?post=207479"},{"taxonomy":"product_tag","embeddable":true,"href":"https:\/\/baldumarket.lt\/lt\/wp-json\/wp\/v2\/product_tag?post=207479"}],"curies":[{"name":"wp","href":"https:\/\/api.w.org\/{rel}","templated":true}]}}