{"id":207463,"date":"2025-12-25T23:06:45","date_gmt":"2025-12-25T20:06:45","guid":{"rendered":"https:\/\/baldumarket.lt\/?post_type=product&#038;p=207463"},"modified":"2026-03-05T11:08:08","modified_gmt":"2026-03-05T08:08:08","slug":"impressione-sofa-2-z-polka-276cm-etap-sofa","status":"publish","type":"product","link":"https:\/\/baldumarket.lt\/lt\/product\/impressione-sofa-2-z-polka-276cm-etap-sofa\/","title":{"rendered":"IMPRESSIONE sofa 2 (su lentyna) 276 cm sofa \u201eEtap\u201c"},"content":{"rendered":"<p>276 cm plo\u010dio \u201eEtap-Sofa\u201c gaminama dviviet\u0117 sofa \u201eImpressione\u201c \u2013 puikus pasirinkimas tiems, kurie vertina modernius sprendimus ir auk\u0161t\u0105 meistri\u0161kumo kokyb\u0119. \u0160is modelis pasi\u017eymi rafinuotu dizainu ir pa\u017eangiomis technologijomis, kurios didina kasdien\u012f komfort\u0105. Ji puikiai tinka erdvioms svetain\u0117ms, darbo kambariams ar sve\u010di\u0173 kambariams, tapdama bet kokio interjero traukos centru.<\/p>\n<p>Dizainas turi rankinio atsipalaidavimo funkcij\u0105, leid\u017eian\u010di\u0105 individualiai pritaikyti k\u0117d\u0119 prie naudotojo poreiki\u0173. Tai pakelia atsipalaidavim\u0105 po ilgos dienos \u012f visi\u0161kai nauj\u0105 lyg\u012f. Papildomas privalumas \u2013 trapecijos formos baras su garso sistema, suteikianti unikali\u0105 patirt\u012f atsipalaidavus ir susib\u016brus su \u0161eima ar draugais.<\/p>\n<p>\u201eImpressione\u201c sofa si\u016bloma \u0161i\u0173 modeli\u0173: 1.5RFL (vyrams)-TTSU ET-1.5RFP (vyrams), su poranki\u0173 pasirinkimu (parodyta 3 nuotraukoje). \u0160is sprendimas leid\u017eia pritaikyti sofos i\u0161vaizd\u0105 prie individuali\u0173 pageidavim\u0173 ir interjero charakterio. Sofos konstrukcija u\u017etikrina tinkam\u0105 k\u016bno atram\u0105, garantuojan\u010di\u0105 komfort\u0105 ilg\u0173 naudojimo valand\u0173 metu. Auk\u0161tos kokyb\u0117s meistri\u0161kumas \u2013 kruop\u0161\u010diai atrinkt\u0173 med\u017eiag\u0173 rezultatas \u2013 platus audini\u0173 ir od\u0173 pasirinkimas, leid\u017eiantis susikurti sofos komplekt\u0105 pagal j\u016bs\u0173 skon\u012f. Sofa stovi ant chromuot\u0173 plastikini\u0173 kojeli\u0173, kurios suteikia jai lengvumo ir modernumo. Be to, baro lentyna yra \u012fvairi\u0173 spalv\u0173: venge, sendinta vy\u0161nia, nat\u016bralus bukas, alksnis, nat\u016bralus \u0105\u017euolas, rie\u0161utmedis, sidabrin\u0117, vy\u0161nia, juoda ir \u0161iurk\u0161tus nat\u016bralus bukas.<\/p>\n<p>Baldo matmenys: plotis 276 cm, auk\u0161tis 74 cm, gylis 113 cm, o s\u0117dyn\u0117s auk\u0161tis 44 cm. \u0160ios proporcijos suteikia pakankamai erdv\u0117s dviem \u017emon\u0117ms atsipalaiduoti, i\u0161laikant konstrukcijos stabilum\u0105 ir patvarum\u0105. \u201eImpressione\u201c sofa \u2013 tai investicija \u012f kasdienio gyvenimo komfort\u0105 ir estetik\u0105, si\u016blanti moderni\u0173 technologij\u0173 ir auk\u0161tos kokyb\u0117s meistri\u0161kumo derin\u012f.<\/p>","protected":false},"excerpt":{"rendered":"<p>276 cm plo\u010dio \u201eEtap-Sofa\u201c gaminama dviviet\u0117 sofa \u201eImpressione\u201c \u2013 puikus pasirinkimas tiems, kurie vertina modernius sprendimus ir auk\u0161t\u0105 meistri\u0161kumo kokyb\u0119. \u0160is modelis pasi\u017eymi rafinuotu dizainu ir pa\u017eangiomis technologijomis, kurios didina kasdien\u012f komfort\u0105. Ji puikiai tinka erdvioms svetain\u0117ms, darbo kambariams ar sve\u010di\u0173 kambariams, tapdama bet kokio interjero traukos centru. [\u2026]<\/p>","protected":false},"featured_media":207473,"comment_status":"open","ping_status":"closed","template":"","meta":[],"product_brand":[],"product_cat":[6444,560],"product_tag":[],"class_list":{"0":"post-207463","1":"product","2":"type-product","3":"status-publish","4":"has-post-thumbnail","6":"product_cat-etap-sofa","7":"product_cat-sofas-and-couches","9":"first","10":"instock","11":"shipping-taxable","12":"product-type-grouped"},"_links":{"self":[{"href":"https:\/\/baldumarket.lt\/lt\/wp-json\/wp\/v2\/product\/207463","targetHints":{"allow":["GET"]}}],"collection":[{"href":"https:\/\/baldumarket.lt\/lt\/wp-json\/wp\/v2\/product"}],"about":[{"href":"https:\/\/baldumarket.lt\/lt\/wp-json\/wp\/v2\/types\/product"}],"replies":[{"embeddable":true,"href":"https:\/\/baldumarket.lt\/lt\/wp-json\/wp\/v2\/comments?post=207463"}],"wp:featuredmedia":[{"embeddable":true,"href":"https:\/\/baldumarket.lt\/lt\/wp-json\/wp\/v2\/media\/207473"}],"wp:attachment":[{"href":"https:\/\/baldumarket.lt\/lt\/wp-json\/wp\/v2\/media?parent=207463"}],"wp:term":[{"taxonomy":"product_brand","embeddable":true,"href":"https:\/\/baldumarket.lt\/lt\/wp-json\/wp\/v2\/product_brand?post=207463"},{"taxonomy":"product_cat","embeddable":true,"href":"https:\/\/baldumarket.lt\/lt\/wp-json\/wp\/v2\/product_cat?post=207463"},{"taxonomy":"product_tag","embeddable":true,"href":"https:\/\/baldumarket.lt\/lt\/wp-json\/wp\/v2\/product_tag?post=207463"}],"curies":[{"name":"wp","href":"https:\/\/api.w.org\/{rel}","templated":true}]}}