{"id":207425,"date":"2025-12-25T23:04:18","date_gmt":"2025-12-25T20:04:18","guid":{"rendered":"https:\/\/baldumarket.lt\/?post_type=product&#038;p=207425"},"modified":"2026-02-03T23:18:22","modified_gmt":"2026-02-03T20:18:22","slug":"impressione-sofa-3-269cm-etap-sofa-gr3","status":"publish","type":"product","link":"https:\/\/baldumarket.lt\/lt\/product\/impressione-sofa-3-269cm-etap-sofa-gr3\/","title":{"rendered":"\u201eImpressione\u201c sofa 3, 269 cm, scenos sofa Gr3"},"content":{"rendered":"<p>\u201eEtap-Sofa\u201c \u201eImpressione Sofa 3\u201c \u2013 tai sprendimas ie\u0161kantiems moderni\u0173 interjero dizaino sprendim\u0173. Kruop\u0161\u010diai sukurta jos forma puikiai tiks svetain\u0117je, darbo kambaryje ar sve\u010di\u0173 kambaryje. \u0160is modelis buvo sukurtas siekiant suteikti vartotojams i\u0161skirtines s\u0105lygas poilsiui ir kasdieniam naudojimui.<\/p>\n<p>269 cm plo\u010dio, 74 cm auk\u0161\u010dio ir 113 cm gylio sofa pasi\u017eymi dideliais matmenimis, tod\u0117l tinka tiek didesn\u0117ms erdv\u0117ms, tiek kambariams, kuriems reikia i\u0161skirtinio akcento. 44 cm s\u0117dyn\u0117s auk\u0161tis leid\u017eia baldus pritaikyti prie nat\u016bralios k\u016bno s\u0117d\u0117jimo pad\u0117ties. \u0160is dizainas buvo sukurtas 1 L \/ EL.1.5 \/ 1 P konfig\u016bracijoje, leid\u017eian\u010dioje sukurti darn\u0173 ir harmoning\u0105 i\u0161d\u0117stym\u0105.<\/p>\n<p>Kruop\u0161\u010diai parinktas u\u017epildas u\u017etikrina komfort\u0105. S\u0117dyn\u0117, paremta banguota spyruokle ir didelio elastingumo putomis, suteikia tinkam\u0105 atram\u0105 ir mink\u0161tum\u0105, o atlo\u0161as, pagamintas i\u0161 elasting\u0173 dir\u017eeli\u0173 ir didelio elastingumo put\u0173, garantuoja stabilum\u0105 ir komfort\u0105 atsipalaidavus. D\u0117l to sofa atitinka t\u0173, kurie vertina tvirtus sprendimus ir ilgaam\u017ei\u0161kum\u0105 kasdieniam naudojimui, l\u016bkes\u010dius.<\/p>\n<p>Vis\u0105 konstrukcij\u0105 papildo chromo spalvos plastikin\u0117s kojel\u0117s, kurios suteikia vizualinio lengvumo ir pabr\u0117\u017eia baldo charakter\u012f. Apdail\u0105 galima pritaikyti pagal j\u016bs\u0173 pageidavimus, nes gamintojas si\u016blo plat\u0173 audini\u0173 ir od\u0173 pasirinkim\u0105. Tai leid\u017eia sukurti derin\u012f, atitinkant\u012f j\u016bs\u0173 individualius poreikius ir interjero dizaino koncepcij\u0105.<\/p>","protected":false},"excerpt":{"rendered":"<p>Dydis (cm):<br \/>\nPlotis: 269<br \/>\nGylis: 113<br \/>\n\u016agis: 74<br \/>\nS\u0117dyn\u0117s auk\u0161tis: 44<\/p>","protected":false},"featured_media":207450,"comment_status":"open","ping_status":"closed","template":"","meta":[],"product_brand":[],"product_cat":[9133],"product_tag":[],"class_list":{"0":"post-207425","1":"product","2":"type-product","3":"status-publish","4":"has-post-thumbnail","6":"product_cat-grouped","8":"first","9":"instock","10":"shipping-taxable","11":"purchasable","12":"product-type-variable","13":"wvs-archive-product-wrapper"},"_links":{"self":[{"href":"https:\/\/baldumarket.lt\/lt\/wp-json\/wp\/v2\/product\/207425","targetHints":{"allow":["GET"]}}],"collection":[{"href":"https:\/\/baldumarket.lt\/lt\/wp-json\/wp\/v2\/product"}],"about":[{"href":"https:\/\/baldumarket.lt\/lt\/wp-json\/wp\/v2\/types\/product"}],"replies":[{"embeddable":true,"href":"https:\/\/baldumarket.lt\/lt\/wp-json\/wp\/v2\/comments?post=207425"}],"wp:featuredmedia":[{"embeddable":true,"href":"https:\/\/baldumarket.lt\/lt\/wp-json\/wp\/v2\/media\/207450"}],"wp:attachment":[{"href":"https:\/\/baldumarket.lt\/lt\/wp-json\/wp\/v2\/media?parent=207425"}],"wp:term":[{"taxonomy":"product_brand","embeddable":true,"href":"https:\/\/baldumarket.lt\/lt\/wp-json\/wp\/v2\/product_brand?post=207425"},{"taxonomy":"product_cat","embeddable":true,"href":"https:\/\/baldumarket.lt\/lt\/wp-json\/wp\/v2\/product_cat?post=207425"},{"taxonomy":"product_tag","embeddable":true,"href":"https:\/\/baldumarket.lt\/lt\/wp-json\/wp\/v2\/product_tag?post=207425"}],"curies":[{"name":"wp","href":"https:\/\/api.w.org\/{rel}","templated":true}]}}