{"id":207376,"date":"2025-12-25T23:01:42","date_gmt":"2025-12-25T20:01:42","guid":{"rendered":"https:\/\/baldumarket.lt\/?post_type=product&#038;p=207376"},"modified":"2026-02-03T23:18:25","modified_gmt":"2026-02-03T20:18:25","slug":"hugo-sofa-3f-etap-sofa-gr1","status":"publish","type":"product","link":"https:\/\/baldumarket.lt\/lt\/product\/hugo-sofa-3f-etap-sofa-gr1\/","title":{"rendered":"Hugo sofa 3F Etap sofa Gr1"},"content":{"rendered":"<p>\u201eEtap Sofa\u201c \u201eHugo 3F\u201c sofa skirta tiems, kurie vertina auk\u0161t\u0105 meistri\u0161kumo kokyb\u0119 ir patog\u0173 poils\u012f. I\u0161skirtin\u0117 jos forma, kuri\u0105 pary\u0161kina auk\u0161tos 10 cm medin\u0117s kojel\u0117s ir dvi papildomos 6 cm plastikin\u0117s kojel\u0117s, suteikia sofai lengvumo ir subtilumo. D\u0117l to ji puikiai dera tiek moderniame, tiek skandinavi\u0161kame interjere.<\/p>\n<p>\u0160is modelis turi reguliuojamas galvos atramas, leid\u017eian\u010dias pritaikyti atlo\u0161o kamp\u0105 pagal individualius poreikius. \u0160is sprendimas suteikia papildom\u0105 atram\u0105 nugarai ir galvai, \u017eenkliai padidindamas komfort\u0105 ils\u0117damiesi po ilgos dienos. Subtil\u016bs, siauri porankiai su subtiliu dygsniavimu suteikia i\u0161skirtinumo, kuris pagerina bendr\u0105 i\u0161vaizd\u0105.<\/p>\n<p>\u201eHugo 3F\u201c sofa taip pat turi miegojimo funkcij\u0105, leid\u017eian\u010di\u0105 greitai transformuoti sof\u0105 \u012f patogi\u0105 miegojimo viet\u0105. Miegamosios dalies matmenys yra 190 x 125 cm, tod\u0117l joje patogiai nakvoti. Mechanizmas pagr\u012fstas mediniu r\u0117mu su vingiuota spyruokle ir poliuretano putomis, u\u017etikrinan\u010diomis patvarum\u0105 ir stabilum\u0105. S\u0117dyn\u0117 u\u017epildyta zigzago spyruokl\u0117mis, didelio elastingumo putomis ir poliuretano putomis, kurios suteikia ir elastingumo, ir mink\u0161tumo. Atlo\u0161as, pagamintas i\u0161 elasting\u0173 dir\u017eeli\u0173 ir poliuretano put\u0173, suteikia tvirtos atramos poj\u016bt\u012f. \u0160is med\u017eiag\u0173 derinys pabr\u0117\u017eia kruop\u0161t\u0173 meistri\u0161kum\u0105 ir d\u0117mes\u012f detal\u0117ms.<\/p>\n<p>Sofos plotis \u2013 226 cm, auk\u0161tis \u2013 81\u201396 cm, o gylis \u2013 99 cm. S\u0117dyn\u0117s auk\u0161tis \u2013 44 cm, tod\u0117l patogi tiek s\u0117d\u0117ti, tiek stov\u0117ti. Klientai gali rinktis i\u0161 plataus audini\u0173 ir od\u0173 asortimento, taip pat \u012fvairi\u0173 koj\u0173 spalv\u0173: venge, sendinto vy\u0161nios, nat\u016bralaus buko, nat\u016bralaus \u0105\u017euolo, rie\u0161uto, sidabro ir juodos.<\/p>","protected":false},"excerpt":{"rendered":"<p>Dydis (cm):<br \/>\nPlotis: 226<br \/>\nGylis: 99<br \/>\n\u016agis: 96<br \/>\nS\u0117dyn\u0117s auk\u0161tis: 44<\/p>","protected":false},"featured_media":207404,"comment_status":"open","ping_status":"closed","template":"","meta":[],"product_brand":[],"product_cat":[9133],"product_tag":[],"class_list":{"0":"post-207376","1":"product","2":"type-product","3":"status-publish","4":"has-post-thumbnail","6":"product_cat-grouped","8":"first","9":"instock","10":"shipping-taxable","11":"purchasable","12":"product-type-variable","13":"wvs-archive-product-wrapper"},"_links":{"self":[{"href":"https:\/\/baldumarket.lt\/lt\/wp-json\/wp\/v2\/product\/207376","targetHints":{"allow":["GET"]}}],"collection":[{"href":"https:\/\/baldumarket.lt\/lt\/wp-json\/wp\/v2\/product"}],"about":[{"href":"https:\/\/baldumarket.lt\/lt\/wp-json\/wp\/v2\/types\/product"}],"replies":[{"embeddable":true,"href":"https:\/\/baldumarket.lt\/lt\/wp-json\/wp\/v2\/comments?post=207376"}],"wp:featuredmedia":[{"embeddable":true,"href":"https:\/\/baldumarket.lt\/lt\/wp-json\/wp\/v2\/media\/207404"}],"wp:attachment":[{"href":"https:\/\/baldumarket.lt\/lt\/wp-json\/wp\/v2\/media?parent=207376"}],"wp:term":[{"taxonomy":"product_brand","embeddable":true,"href":"https:\/\/baldumarket.lt\/lt\/wp-json\/wp\/v2\/product_brand?post=207376"},{"taxonomy":"product_cat","embeddable":true,"href":"https:\/\/baldumarket.lt\/lt\/wp-json\/wp\/v2\/product_cat?post=207376"},{"taxonomy":"product_tag","embeddable":true,"href":"https:\/\/baldumarket.lt\/lt\/wp-json\/wp\/v2\/product_tag?post=207376"}],"curies":[{"name":"wp","href":"https:\/\/api.w.org\/{rel}","templated":true}]}}