{"id":207360,"date":"2025-12-25T23:00:34","date_gmt":"2025-12-25T20:00:34","guid":{"rendered":"https:\/\/baldumarket.lt\/?post_type=product&#038;p=207360"},"modified":"2026-02-03T23:18:26","modified_gmt":"2026-02-03T20:18:26","slug":"naroznik-hugo-etap-sofa-gr5","status":"publish","type":"product","link":"https:\/\/baldumarket.lt\/lt\/product\/naroznik-hugo-etap-sofa-gr5\/","title":{"rendered":"Hugo Etap kampin\u0117 sofa Gr5"},"content":{"rendered":"<p>\u201eHugo Etap\u201c kampin\u0117 sofa \u2013 puikus pasirinkimas tiems, kurie vertina auk\u0161t\u0105 kokyb\u0119 ir kruop\u0161t\u0173 meistri\u0161kum\u0105. D\u0117l eleganti\u0161ko dizaino ji puikiai tiks svetain\u0117je ar sve\u010di\u0173 kambaryje. L formos dizainas leid\u017eia pritaikyti j\u0105 pagal j\u016bs\u0173 poreikius, pasirenkant kair\u0119 arba de\u0161in\u0119 pus\u0119.<\/p>\n<p>Sofa turi miegojimo funkcij\u0105, kurios pavir\u0161iaus matmenys yra 200 \u00d7 125 cm, tod\u0117l ja patogu naudotis tiek dien\u0105, tiek nakt\u012f. Papildoma savyb\u0117 \u2013 patalyn\u0117s skyrius, kuris padidina kasdienio naudojimo patogum\u0105. Nuimamas \u0161oninis atlo\u0161as leid\u017eia lengvai i\u0161skleisti ir paruo\u0161ti sof\u0105 miegui.<\/p>\n<p>Kampin\u0117s sofos dizainas paremtas patikrintais sprendimais. Atlo\u0161as turi elastinius dir\u017eelius ir poliuretano putas, o s\u0117dyn\u0117 \u2013 banguot\u0105 spyruokl\u0119, didelio elastingumo putas ir poliuretano putas, u\u017etikrinan\u010dias auk\u0161t\u0105 komforto lyg\u012f. Miegamoji dalis paremta mediniu r\u0117mu, kuriame taip pat \u012fmontuotos banguotos spyruokl\u0117s ir poliuretano putos. \u201eHugo\u201c modelis taip pat turi reguliuojamas galvos atramas \u2013 trys atskiri mechanizmai leid\u017eia reguliuoti galvos ir nugaros atramos kamp\u0105. Sofos auk\u0161tis gali b\u016bti reguliuojamas nuo 81 iki 96 cm, o s\u0117dyn\u0117s auk\u0161tis yra 44 cm, tod\u0117l ji patogi tiek \u017eemesnio, tiek auk\u0161tesnio \u016bgio \u017emon\u0117ms. Medin\u0117s kojel\u0117s papildo dizain\u0105, suteikdamos jai lengvumo ir stabilumo poj\u016bt\u012f.<\/p>\n<p>Kampin\u0117 sofa si\u016bloma i\u0161 plataus audini\u0173 ir od\u0173 asortimento, tod\u0117l galite j\u0105 pritaikyti pagal savo individualius pageidavimus. Kojeli\u0173 spalvos: venge, sendinta vy\u0161nia, nat\u016bralus bukas, nat\u016bralus \u0105\u017euolas, rie\u0161utmedis, sidabrin\u0117 ir juoda. Bendri kampin\u0117s sofos matmenys yra 231 cm plo\u010dio ir 171 cm gylio, o d\u0117l modernios 2F-OTM\/BK konfig\u016bracijos ji yra tvirtas sprendimas kasdieniam naudojimui.<\/p>","protected":false},"excerpt":{"rendered":"<p>Dydis (cm):<br \/>\nPlotis: 231<br \/>\nGylis: 171<br \/>\n\u016agis: 96<br \/>\nS\u0117dyn\u0117s auk\u0161tis: 44<\/p>","protected":false},"featured_media":207384,"comment_status":"open","ping_status":"closed","template":"","meta":[],"product_brand":[],"product_cat":[9133],"product_tag":[],"class_list":{"0":"post-207360","1":"product","2":"type-product","3":"status-publish","4":"has-post-thumbnail","6":"product_cat-grouped","8":"first","9":"instock","10":"shipping-taxable","11":"purchasable","12":"product-type-variable","13":"wvs-archive-product-wrapper"},"_links":{"self":[{"href":"https:\/\/baldumarket.lt\/lt\/wp-json\/wp\/v2\/product\/207360","targetHints":{"allow":["GET"]}}],"collection":[{"href":"https:\/\/baldumarket.lt\/lt\/wp-json\/wp\/v2\/product"}],"about":[{"href":"https:\/\/baldumarket.lt\/lt\/wp-json\/wp\/v2\/types\/product"}],"replies":[{"embeddable":true,"href":"https:\/\/baldumarket.lt\/lt\/wp-json\/wp\/v2\/comments?post=207360"}],"wp:featuredmedia":[{"embeddable":true,"href":"https:\/\/baldumarket.lt\/lt\/wp-json\/wp\/v2\/media\/207384"}],"wp:attachment":[{"href":"https:\/\/baldumarket.lt\/lt\/wp-json\/wp\/v2\/media?parent=207360"}],"wp:term":[{"taxonomy":"product_brand","embeddable":true,"href":"https:\/\/baldumarket.lt\/lt\/wp-json\/wp\/v2\/product_brand?post=207360"},{"taxonomy":"product_cat","embeddable":true,"href":"https:\/\/baldumarket.lt\/lt\/wp-json\/wp\/v2\/product_cat?post=207360"},{"taxonomy":"product_tag","embeddable":true,"href":"https:\/\/baldumarket.lt\/lt\/wp-json\/wp\/v2\/product_tag?post=207360"}],"curies":[{"name":"wp","href":"https:\/\/api.w.org\/{rel}","templated":true}]}}