{"id":207345,"date":"2025-12-25T22:59:50","date_gmt":"2025-12-25T19:59:50","guid":{"rendered":"https:\/\/baldumarket.lt\/?post_type=product&#038;p=207345"},"modified":"2026-02-03T23:18:27","modified_gmt":"2026-02-03T20:18:27","slug":"urbano-fotel-etap-sofa-skora-l2","status":"publish","type":"product","link":"https:\/\/baldumarket.lt\/lt\/product\/urbano-fotel-etap-sofa-skora-l2\/","title":{"rendered":"Urbano Etap fotelis-sofa-odin\u0117 L2"},"content":{"rendered":"<p>\u201eEtap Sofa\u201c \u201eUrbano\u201c fotelis \u2013 puikus pasirinkimas tiems, kurie vertina modern\u0173 po\u017ei\u016br\u012f \u012f interjero dizain\u0105. Paprastas, ta\u010diau i\u0161rai\u0161kingas dizainas paver\u010dia j\u012f unikaliu bet kurio kambario elementu, suteikdamas jam savit\u0105 charakter\u012f. \u0160is baldas sujungia auk\u0161tos kokyb\u0117s meistri\u0161kum\u0105 su d\u0117mesiu detal\u0117ms, kas akivaizdu kiekviename konstrukcijos elemente.<br \/>\n\u201eUrbano\u201c fotelio patogum\u0105 padidina reguliuojama galvos atrama, leid\u017eianti pritaikyti atlo\u0161\u0105 prie individuali\u0173 poreiki\u0173. Tai leid\u017eia poils\u012f padaryti dar atpalaiduojant\u012f ir patogesn\u012f. S\u0117dyn\u0117 ir atlo\u0161as sukurti taip, kad u\u017etikrint\u0173 stabili\u0105 atram\u0105 net ir ilgai ilsintis.<br \/>\nFotelio konstrukcija pagaminta i\u0161 patikrint\u0173 med\u017eiag\u0173. Atlo\u0161as pagamintas i\u0161 elasting\u0173 dir\u017eeli\u0173 ir poliuretano put\u0173, o s\u0117dyn\u0117 \u2013 i\u0161 banguotos spyruokl\u0117s ir poliuretano put\u0173, u\u017etikrinan\u010di\u0173 pakankam\u0105 atsparum\u0105 ir ilgaam\u017ei\u0161kum\u0105. Visas baldas stovi ant tvirt\u0173 medini\u0173 kojeli\u0173, kurios suteikia baldui lengvumo ir stabilumo poj\u016bt\u012f.<br \/>\n\u201eUrbano\u201c modelis si\u016blomas su \u012fvairiais audiniais ir odomis, tod\u0117l galite j\u012f pritaikyti pagal savo individualius estetinius pageidavimus. Kojel\u0117s gali b\u016bti \u012fvairi\u0173 apdailos variant\u0173: venge, sendinta vy\u0161nia, nat\u016bralus bukas, nat\u016bralus \u0105\u017euolas, rie\u0161utmedis, sidabrin\u0117 ir juoda. Tai leid\u017eia kr\u0117sl\u0105 lengvai priderinti prie kit\u0173 bald\u0173 spalv\u0173 gamos.<\/p>\n<p>Fotelio matmenys buvo kruop\u0161\u010diai parinkti, siekiant u\u017etikrinti komfort\u0105 ir tinkamas proporcijas. Plotis \u2013 110 cm, auk\u0161tis \u2013 79\u201397 cm, gylis \u2013 104 cm, o s\u0117dyn\u0117s auk\u0161tis \u2013 45 cm. \u201eEtap-Sofa\u201c \u201eUrbano\u201c fotelis \u2013 puikus pasirinkimas ie\u0161kantiems bald\u0173, kurie b\u016bt\u0173 patog\u016bs ir patvar\u016bs kasdieniam naudojimui.<\/p>","protected":false},"excerpt":{"rendered":"<p>Dydis (cm):<br \/>\nPlotis: 110<br \/>\nGylis: 104<br \/>\n\u016agis: 97<br \/>\nS\u0117dyn\u0117s auk\u0161tis: 45<\/p>","protected":false},"featured_media":207361,"comment_status":"open","ping_status":"closed","template":"","meta":[],"product_brand":[],"product_cat":[9133],"product_tag":[],"class_list":{"0":"post-207345","1":"product","2":"type-product","3":"status-publish","4":"has-post-thumbnail","6":"product_cat-grouped","8":"first","9":"instock","10":"shipping-taxable","11":"purchasable","12":"product-type-variable","13":"wvs-archive-product-wrapper"},"_links":{"self":[{"href":"https:\/\/baldumarket.lt\/lt\/wp-json\/wp\/v2\/product\/207345","targetHints":{"allow":["GET"]}}],"collection":[{"href":"https:\/\/baldumarket.lt\/lt\/wp-json\/wp\/v2\/product"}],"about":[{"href":"https:\/\/baldumarket.lt\/lt\/wp-json\/wp\/v2\/types\/product"}],"replies":[{"embeddable":true,"href":"https:\/\/baldumarket.lt\/lt\/wp-json\/wp\/v2\/comments?post=207345"}],"wp:featuredmedia":[{"embeddable":true,"href":"https:\/\/baldumarket.lt\/lt\/wp-json\/wp\/v2\/media\/207361"}],"wp:attachment":[{"href":"https:\/\/baldumarket.lt\/lt\/wp-json\/wp\/v2\/media?parent=207345"}],"wp:term":[{"taxonomy":"product_brand","embeddable":true,"href":"https:\/\/baldumarket.lt\/lt\/wp-json\/wp\/v2\/product_brand?post=207345"},{"taxonomy":"product_cat","embeddable":true,"href":"https:\/\/baldumarket.lt\/lt\/wp-json\/wp\/v2\/product_cat?post=207345"},{"taxonomy":"product_tag","embeddable":true,"href":"https:\/\/baldumarket.lt\/lt\/wp-json\/wp\/v2\/product_tag?post=207345"}],"curies":[{"name":"wp","href":"https:\/\/api.w.org\/{rel}","templated":true}]}}