{"id":207300,"date":"2025-12-25T22:57:17","date_gmt":"2025-12-25T19:57:17","guid":{"rendered":"https:\/\/baldumarket.lt\/?post_type=product&#038;p=207300"},"modified":"2026-02-03T23:18:29","modified_gmt":"2026-02-03T20:18:29","slug":"urbano-fotel-rf-man-etap-sofa-gr2","status":"publish","type":"product","link":"https:\/\/baldumarket.lt\/lt\/product\/urbano-fotel-rf-man-etap-sofa-gr2\/","title":{"rendered":"Urbano fotelis RF (vyr.) Etap sofa Gr2"},"content":{"rendered":"<p>\u201eEtap Sofa\u201c \u201eUrbano RF\u201c fotelis sukurtas tiems, kurie vertina modernius interjero dizaino sprendimus. Jo dizainas pagr\u012fstas paprastomis linijomis ir kruop\u0161\u010diai parinktomis proporcijomis, suteikian\u010diomis jam subtil\u0173, \u0161iuolaiki\u0161k\u0105 charakter\u012f. \u0160is baldas puikiai dera \u012f \u012fvairaus stiliaus erdves, sukurdamas maloni\u0105 atpalaiduojan\u010di\u0105 atmosfer\u0105.<br \/>\n\u201eUrbano RF\u201c modelis i\u0161siskiria tuo, kad gali reguliuoti s\u0117d\u0117jimo pad\u0117t\u012f pagal individualius naudotojo poreikius. Rankinio atsipalaidavimo funkcija leid\u017eia laisvai atlo\u0161ti atlo\u0161\u0105 ir koj\u0173 atram\u0105, taip u\u017etikrinant visi\u0161k\u0105 atsipalaidavim\u0105 po \u012ftemptos dienos. Papildomas privalumas \u2013 reguliuojamo auk\u0161\u010dio galvos atrama, kuri padidina komfort\u0105.<br \/>\nFotelio konstrukcija buvo sukurta atsi\u017evelgiant \u012f patvarum\u0105 ir patogum\u0105. Atlo\u0161as pagamintas i\u0161 elasting\u0173 dir\u017eeli\u0173 ir poliuretano put\u0173, o s\u0117dyn\u0117 paremta banguota spyruokle ir poliuretano putomis, u\u017etikrinan\u010diomis tinkam\u0105 k\u016bno atram\u0105. \u0160ios savyb\u0117s u\u017etikrina, kad fotelis i\u0161laikys savo form\u0105 ir bus patogus ilgus metus. Fotelis stovi ant medini\u0173 kojeli\u0173, kurios yra keli\u0173 spalv\u0173: venge, sendinta vy\u0161nia, nat\u016bralus bukas, nat\u016bralus \u0105\u017euolas, rie\u0161utmedis, sidabrin\u0117 ir juoda. Plati spalv\u0173 palet\u0117 leid\u017eia baldus priderinti prie \u012fvairi\u0173 interjer\u0173 ir skoni\u0173. Be to, gamintojas si\u016blo plat\u0173 audini\u0173 ir od\u0173 pasirinkim\u0105, tod\u0117l kiekvien\u0105 bald\u0105 galima pritaikyti pagal individualius pageidavimus.<\/p>\n<p>\u201eUrbano RF\u201c modelio plotis yra 110 cm, auk\u0161tis 79\u201397 cm, gylis 104 cm, o s\u0117dyn\u0117s auk\u0161tis \u2013 45 cm. \u0160ios proporcijos u\u017etikrina komfort\u0105 tiek trumpam, tiek ilgesniam poilsiui. Tai puikus pasirinkimas ie\u0161kantiems bald\u0173 su rafinuotu dizainu, auk\u0161tos kokyb\u0117s meistri\u0161kumu ir galimybe juos pritaikyti prie savo interjero.<\/p>","protected":false},"excerpt":{"rendered":"<p>Dydis (cm):<br \/>\nPlotis: 110<br \/>\nGylis: 104<br \/>\n\u016agis: 97<br \/>\nS\u0117dyn\u0117s auk\u0161tis: 45<\/p>","protected":false},"featured_media":207338,"comment_status":"open","ping_status":"closed","template":"","meta":[],"product_brand":[],"product_cat":[9133],"product_tag":[],"class_list":{"0":"post-207300","1":"product","2":"type-product","3":"status-publish","4":"has-post-thumbnail","6":"product_cat-grouped","8":"first","9":"instock","10":"shipping-taxable","11":"purchasable","12":"product-type-variable","13":"wvs-archive-product-wrapper"},"_links":{"self":[{"href":"https:\/\/baldumarket.lt\/lt\/wp-json\/wp\/v2\/product\/207300","targetHints":{"allow":["GET"]}}],"collection":[{"href":"https:\/\/baldumarket.lt\/lt\/wp-json\/wp\/v2\/product"}],"about":[{"href":"https:\/\/baldumarket.lt\/lt\/wp-json\/wp\/v2\/types\/product"}],"replies":[{"embeddable":true,"href":"https:\/\/baldumarket.lt\/lt\/wp-json\/wp\/v2\/comments?post=207300"}],"wp:featuredmedia":[{"embeddable":true,"href":"https:\/\/baldumarket.lt\/lt\/wp-json\/wp\/v2\/media\/207338"}],"wp:attachment":[{"href":"https:\/\/baldumarket.lt\/lt\/wp-json\/wp\/v2\/media?parent=207300"}],"wp:term":[{"taxonomy":"product_brand","embeddable":true,"href":"https:\/\/baldumarket.lt\/lt\/wp-json\/wp\/v2\/product_brand?post=207300"},{"taxonomy":"product_cat","embeddable":true,"href":"https:\/\/baldumarket.lt\/lt\/wp-json\/wp\/v2\/product_cat?post=207300"},{"taxonomy":"product_tag","embeddable":true,"href":"https:\/\/baldumarket.lt\/lt\/wp-json\/wp\/v2\/product_tag?post=207300"}],"curies":[{"name":"wp","href":"https:\/\/api.w.org\/{rel}","templated":true}]}}