{"id":207278,"date":"2025-12-25T22:55:51","date_gmt":"2025-12-25T19:55:51","guid":{"rendered":"https:\/\/baldumarket.lt\/?post_type=product&#038;p=207278"},"modified":"2026-02-03T23:18:43","modified_gmt":"2026-02-03T20:18:43","slug":"naroznik-urbano-etap-sofa-gr1","status":"publish","type":"product","link":"https:\/\/baldumarket.lt\/lt\/product\/naroznik-urbano-etap-sofa-gr1\/","title":{"rendered":"Urbano Etap kampin\u0117 sofa Gr1"},"content":{"rendered":"<p>\u201eUrbano Etap Sofa\u201c kampin\u0117 sofa skirta tiems, kurie vertina modernius interjero dizaino sprendimus. Paprastas, ta\u010diau i\u0161skirtinis dizainas suteikia kambariams unikal\u0173 charakter\u012f ir sukuria atsipalaidavimui palanki\u0105 atmosfer\u0105. Gamintojas \u201eEtap-Sofa\u201c kruop\u0161\u010diai apgalvojo kiekvien\u0105 detal\u0119, kad u\u017etikrint\u0173 auk\u0161\u010diausi\u0105 estetikos ir komforto lyg\u012f.<br \/>\n\u201eUrbano\u201c modelis turi miegojimo funkcij\u0105, kurios pavir\u0161iaus plotas yra 120 \u00d7 256 cm, tod\u0117l sve\u010diai gali patogiai nakvoti. Be to, kampin\u0117je sofoje yra patalyn\u0117s skyrius, tod\u0117l lengviau palaikyti tvark\u0105 svetain\u0117je. \u012emontuotas baras padidina naudojimo komfort\u0105 ir pabr\u0117\u017eia modern\u0173 jos charakter\u012f.<br \/>\nUnikali savyb\u0117 \u2013 elektrin\u0117 atsipalaidavimo funkcija, leid\u017eianti reguliuoti s\u0117d\u0117jimo pad\u0117t\u012f pagal individualius poreikius. Dar didesniam komfortui kampin\u0117 sofa turi reguliuojamas galvos atramas, kurios u\u017etikrina optimali\u0105 kaklo ir galvos atram\u0105. Visa erdv\u0117 sukuria ideali\u0105 erdv\u0119 kasdieniam poilsiui ir susib\u016brimams su artimaisiais.<br \/>\nBaldai pagaminti i\u0161 patikrint\u0173 med\u017eiag\u0173. Atlo\u0161as pagamintas i\u0161 elastingo tinklo ir poliuretano put\u0173, o s\u0117dyn\u0117 \u2013 su vingiuota spyruokle ir put\u0173 sluoksniu. Medin\u0117s kojel\u0117s gali b\u016bti \u012fvairi\u0173 spalv\u0173: venge, sendinta vy\u0161nia, nat\u016bralus bukas, alksnis, nat\u016bralus \u0105\u017euolas, rie\u0161utmedis, sidabrin\u0117, vy\u0161nia arba neapdorotas nat\u016bralus bukas, tod\u0117l kampin\u0119 sof\u0105 galite priderinti prie savo interjero.<\/p>\n<p>\u201eUrbano\u201c kampin\u0117 sofa yra OTM\/BK (L\/R) -2.5FE-1-Car-1RFe (L\/R) konfig\u016bracijos ir yra U formos dizaino. Jos plotis yra 346 cm, auk\u0161tis svyruoja nuo 79 iki 97 cm, o gylis - atitinkamai 198 cm (trumpoji pus\u0117) ir 287 cm (ilgoji pus\u0117). 45 cm s\u0117dyn\u0117s auk\u0161tis u\u017etikrina patog\u0173 stov\u0117jim\u0105, o platus audini\u0173 ir od\u0173 pasirinkimas leid\u017eia visi\u0161kai pritaikyti sof\u0105 pagal individualius pageidavimus.<\/p>","protected":false},"excerpt":{"rendered":"<p>Dydis (cm):<br \/>\nPlotis: 346<br \/>\nGylis: 287<br \/>\n\u016agis: 97<br \/>\nS\u0117dyn\u0117s auk\u0161tis: 45<\/p>","protected":false},"featured_media":207303,"comment_status":"open","ping_status":"closed","template":"","meta":[],"product_brand":[],"product_cat":[9133],"product_tag":[],"class_list":{"0":"post-207278","1":"product","2":"type-product","3":"status-publish","4":"has-post-thumbnail","6":"product_cat-grouped","8":"first","9":"instock","10":"shipping-taxable","11":"purchasable","12":"product-type-variable","13":"wvs-archive-product-wrapper"},"_links":{"self":[{"href":"https:\/\/baldumarket.lt\/lt\/wp-json\/wp\/v2\/product\/207278","targetHints":{"allow":["GET"]}}],"collection":[{"href":"https:\/\/baldumarket.lt\/lt\/wp-json\/wp\/v2\/product"}],"about":[{"href":"https:\/\/baldumarket.lt\/lt\/wp-json\/wp\/v2\/types\/product"}],"replies":[{"embeddable":true,"href":"https:\/\/baldumarket.lt\/lt\/wp-json\/wp\/v2\/comments?post=207278"}],"wp:featuredmedia":[{"embeddable":true,"href":"https:\/\/baldumarket.lt\/lt\/wp-json\/wp\/v2\/media\/207303"}],"wp:attachment":[{"href":"https:\/\/baldumarket.lt\/lt\/wp-json\/wp\/v2\/media?parent=207278"}],"wp:term":[{"taxonomy":"product_brand","embeddable":true,"href":"https:\/\/baldumarket.lt\/lt\/wp-json\/wp\/v2\/product_brand?post=207278"},{"taxonomy":"product_cat","embeddable":true,"href":"https:\/\/baldumarket.lt\/lt\/wp-json\/wp\/v2\/product_cat?post=207278"},{"taxonomy":"product_tag","embeddable":true,"href":"https:\/\/baldumarket.lt\/lt\/wp-json\/wp\/v2\/product_tag?post=207278"}],"curies":[{"name":"wp","href":"https:\/\/api.w.org\/{rel}","templated":true}]}}