{"id":207267,"date":"2025-12-25T22:55:09","date_gmt":"2025-12-25T19:55:09","guid":{"rendered":"https:\/\/baldumarket.lt\/?post_type=product&#038;p=207267"},"modified":"2026-02-03T23:18:44","modified_gmt":"2026-02-03T20:18:44","slug":"urbano-sofa-2-etap-sofa-gr5","status":"publish","type":"product","link":"https:\/\/baldumarket.lt\/lt\/product\/urbano-sofa-2-etap-sofa-gr5\/","title":{"rendered":"Urbano sofa 2 pakop\u0173 sofa Gr5"},"content":{"rendered":"<p>\u201eEtap Sofa\u201c gaminama \u201eUrbano 2\u201c sofa \u2013 puikus pasirinkimas tiems, kurie vertina modern\u0173 po\u017ei\u016br\u012f \u012f interjero dizain\u0105. Paprasta forma kartu su rafinuotomis detal\u0117mis sukuria unikali\u0105 atmosfer\u0105. \u0160is baldas puikiai tinka tokioms erdv\u0117ms kaip svetain\u0117 ar biuras, suteikdamas joms jaukumo ir harmoningumo.<br \/>\n\u201eUrbano 2\u201c modelis buvo sukurtas galvojant apie komfort\u0105, kur\u012f u\u017etikrina kruop\u0161\u010diai parinktos med\u017eiagos ir gerai apgalvotas dizainas. Reguliuojamos galvos atramos leid\u017eia pritaikyti atlo\u0161\u0105 pagal individualius poreikius, skatinant atsipalaidavim\u0105 po ilgos dienos. D\u0117l to sofa yra puiki vieta atsipalaiduoti tiek kasdieniam naudojimui, tiek susib\u016brimams.<br \/>\nSofos atlo\u0161as turi elastinius dir\u017eelius ir poliuretano putas, o s\u0117dyn\u0117 \u2013 vingiuot\u0105 spyruokl\u0119 ir t\u0105 pa\u010di\u0105 put\u0105, u\u017etikrinan\u010di\u0105 tinkam\u0105 atram\u0105 ir mink\u0161tum\u0105. Visas baldas stovi ant medini\u0173 kojeli\u0173, kurios suteikia stabilumo ir vizualiai lengvumo poj\u016bt\u012f. Jos konstrukcijoje naudojamos med\u017eiagos u\u017etikrina patvarum\u0105 ir daugel\u012f met\u0173 malon\u0173 naudojim\u0105.<br \/>\nSofa si\u016bloma i\u0161 \u012fvairi\u0173 audini\u0173 ir od\u0173, tod\u0117l galite j\u0105 pritaikyti pagal savo individualius pageidavimus ir interjero charakter\u012f. Koj\u0173 spalvos: venge, sendinta vy\u0161nia, nat\u016bralus bukas, nat\u016bralus \u0105\u017euolas, rie\u0161utmedis, sidabrin\u0117 arba juoda. \u0160is universalumas leid\u017eia bald\u0105 lengvai derinti su kitais baldais, i\u0161laikant darni\u0105 i\u0161vaizd\u0105.<\/p>\n<p>\u201eUrbano 2\u201c sofos plotis yra 182 cm, auk\u0161tis \u2013 79\u201397 cm, gylis \u2013 104 cm, o s\u0117dyn\u0117s auk\u0161tis \u2013 45 cm. \u0160ios proporcijos u\u017etikrina patog\u0173 naudojim\u0105, i\u0161laikant kompakti\u0161k\u0105 form\u0105, tinkan\u010di\u0105 \u012fvairioms erdv\u0117ms. \u201eEtap\u201c sofa derina auk\u0161tos kokyb\u0117s meistri\u0161kum\u0105 ir rafinuot\u0105 dizain\u0105, sukurdama bald\u0105, kuris atitinka net i\u0161rankiausi\u0173 vartotoj\u0173 l\u016bkes\u010dius.<\/p>","protected":false},"excerpt":{"rendered":"<p>Dydis (cm):<br \/>\nPlotis: 182<br \/>\nGylis: 104<br \/>\n\u016agis: 97<br \/>\nS\u0117dyn\u0117s auk\u0161tis: 45<\/p>","protected":false},"featured_media":207281,"comment_status":"open","ping_status":"closed","template":"","meta":[],"product_brand":[],"product_cat":[9133],"product_tag":[],"class_list":{"0":"post-207267","1":"product","2":"type-product","3":"status-publish","4":"has-post-thumbnail","6":"product_cat-grouped","8":"first","9":"instock","10":"shipping-taxable","11":"purchasable","12":"product-type-variable","13":"wvs-archive-product-wrapper"},"_links":{"self":[{"href":"https:\/\/baldumarket.lt\/lt\/wp-json\/wp\/v2\/product\/207267","targetHints":{"allow":["GET"]}}],"collection":[{"href":"https:\/\/baldumarket.lt\/lt\/wp-json\/wp\/v2\/product"}],"about":[{"href":"https:\/\/baldumarket.lt\/lt\/wp-json\/wp\/v2\/types\/product"}],"replies":[{"embeddable":true,"href":"https:\/\/baldumarket.lt\/lt\/wp-json\/wp\/v2\/comments?post=207267"}],"wp:featuredmedia":[{"embeddable":true,"href":"https:\/\/baldumarket.lt\/lt\/wp-json\/wp\/v2\/media\/207281"}],"wp:attachment":[{"href":"https:\/\/baldumarket.lt\/lt\/wp-json\/wp\/v2\/media?parent=207267"}],"wp:term":[{"taxonomy":"product_brand","embeddable":true,"href":"https:\/\/baldumarket.lt\/lt\/wp-json\/wp\/v2\/product_brand?post=207267"},{"taxonomy":"product_cat","embeddable":true,"href":"https:\/\/baldumarket.lt\/lt\/wp-json\/wp\/v2\/product_cat?post=207267"},{"taxonomy":"product_tag","embeddable":true,"href":"https:\/\/baldumarket.lt\/lt\/wp-json\/wp\/v2\/product_tag?post=207267"}],"curies":[{"name":"wp","href":"https:\/\/api.w.org\/{rel}","templated":true}]}}