{"id":207218,"date":"2025-12-25T22:52:26","date_gmt":"2025-12-25T19:52:26","guid":{"rendered":"https:\/\/baldumarket.lt\/?post_type=product&#038;p=207218"},"modified":"2026-02-03T23:18:47","modified_gmt":"2026-02-03T20:18:47","slug":"zaglowek-nils-etap-sofa-gr1","status":"publish","type":"product","link":"https:\/\/baldumarket.lt\/lt\/product\/zaglowek-nils-etap-sofa-gr1\/","title":{"rendered":"Nils Etap sofa Gr1 galvos atrama"},"content":{"rendered":"<p>\u201eEtap Sofa\u201c \u201eNils\u201c kolekcijos galvos atrama yra papildomas baldas, puikiai papildantis tos pa\u010dios serijos sof\u0105, fotel\u012f ar sekcijin\u0119 sof\u0105. D\u0117l mobilios konstrukcijos j\u0105 lengva perkelti ir pritaikyti prie individuali\u0173 naudotojo poreiki\u0173. \u0160is sprendimas suteikia didesn\u012f komfort\u0105 atsipalaidavus.<\/p>\n<p>Produktas i\u0161siskiria paprasta, rafinuota forma, kuri harmoningai dera prie modernaus \u201eEtap-Sofa\u201c bald\u0173 dizaino. Subtilios proporcijos suteikia galvos atramai darni\u0105 visum\u0105 su kitais kolekcijos elementais, j\u0173 neu\u017ego\u017eiant. Universalus pob\u016bdis leid\u017eia pritaikyti j\u0105 prie \u012fvairi\u0173 interjero dizain\u0173.<\/p>\n<p>U\u017epildas pagamintas i\u0161 auk\u0161tos kokyb\u0117s silikono \u012fd\u0117klo, kuris suteikia tinkam\u0105 atram\u0105 galvai ir kaklui. \u0160i med\u017eiaga pasi\u017eymi mink\u0161tumu ir patvarumu, u\u017etikrinan\u010diu ilgalaik\u012f formos i\u0161laikym\u0105 ir komfort\u0105. D\u0117l to galvos atrama suteikia tvirt\u0105 atram\u0105 tiek trumpam poilsiui, tiek ilgesniam poilsiui.<\/p>\n<p>Pagrindinis \u0161io modelio privalumas \u2013 platus audini\u0173 ir od\u0173 pasirinkimas, leid\u017eiantis pritaikyti galvos atram\u0105 pagal individualius estetinius pageidavimus ir interjero charakter\u012f. \u012evairi spalv\u0173 palet\u0117 ir gamintojo si\u016bloma med\u017eiag\u0173 tekst\u016bra leid\u017eia darniai der\u0117ti su kitais \u201eNils\u201c kolekcijos baldais.<\/p>\n<p>Galvos atramos plotis \u2013 59 cm, auk\u0161tis \u2013 22 cm, o gylis \u2013 14 cm, tod\u0117l ji kompakti\u0161ka ir suteikia tinkam\u0105 atram\u0105. Gerai apgalvotos proporcijos u\u017etikrina patog\u0173 naudojim\u0105 ir lengv\u0105 integravim\u0105 su kitais poilsio baldais. \u0160is elementas padidina kasdienio \u201eNils\u201c komplekto naudojimo komfort\u0105, i\u0161laikant jo estetin\u0119 darn\u0105.<\/p>","protected":false},"excerpt":{"rendered":"<p>Dydis (cm):<br \/>\nPlotis: 59<br \/>\nGylis: 14<br \/>\n\u016agis: 22<\/p>","protected":false},"featured_media":207240,"comment_status":"open","ping_status":"closed","template":"","meta":[],"product_brand":[],"product_cat":[9133],"product_tag":[],"class_list":{"0":"post-207218","1":"product","2":"type-product","3":"status-publish","4":"has-post-thumbnail","6":"product_cat-grouped","8":"first","9":"instock","10":"shipping-taxable","11":"purchasable","12":"product-type-variable","13":"wvs-archive-product-wrapper"},"_links":{"self":[{"href":"https:\/\/baldumarket.lt\/lt\/wp-json\/wp\/v2\/product\/207218","targetHints":{"allow":["GET"]}}],"collection":[{"href":"https:\/\/baldumarket.lt\/lt\/wp-json\/wp\/v2\/product"}],"about":[{"href":"https:\/\/baldumarket.lt\/lt\/wp-json\/wp\/v2\/types\/product"}],"replies":[{"embeddable":true,"href":"https:\/\/baldumarket.lt\/lt\/wp-json\/wp\/v2\/comments?post=207218"}],"wp:featuredmedia":[{"embeddable":true,"href":"https:\/\/baldumarket.lt\/lt\/wp-json\/wp\/v2\/media\/207240"}],"wp:attachment":[{"href":"https:\/\/baldumarket.lt\/lt\/wp-json\/wp\/v2\/media?parent=207218"}],"wp:term":[{"taxonomy":"product_brand","embeddable":true,"href":"https:\/\/baldumarket.lt\/lt\/wp-json\/wp\/v2\/product_brand?post=207218"},{"taxonomy":"product_cat","embeddable":true,"href":"https:\/\/baldumarket.lt\/lt\/wp-json\/wp\/v2\/product_cat?post=207218"},{"taxonomy":"product_tag","embeddable":true,"href":"https:\/\/baldumarket.lt\/lt\/wp-json\/wp\/v2\/product_tag?post=207218"}],"curies":[{"name":"wp","href":"https:\/\/api.w.org\/{rel}","templated":true}]}}