{"id":207206,"date":"2025-12-25T22:51:44","date_gmt":"2025-12-25T19:51:44","guid":{"rendered":"https:\/\/baldumarket.lt\/?post_type=product&#038;p=207206"},"modified":"2026-02-03T23:18:48","modified_gmt":"2026-02-03T20:18:48","slug":"sofa-2-nils-etap-sofa-skora-l1","status":"publish","type":"product","link":"https:\/\/baldumarket.lt\/lt\/product\/sofa-2-nils-etap-sofa-skora-l1\/","title":{"rendered":"Sofa 2 Nils Etap Odin\u0117 Sofa L1"},"content":{"rendered":"<p>Dviviet\u0117 \u201eEtap Sofa\u201c sofa \u201eNils\u201c skirta tiems, kurie vertina patog\u0173 poils\u012f jaukioje erdv\u0117je. D\u0117l kompakti\u0161k\u0173 matmen\u0173 ji puikiai tinka ma\u017eiems butams, u\u017etikrinant visi\u0161k\u0105 komfort\u0105. Mink\u0161tos atlo\u0161o pagalv\u0117l\u0117s ir gili s\u0117dyn\u0117 skatina atsipalaidavim\u0105 po \u012ftemptos dienos, sukurdamos jauki\u0105 erdv\u0119 poilsiui.<br \/>\n\u201eNils\u201c modelis i\u0161siskiria klasikiniu dizainu, kuris i\u0161laiko savo nesenstant\u012f \u017eaves\u012f, nepaisant besikei\u010dian\u010di\u0173 tendencij\u0173. Kruop\u0161\u010diai suprojektuota forma ir auk\u0161tos kojel\u0117s suteikia sofai lengvumo poj\u016bt\u012f, o po apa\u010dia j\u0105 lengviau valyti. D\u0117l plataus audini\u0173 ir od\u0173 pasirinkimo kiekvienas vartotojas gali pritaikyti sofos i\u0161vaizd\u0105 pagal savo estetinius pageidavimus.<br \/>\nS\u0117dyn\u0117s konstrukcija paremta banguota spyruokle, didelio elastingumo putomis ir poliuretano putomis, kurios garantuoja optimal\u0173 atram\u0105 ir ilgalaik\u012f patvarum\u0105. Atlo\u0161as u\u017epildytas elastiniais dir\u017eeliais ir silikoniniu \u012fd\u0117klu, kuris prisitaiko prie nugaros formos, u\u017etikrindamas mink\u0161tum\u0105 ir komfort\u0105. Vis\u0105 bald\u0105 laiko tvirtos medin\u0117s kojel\u0117s, kurios yra keli\u0173 spalv\u0173. Vartotojai gali rinktis venge, sendintos vy\u0161nios, nat\u016bralaus buko, nat\u016bralaus \u0105\u017euolo, rie\u0161utmed\u017eio, sidabro arba juodos spalvos kojas. \u0160is platus pasirinkimas leid\u017eia tiksliai priderinti baldus prie interjero ir kit\u0173 bald\u0173 charakterio. Kiekviena versija i\u0161laiko t\u0105 pat\u012f d\u0117mes\u012f detal\u0117ms ir esteti\u0161k\u0105 pavir\u0161iaus apdail\u0105.<\/p>\n<p>\u201eNils\u201c sofa yra 144 cm plo\u010dio, 88 cm gylio ir 85 cm auk\u0161\u010dio, tod\u0117l puikiai tinka tiek svetainei, tiek sve\u010di\u0173 kambariui. S\u0117dyn\u0117s auk\u0161tis yra 46 cm, tod\u0117l u\u017etikrinama patogi s\u0117d\u0117jimo pad\u0117tis. \u0160is baldas kvie\u010dia kasdien atsipalaiduoti ir suteikia malon\u0173 akcent\u0105 bet kokiam interjero dizainui.<\/p>","protected":false},"excerpt":{"rendered":"<p>Dydis (cm):<br \/>\nPlotis: 144<br \/>\nGylis: 88<br \/>\n\u016agis: 85<br \/>\nS\u0117dyn\u0117s auk\u0161tis: 46<\/p>","protected":false},"featured_media":207214,"comment_status":"open","ping_status":"closed","template":"","meta":[],"product_brand":[],"product_cat":[9133],"product_tag":[],"class_list":{"0":"post-207206","1":"product","2":"type-product","3":"status-publish","4":"has-post-thumbnail","6":"product_cat-grouped","8":"first","9":"instock","10":"shipping-taxable","11":"purchasable","12":"product-type-variable","13":"wvs-archive-product-wrapper"},"_links":{"self":[{"href":"https:\/\/baldumarket.lt\/lt\/wp-json\/wp\/v2\/product\/207206","targetHints":{"allow":["GET"]}}],"collection":[{"href":"https:\/\/baldumarket.lt\/lt\/wp-json\/wp\/v2\/product"}],"about":[{"href":"https:\/\/baldumarket.lt\/lt\/wp-json\/wp\/v2\/types\/product"}],"replies":[{"embeddable":true,"href":"https:\/\/baldumarket.lt\/lt\/wp-json\/wp\/v2\/comments?post=207206"}],"wp:featuredmedia":[{"embeddable":true,"href":"https:\/\/baldumarket.lt\/lt\/wp-json\/wp\/v2\/media\/207214"}],"wp:attachment":[{"href":"https:\/\/baldumarket.lt\/lt\/wp-json\/wp\/v2\/media?parent=207206"}],"wp:term":[{"taxonomy":"product_brand","embeddable":true,"href":"https:\/\/baldumarket.lt\/lt\/wp-json\/wp\/v2\/product_brand?post=207206"},{"taxonomy":"product_cat","embeddable":true,"href":"https:\/\/baldumarket.lt\/lt\/wp-json\/wp\/v2\/product_cat?post=207206"},{"taxonomy":"product_tag","embeddable":true,"href":"https:\/\/baldumarket.lt\/lt\/wp-json\/wp\/v2\/product_tag?post=207206"}],"curies":[{"name":"wp","href":"https:\/\/api.w.org\/{rel}","templated":true}]}}