{"id":207172,"date":"2025-12-25T22:49:50","date_gmt":"2025-12-25T19:49:50","guid":{"rendered":"https:\/\/baldumarket.lt\/?post_type=product&#038;p=207172"},"modified":"2026-02-03T23:18:50","modified_gmt":"2026-02-03T20:18:50","slug":"naroznik-nesto-etap-sofa-gr1","status":"publish","type":"product","link":"https:\/\/baldumarket.lt\/lt\/product\/naroznik-nesto-etap-sofa-gr1\/","title":{"rendered":"Nesto Etap kampin\u0117 sofa Gr1"},"content":{"rendered":"<p>\u201eNesto\u201c kampin\u0117 sofa \u2013 tai modernus poilsio baldas, sukurtas maksimaliam kasdieniam komfortui. Trys mink\u0161tos atlo\u0161o pagalv\u0117l\u0117s suteikia puiki\u0105 nugaros atram\u0105 ir leid\u017eia patogiai \u012fsitaisyti. Lengvas dizainas ir auk\u0161tos, lieknos juodos kojel\u0117s suteikia jai subtil\u0173 charakter\u012f, kuris harmoningai dera prie \u0161iuolaikinio svetain\u0117s interjero.<\/p>\n<p>Kampin\u0117s sofos s\u0117dyn\u0117 pagaminta i\u0161 banguot\u0173 spyruokli\u0173 ir poliuretano put\u0173 derinio, tod\u0117l ji yra tvirta ir atspari deformacijai. Atlo\u0161as u\u017epildytas laisvomis pagalv\u0117l\u0117mis su silikoniniu \u012fd\u0117klu, u\u017etikrinan\u010diu mink\u0161tum\u0105 ir komfort\u0105 atsipalaidavimo metu. Baldo konstrukcija u\u017etikrina patvarum\u0105 ir i\u0161laiko savo pirmin\u0119 form\u0105 ilgus metus.<\/p>\n<p>\u201eNesto\u201c modelis si\u016blomas kair\u0117s arba de\u0161in\u0117s pus\u0117s (K\/D), tod\u0117l galite j\u012f pritaikyti pagal savo individualius dizaino poreikius. L formos dizainas leid\u017eia kampinei sofai gerai u\u017epildyti erdv\u0119 ir sukurti jauki\u0105 poilsio zon\u0105. D\u0117l savo universalumo ji puikiai atrodo tiek atskirai, tiek derinama su kitais tos pa\u010dios kolekcijos baldais. Papildomas \u0161ios kampin\u0117s sofos privalumas \u2013 erdvus patalyn\u0117s skyrius, kuriame galima laikyti antklodes ir pagalves. Ji taip pat turi DL miegojimo mechanizm\u0105, leid\u017eiant\u012f greitai ir patogiai pritaikyti miegojimo plot\u0105 iki 140 x 193 cm. D\u0117l to \u201eNesto\u201c kampin\u0117 sofa tinka naudoti tiek dien\u0105, tiek nakt\u012f, u\u017etikrinant patog\u0173 mieg\u0105.<\/p>\n<p>Visa konstrukcija stovi ant metalini\u0173 kojeli\u0173, kurios suteikia sofai stabilumo ir lengvumo, erdvumo poj\u016bt\u012f. Kampin\u0117s sofos plotis yra 226 cm, gylis 168 cm, auk\u0161tis 97 cm, o s\u0117dimosios dalies auk\u0161tis \u2013 46 cm. Modelis si\u016blomas su \u012fvairiais audiniais, tod\u0117l galite derinti spalv\u0173 gam\u0105 prie individuali\u0173 pageidavim\u0173 ir interjero stiliaus.<\/p>","protected":false},"excerpt":{"rendered":"<p>Dydis (cm):<br \/>\nPlotis: 226<br \/>\nGylis: 168<br \/>\n\u016agis: 97<br \/>\nS\u0117dyn\u0117s auk\u0161tis: 46<\/p>","protected":false},"featured_media":207202,"comment_status":"open","ping_status":"closed","template":"","meta":[],"product_brand":[],"product_cat":[9133],"product_tag":[],"class_list":{"0":"post-207172","1":"product","2":"type-product","3":"status-publish","4":"has-post-thumbnail","6":"product_cat-grouped","8":"first","9":"instock","10":"shipping-taxable","11":"purchasable","12":"product-type-variable","13":"wvs-archive-product-wrapper"},"_links":{"self":[{"href":"https:\/\/baldumarket.lt\/lt\/wp-json\/wp\/v2\/product\/207172","targetHints":{"allow":["GET"]}}],"collection":[{"href":"https:\/\/baldumarket.lt\/lt\/wp-json\/wp\/v2\/product"}],"about":[{"href":"https:\/\/baldumarket.lt\/lt\/wp-json\/wp\/v2\/types\/product"}],"replies":[{"embeddable":true,"href":"https:\/\/baldumarket.lt\/lt\/wp-json\/wp\/v2\/comments?post=207172"}],"wp:featuredmedia":[{"embeddable":true,"href":"https:\/\/baldumarket.lt\/lt\/wp-json\/wp\/v2\/media\/207202"}],"wp:attachment":[{"href":"https:\/\/baldumarket.lt\/lt\/wp-json\/wp\/v2\/media?parent=207172"}],"wp:term":[{"taxonomy":"product_brand","embeddable":true,"href":"https:\/\/baldumarket.lt\/lt\/wp-json\/wp\/v2\/product_brand?post=207172"},{"taxonomy":"product_cat","embeddable":true,"href":"https:\/\/baldumarket.lt\/lt\/wp-json\/wp\/v2\/product_cat?post=207172"},{"taxonomy":"product_tag","embeddable":true,"href":"https:\/\/baldumarket.lt\/lt\/wp-json\/wp\/v2\/product_tag?post=207172"}],"curies":[{"name":"wp","href":"https:\/\/api.w.org\/{rel}","templated":true}]}}