{"id":207143,"date":"2025-12-25T22:48:00","date_gmt":"2025-12-25T19:48:00","guid":{"rendered":"https:\/\/baldumarket.lt\/?post_type=product&#038;p=207143"},"modified":"2026-02-03T23:18:52","modified_gmt":"2026-02-03T20:18:52","slug":"nesto-sofa-3dl-etap-sofa-skora-l2","status":"publish","type":"product","link":"https:\/\/baldumarket.lt\/lt\/product\/nesto-sofa-3dl-etap-sofa-skora-l2\/","title":{"rendered":"Nesto Sofa 3DL Etap Sofa Leather L2"},"content":{"rendered":"<p>\u201eEtap Sofa\u201c gaminama \u201eNesto 3DL\u201c sofa \u2013 puikus pasirinkimas tiems, kurie vertina modernius dizaino sprendimus ir auk\u0161t\u0105 meistri\u0161kumo kokyb\u0119. Rafinuota i\u0161vaizda ir prabangus charakteris suteikia bet kokiam interjerui unikali\u0105 atmosfer\u0105, \u012fne\u0161damas rafinuoto komforto. \u0160is baldas puikiai atrodo tiek erdviose svetain\u0117se, tiek jaukiuose butuose.<br \/>\n\u201eNesto 3DL\u201c modelis buvo sukurtas galvojant apie kasdien\u012f komfort\u0105. Tur\u0117damas miegojimo funkcij\u0105 ir didel\u012f daiktad\u0117\u017e\u0119, jis gali b\u016bti naudojamas ir kaip sofa-lova, ir kaip patogi lova, kurios miegojimo plotas yra 140 x 194 cm. DL tipo atlo\u0161o mechanizmas garantuoja greit\u0105 ir lengv\u0105 pasiruo\u0161im\u0105 nakties miegui.<br \/>\nNaudotos med\u017eiagos u\u017etikrina didel\u012f patvarum\u0105 ir s\u0117d\u0117jimo komfort\u0105. S\u0117dyn\u0117 ir miegojimo pavir\u0161ius pagaminti i\u0161 vingiuot\u0173 spyruokli\u0173 ir poliuretano put\u0173, kurios suteikia tinkam\u0105 atram\u0105 ir mink\u0161tum\u0105. Atlo\u0161as pagamintas i\u0161 laisv\u0173 pagalv\u0117li\u0173, pripildyt\u0173 silikonini\u0173 \u012fd\u0117kl\u0173, kurie prisitaiko prie nugaros formos ir u\u017etikrina malon\u0173 atsipalaidavim\u0105 po ilgos dienos. Sofos konstrukcija remiasi \u012f juodas metalines kojeles, kurios suteikia lengvumo ir palengvina tvarkos palaikym\u0105 erdv\u0117je. Auk\u0161tos kojel\u0117s suteikia sofai modernumo ir rodo d\u0117mes\u012f detal\u0117ms. Sofa si\u016bloma su \u012fvairiais audiniais, tod\u0117l galite j\u0105 pritaikyti pagal savo individualius pageidavimus ir interjero dizain\u0105.<\/p>\n<p>Visa konstrukcija pasi\u017eymi tvirtu meistri\u0161kumu ir gerai apgalvotomis proporcijomis. \u201eNesto 3DL\u201c sofos plotis yra 225 cm, auk\u0161tis 97 cm, gylis 100 cm, o s\u0117dimosios dalies auk\u0161tis \u2013 46 cm. D\u0117l \u0161i\u0173 matmen\u0173 sofa u\u017etikrina komfort\u0105 tiek kasdieniam poilsiui, tiek nakties miegui, puikiai derindama modern\u0173 dizain\u0105 ir naudojimo paprastum\u0105.<\/p>","protected":false},"excerpt":{"rendered":"<p>Dydis (cm):<br \/>\nPlotis: 225<br \/>\nGylis: 100<br \/>\n\u016agis: 97<br \/>\nS\u0117dyn\u0117s auk\u0161tis: 46<\/p>","protected":false},"featured_media":207159,"comment_status":"open","ping_status":"closed","template":"","meta":[],"product_brand":[],"product_cat":[9133],"product_tag":[],"class_list":{"0":"post-207143","1":"product","2":"type-product","3":"status-publish","4":"has-post-thumbnail","6":"product_cat-grouped","8":"first","9":"instock","10":"shipping-taxable","11":"purchasable","12":"product-type-variable","13":"wvs-archive-product-wrapper"},"_links":{"self":[{"href":"https:\/\/baldumarket.lt\/lt\/wp-json\/wp\/v2\/product\/207143","targetHints":{"allow":["GET"]}}],"collection":[{"href":"https:\/\/baldumarket.lt\/lt\/wp-json\/wp\/v2\/product"}],"about":[{"href":"https:\/\/baldumarket.lt\/lt\/wp-json\/wp\/v2\/types\/product"}],"replies":[{"embeddable":true,"href":"https:\/\/baldumarket.lt\/lt\/wp-json\/wp\/v2\/comments?post=207143"}],"wp:featuredmedia":[{"embeddable":true,"href":"https:\/\/baldumarket.lt\/lt\/wp-json\/wp\/v2\/media\/207159"}],"wp:attachment":[{"href":"https:\/\/baldumarket.lt\/lt\/wp-json\/wp\/v2\/media?parent=207143"}],"wp:term":[{"taxonomy":"product_brand","embeddable":true,"href":"https:\/\/baldumarket.lt\/lt\/wp-json\/wp\/v2\/product_brand?post=207143"},{"taxonomy":"product_cat","embeddable":true,"href":"https:\/\/baldumarket.lt\/lt\/wp-json\/wp\/v2\/product_cat?post=207143"},{"taxonomy":"product_tag","embeddable":true,"href":"https:\/\/baldumarket.lt\/lt\/wp-json\/wp\/v2\/product_tag?post=207143"}],"curies":[{"name":"wp","href":"https:\/\/api.w.org\/{rel}","templated":true}]}}