{"id":207119,"date":"2025-12-25T22:46:36","date_gmt":"2025-12-25T19:46:36","guid":{"rendered":"https:\/\/baldumarket.lt\/?post_type=product&#038;p=207119"},"modified":"2026-02-03T23:18:53","modified_gmt":"2026-02-03T20:18:53","slug":"fotel-basic-etap-sofa-skora-l1","status":"publish","type":"product","link":"https:\/\/baldumarket.lt\/lt\/product\/fotel-basic-etap-sofa-skora-l1\/","title":{"rendered":"Bazin\u0117 Etap sofa-lova su odiniu foteliu L1"},"content":{"rendered":"<p>\u201eEtap Sofa\u201c \u201eBasic\u201c fotelis puikiai tinka ie\u0161kantiems i\u0161skirtinio baldo, kuris sustiprint\u0173 j\u0173 interjero charakter\u012f. Unikali forma paver\u010dia j\u012f puikiu svetain\u0117s, miegamojo, biuro ar sve\u010di\u0173 erdv\u0117s papildymu. Tai baldas, kuris pabr\u0117\u0161 dizain\u0105 ir suteiks rafinuotumo.<br \/>\nFotelio dizainas buvo kruop\u0161\u010diai apgalvotas. 82 cm plotis, 85 cm auk\u0161tis ir 91 cm gylis suteikia patogi\u0105 viet\u0105 atsipalaiduoti, o 44 cm koj\u0173 auk\u0161tis suteikia lengvumo ir erdvumo poj\u016bt\u012f. Auk\u0161tos metalin\u0117s kojel\u0117s leid\u017eia lengvai valyti po k\u0117de ir suteikia stabili\u0105 atram\u0105.<br \/>\nKomfort\u0105 u\u017etikrina s\u0117dyn\u0117, pagaminta i\u0161 banguot\u0173 spyruokli\u0173 ir didelio elastingumo put\u0173, kurios prisitaiko prie k\u016bno form\u0173. Atlo\u0161as, paremtas elastingais dir\u017eeliais ir poliuretano putomis, leid\u017eia ilgai atsipalaiduoti, i\u0161laikant savo form\u0105 daugel\u012f met\u0173. Siauri porankiai u\u017ebaigia dizain\u0105, suteikdami foteliui lengvumo ir modernumo.<br \/>\n\u201eBasic\u201c model\u012f galima pritaikyti pagal j\u016bs\u0173 pageidavimus d\u0117l plataus audini\u0173 ir od\u0173 pasirinkimo. Spalv\u0173 \u012fvairov\u0117 leid\u017eia j\u012f papildyti tiek klasikin\u012f, tiek modernesn\u012f interjer\u0105. Metalin\u0117s kojel\u0117s yra \u012fvairi\u0173 spalv\u0173, tod\u0117l jas lengva derinti prie likusio interjero.<\/p>\n<p>\u0160is baldas \u017eavi kruop\u0161\u010diu meistri\u0161kumu ir d\u0117mesiu detal\u0117ms. Novatori\u0161kas stilius, paprasta, kasdieni\u0161ka forma ir patvarios med\u017eiagos paver\u010dia \u201eEtap-Sofa\u201c \u201eBasic\u201c fotel\u012f ilgaam\u017eiu ir i\u0161skirtiniu bet kurio kambario papildymu.<\/p>","protected":false},"excerpt":{"rendered":"<p>Dydis (cm):<br \/>\nPlotis: 82<br \/>\nGylis: 91<br \/>\n\u016agis: 85<br \/>\nS\u0117dyn\u0117s auk\u0161tis: 44<\/p>","protected":false},"featured_media":207135,"comment_status":"open","ping_status":"closed","template":"","meta":[],"product_brand":[],"product_cat":[9133],"product_tag":[],"class_list":{"0":"post-207119","1":"product","2":"type-product","3":"status-publish","4":"has-post-thumbnail","6":"product_cat-grouped","8":"first","9":"instock","10":"shipping-taxable","11":"purchasable","12":"product-type-variable","13":"wvs-archive-product-wrapper"},"_links":{"self":[{"href":"https:\/\/baldumarket.lt\/lt\/wp-json\/wp\/v2\/product\/207119","targetHints":{"allow":["GET"]}}],"collection":[{"href":"https:\/\/baldumarket.lt\/lt\/wp-json\/wp\/v2\/product"}],"about":[{"href":"https:\/\/baldumarket.lt\/lt\/wp-json\/wp\/v2\/types\/product"}],"replies":[{"embeddable":true,"href":"https:\/\/baldumarket.lt\/lt\/wp-json\/wp\/v2\/comments?post=207119"}],"wp:featuredmedia":[{"embeddable":true,"href":"https:\/\/baldumarket.lt\/lt\/wp-json\/wp\/v2\/media\/207135"}],"wp:attachment":[{"href":"https:\/\/baldumarket.lt\/lt\/wp-json\/wp\/v2\/media?parent=207119"}],"wp:term":[{"taxonomy":"product_brand","embeddable":true,"href":"https:\/\/baldumarket.lt\/lt\/wp-json\/wp\/v2\/product_brand?post=207119"},{"taxonomy":"product_cat","embeddable":true,"href":"https:\/\/baldumarket.lt\/lt\/wp-json\/wp\/v2\/product_cat?post=207119"},{"taxonomy":"product_tag","embeddable":true,"href":"https:\/\/baldumarket.lt\/lt\/wp-json\/wp\/v2\/product_tag?post=207119"}],"curies":[{"name":"wp","href":"https:\/\/api.w.org\/{rel}","templated":true}]}}