{"id":207091,"date":"2025-12-25T22:45:11","date_gmt":"2025-12-25T19:45:11","guid":{"rendered":"https:\/\/baldumarket.lt\/?post_type=product&#038;p=207091"},"modified":"2026-02-03T23:18:56","modified_gmt":"2026-02-03T20:18:56","slug":"basic-sofa-2-etap-sofa-gr3","status":"publish","type":"product","link":"https:\/\/baldumarket.lt\/lt\/product\/basic-sofa-2-etap-sofa-gr3\/","title":{"rendered":"Dviej\u0173 pakop\u0173 paprasta sofa Gr3"},"content":{"rendered":"<p>\u201eBasic 2 Step\u201c sofa \u2013 puikus pasirinkimas vertinantiems modernius dizaino sprendimus. Jos forma buvo sukurta galvojant apie svetain\u0119, darbo kambar\u012f ar biur\u0105, kur ji gali tapti erdv\u0117s traukos centru. Apmu\u0161tas atlo\u0161as leid\u017eia lengvai pastatyti j\u0105 kambario viduryje, neprispausiant prie sienos.<\/p>\n<p>\u0160is modelis pasi\u017eymi auk\u0161tomis metalin\u0117mis kojel\u0117mis, kurios suteikia lengvumo poj\u016bt\u012f ir palengvina tvarkos palaikym\u0105. \u017demas atlo\u0161as suteikia subtilumo ir patogios atramos poilsiui. Dizainas pabr\u0117\u017eia atvir\u0105 \u0161iuolaikinio interjero charakter\u012f.<\/p>\n<p>S\u0117dyn\u0117s vidus pasi\u017eymi vingiuota spyruokle ir didelio elastingumo putomis, u\u017etikrinan\u010diomis komfort\u0105 kasdien naudojant. Atlo\u0161as pagamintas i\u0161 elastingo tinklo ir poliuretano put\u0173, kurios padeda ilgai i\u0161laikyti form\u0105. Kruop\u0161\u010diai parinktos med\u017eiagos u\u017etikrina visos konstrukcijos tvirtum\u0105 ir ilgaam\u017ei\u0161kum\u0105.<\/p>\n<p>\u201eBasic 2\u201c sof\u0105 galima \u012fsigyti i\u0161 plataus audini\u0173 ir od\u0173 pasirinkimo, tod\u0117l galite j\u0105 pritaikyti pagal savo individualius spalv\u0173 ir tekst\u016bros pageidavimus. Metalines kojeles taip pat galima derinti prie si\u016blom\u0173 spalv\u0173 schem\u0173, sukuriant darni\u0105 i\u0161vaizd\u0105 su kitais baldais. \u0160is sprendimas leid\u017eia sukurti unikal\u0173 interjero charakter\u012f.<\/p>\n<p>Tiksl\u016bs sofos matmenys yra 155 cm plo\u010dio, 85 cm auk\u0161\u010dio, 91 cm gylio, o s\u0117dimosios dalies auk\u0161tis \u2013 44 cm. Sofa skirta dviem \u017emon\u0117ms, tod\u0117l patogiai galima atsipalaiduoti \u012fvairiose erdv\u0117se. D\u0117l savo dizaino ir kruop\u0161taus meistri\u0161kumo \u201eBasic 2\u201c modelis i\u0161liks ilgaam\u017eiu pasirinkimu.<\/p>","protected":false},"excerpt":{"rendered":"<p>Dydis (cm):<br \/>\nPlotis: 155<br \/>\nGylis: 91<br \/>\n\u016agis: 85<br \/>\nS\u0117dyn\u0117s auk\u0161tis: 44<\/p>","protected":false},"featured_media":207111,"comment_status":"open","ping_status":"closed","template":"","meta":[],"product_brand":[],"product_cat":[9133],"product_tag":[],"class_list":{"0":"post-207091","1":"product","2":"type-product","3":"status-publish","4":"has-post-thumbnail","6":"product_cat-grouped","8":"first","9":"instock","10":"shipping-taxable","11":"purchasable","12":"product-type-variable","13":"wvs-archive-product-wrapper"},"_links":{"self":[{"href":"https:\/\/baldumarket.lt\/lt\/wp-json\/wp\/v2\/product\/207091","targetHints":{"allow":["GET"]}}],"collection":[{"href":"https:\/\/baldumarket.lt\/lt\/wp-json\/wp\/v2\/product"}],"about":[{"href":"https:\/\/baldumarket.lt\/lt\/wp-json\/wp\/v2\/types\/product"}],"replies":[{"embeddable":true,"href":"https:\/\/baldumarket.lt\/lt\/wp-json\/wp\/v2\/comments?post=207091"}],"wp:featuredmedia":[{"embeddable":true,"href":"https:\/\/baldumarket.lt\/lt\/wp-json\/wp\/v2\/media\/207111"}],"wp:attachment":[{"href":"https:\/\/baldumarket.lt\/lt\/wp-json\/wp\/v2\/media?parent=207091"}],"wp:term":[{"taxonomy":"product_brand","embeddable":true,"href":"https:\/\/baldumarket.lt\/lt\/wp-json\/wp\/v2\/product_brand?post=207091"},{"taxonomy":"product_cat","embeddable":true,"href":"https:\/\/baldumarket.lt\/lt\/wp-json\/wp\/v2\/product_cat?post=207091"},{"taxonomy":"product_tag","embeddable":true,"href":"https:\/\/baldumarket.lt\/lt\/wp-json\/wp\/v2\/product_tag?post=207091"}],"curies":[{"name":"wp","href":"https:\/\/api.w.org\/{rel}","templated":true}]}}