{"id":207074,"date":"2025-12-25T22:43:56","date_gmt":"2025-12-25T19:43:56","guid":{"rendered":"https:\/\/baldumarket.lt\/?post_type=product&#038;p=207074"},"modified":"2026-02-03T23:18:57","modified_gmt":"2026-02-03T20:18:57","slug":"basic-sofa-2-sk-etap-sofa-gr5","status":"publish","type":"product","link":"https:\/\/baldumarket.lt\/lt\/product\/basic-sofa-2-sk-etap-sofa-gr5\/","title":{"rendered":"Sofa-lova \u201eBasic Sofa 2 SK Etap Sofa Gr5\u201c"},"content":{"rendered":"<p>\u201eEtap Sofa\u201c \u201eBasic 2 SK\u201c sofa sukurta moderniam interjerui, vertinan\u010diam i\u0161skirtin\u012f charakter\u012f ir rafinuotas detales. Jos konstrukcija paremta auk\u0161tomis metalin\u0117mis kojel\u0117mis, suteikian\u010diomis sofai lengvumo, erdvumo i\u0161vaizd\u0105 ir leid\u017eian\u010di\u0105 j\u0105 lengvai pastatyti kambario centre. Apmu\u0161tas atlo\u0161as pabr\u0117\u017eia kruop\u0161t\u0173 meistri\u0161kum\u0105, suteikdamas sofai \u012fsp\u016bding\u0105 i\u0161vaizd\u0105 i\u0161 bet kurio kampo.<\/p>\n<p>\u0160is modelis u\u017etikrina komfort\u0105 d\u0117l zigzago formos spyruoklin\u0117s s\u0117dyn\u0117s ir didelio elastingumo put\u0173, kurios kartu sukuria stabil\u0173 ir mink\u0161t\u0105 s\u0117d\u0117jimo pavir\u0161i\u0173. Atlo\u0161as su elastiniais dir\u017eeliais yra u\u017epildytas poliuretano putomis, u\u017etikrinan\u010diomis tinkam\u0105 nugaros atram\u0105 atsipalaidavus. \u0160i konstrukcija u\u017etikrina, kad sofa daugel\u012f met\u0173 i\u0161laikyt\u0173 savo form\u0105.<\/p>\n<p>Sofos matmenys buvo tiksliai pritaikyti prie naudotoj\u0173 poreiki\u0173. Jos plotis yra 155 cm, auk\u0161tis 85 cm ir gylis 91 cm, tod\u0117l j\u0105 galima i\u0161d\u0117styti \u012fvairiai. 44 cm s\u0117dyn\u0117s auk\u0161tis leid\u017eia lengvai atsistoti ir u\u017etikrina patogi\u0105 s\u0117d\u0117jimo pad\u0117t\u012f. Tai dvivietis variantas, neu\u017eimantis daug vietos. Papildoma ypatyb\u0117 \u2013 stal\u010diaus formos patalyn\u0117s skyrius, kuriame galima laikyti b\u016btiniausius tekstil\u0117s gaminius. \u0160is sprendimas padidina baldo prakti\u0161kum\u0105 nepakenkiant jo harmoningai i\u0161vaizdai. Stal\u010dius yra lengvai pasiekiamas, tod\u0117l kasdienis sofos naudojimas yra itin patogus.<\/p>\n<p>\u201eBasic 2 SK\u201c sofa si\u016blo plat\u0173 apmu\u0161al\u0173 pasirinkim\u0105, \u012fskaitant plat\u0173 audini\u0173 ir od\u0173 pasirinkim\u0105, taip pat \u012fvairias metalini\u0173 koj\u0173 spalvas. Tai leid\u017eia j\u0105 pritaikyti prie individuali\u0173 pageidavim\u0173 ir j\u016bs\u0173 interjero spalv\u0173 gamos. \u0160is dizainas apjungia modernius dizaino sprendimus su d\u0117mesiu kiekvienai detalei.<\/p>","protected":false},"excerpt":{"rendered":"<p>Dydis (cm):<br \/>\nPlotis: 155<br \/>\nGylis: 91<br \/>\n\u016agis: 85<br \/>\nS\u0117dyn\u0117s auk\u0161tis: 44<\/p>","protected":false},"featured_media":207098,"comment_status":"open","ping_status":"closed","template":"","meta":[],"product_brand":[],"product_cat":[9133],"product_tag":[],"class_list":{"0":"post-207074","1":"product","2":"type-product","3":"status-publish","4":"has-post-thumbnail","6":"product_cat-grouped","8":"first","9":"instock","10":"shipping-taxable","11":"purchasable","12":"product-type-variable","13":"wvs-archive-product-wrapper"},"_links":{"self":[{"href":"https:\/\/baldumarket.lt\/lt\/wp-json\/wp\/v2\/product\/207074","targetHints":{"allow":["GET"]}}],"collection":[{"href":"https:\/\/baldumarket.lt\/lt\/wp-json\/wp\/v2\/product"}],"about":[{"href":"https:\/\/baldumarket.lt\/lt\/wp-json\/wp\/v2\/types\/product"}],"replies":[{"embeddable":true,"href":"https:\/\/baldumarket.lt\/lt\/wp-json\/wp\/v2\/comments?post=207074"}],"wp:featuredmedia":[{"embeddable":true,"href":"https:\/\/baldumarket.lt\/lt\/wp-json\/wp\/v2\/media\/207098"}],"wp:attachment":[{"href":"https:\/\/baldumarket.lt\/lt\/wp-json\/wp\/v2\/media?parent=207074"}],"wp:term":[{"taxonomy":"product_brand","embeddable":true,"href":"https:\/\/baldumarket.lt\/lt\/wp-json\/wp\/v2\/product_brand?post=207074"},{"taxonomy":"product_cat","embeddable":true,"href":"https:\/\/baldumarket.lt\/lt\/wp-json\/wp\/v2\/product_cat?post=207074"},{"taxonomy":"product_tag","embeddable":true,"href":"https:\/\/baldumarket.lt\/lt\/wp-json\/wp\/v2\/product_tag?post=207074"}],"curies":[{"name":"wp","href":"https:\/\/api.w.org\/{rel}","templated":true}]}}