{"id":207043,"date":"2025-12-25T22:41:57","date_gmt":"2025-12-25T19:41:57","guid":{"rendered":"https:\/\/baldumarket.lt\/?post_type=product&#038;p=207043"},"modified":"2026-02-03T23:18:59","modified_gmt":"2026-02-03T20:18:59","slug":"basic-sofa-3f-etap-sofa-gr1","status":"publish","type":"product","link":"https:\/\/baldumarket.lt\/lt\/product\/basic-sofa-3f-etap-sofa-gr1\/","title":{"rendered":"Pagrindin\u0117 sofa 3F Etap Sofa Gr1"},"content":{"rendered":"<p>\u201eEtap Sofa\u201c \u201eBasic 3F\u201c sofa sukurta tiems, kurie vertina modernius interjero dizaino sprendimus. Jos novatori\u0161kas stilius ir paprasta, erdvi forma suteikia bet kokiam kambariui gaivumo. Auk\u0161tos metalin\u0117s kojel\u0117s pabr\u0117\u017eia geometrines baldo linijas ir suteikia jam vizualiai erdvumo.<br \/>\n\u201eBasic\u201c modelis si\u016blo patogi\u0105 s\u0117d\u0117jimo viet\u0105 dien\u0105 ir gali b\u016bti naudojamas kaip lova vakare. I\u0161skleid\u017eiamas miegojimo pavir\u0161ius yra 190 x 125 cm, tod\u0117l jame gali patogiai atsipalaiduoti vienas ar du \u017emon\u0117s. D\u0117l to sofa tinka tiek erdvioms svetain\u0117ms, tiek sve\u010di\u0173 kambariams.<br \/>\nS\u0117dyn\u0117s konstrukcija buvo sukurta atsi\u017evelgiant \u012f patvarum\u0105 ir patogum\u0105. Banguota spyruokl\u0117 ir didelio elastingumo putplastis u\u017etikrina tinkam\u0105 atram\u0105 ir mink\u0161tum\u0105. Atlo\u0161as pagamintas i\u0161 elastini\u0173 juost\u0173 ir poliuretano put\u0173, u\u017etikrinan\u010di\u0173 stabilum\u0105 ir komfort\u0105 kasdienio naudojimo metu.<br \/>\nSofos matmenys yra 219 cm plo\u010dio, 85 cm auk\u0161\u010dio ir 91 cm gylio, o s\u0117dimosios dalies auk\u0161tis \u2013 44 cm. \u0160ios proporcijos leid\u017eia lanks\u010diai valdyti erdv\u0119 ir prisitaikyti prie \u012fvairi\u0173 tip\u0173 kambari\u0173. Metalin\u0117s kojel\u0117s yra \u012fvairi\u0173 spalv\u0173, tod\u0117l galite pritaikyti detales pagal savo individualius pageidavimus.<\/p>\n<p>\u201eBasic 3F\u201c sofa taip pat si\u016blo plat\u0173 audini\u0173 ir od\u0173 pasirinkim\u0105, leid\u017eiant\u012f priderinti apmu\u0161al\u0173 spalv\u0105 ir tekst\u016br\u0105 prie j\u016bs\u0173 interjero charakterio. Kruop\u0161\u010diai atrinktos med\u017eiagos ir tvirta meistri\u0161kumo kokyb\u0117 pabr\u0117\u017eia auk\u0161t\u0105 \u0161io gaminio kokyb\u0119. Tai gaminys, kuriame dera \u0161iuolaikinio dizaino estetika su kasdienio poilsio komfortu.<\/p>","protected":false},"excerpt":{"rendered":"<p>Dydis (cm):<br \/>\nPlotis: 219<br \/>\nGylis: 91<br \/>\n\u016agis: 85<br \/>\nS\u0117dyn\u0117s auk\u0161tis: 44<\/p>","protected":false},"featured_media":207077,"comment_status":"open","ping_status":"closed","template":"","meta":[],"product_brand":[],"product_cat":[9133],"product_tag":[],"class_list":{"0":"post-207043","1":"product","2":"type-product","3":"status-publish","4":"has-post-thumbnail","6":"product_cat-grouped","8":"first","9":"instock","10":"shipping-taxable","11":"purchasable","12":"product-type-variable","13":"wvs-archive-product-wrapper"},"_links":{"self":[{"href":"https:\/\/baldumarket.lt\/lt\/wp-json\/wp\/v2\/product\/207043","targetHints":{"allow":["GET"]}}],"collection":[{"href":"https:\/\/baldumarket.lt\/lt\/wp-json\/wp\/v2\/product"}],"about":[{"href":"https:\/\/baldumarket.lt\/lt\/wp-json\/wp\/v2\/types\/product"}],"replies":[{"embeddable":true,"href":"https:\/\/baldumarket.lt\/lt\/wp-json\/wp\/v2\/comments?post=207043"}],"wp:featuredmedia":[{"embeddable":true,"href":"https:\/\/baldumarket.lt\/lt\/wp-json\/wp\/v2\/media\/207077"}],"wp:attachment":[{"href":"https:\/\/baldumarket.lt\/lt\/wp-json\/wp\/v2\/media?parent=207043"}],"wp:term":[{"taxonomy":"product_brand","embeddable":true,"href":"https:\/\/baldumarket.lt\/lt\/wp-json\/wp\/v2\/product_brand?post=207043"},{"taxonomy":"product_cat","embeddable":true,"href":"https:\/\/baldumarket.lt\/lt\/wp-json\/wp\/v2\/product_cat?post=207043"},{"taxonomy":"product_tag","embeddable":true,"href":"https:\/\/baldumarket.lt\/lt\/wp-json\/wp\/v2\/product_tag?post=207043"}],"curies":[{"name":"wp","href":"https:\/\/api.w.org\/{rel}","templated":true}]}}