{"id":207032,"date":"2025-12-25T22:41:16","date_gmt":"2025-12-25T19:41:16","guid":{"rendered":"https:\/\/baldumarket.lt\/?post_type=product&#038;p=207032"},"modified":"2026-02-03T23:19:00","modified_gmt":"2026-02-03T20:19:00","slug":"naroznik-basic-25f-rec-bk-etap-sofa-gr5","status":"publish","type":"product","link":"https:\/\/baldumarket.lt\/lt\/product\/naroznik-basic-25f-rec-bk-etap-sofa-gr5\/","title":{"rendered":"Kampin\u0117 sofa Basic 2.5F-REC\/BK Etap Sofa Gr5"},"content":{"rendered":"<p>\u201eEtap Sofa\u201c \u201eBasic\u201c kampin\u0117 sofa su miegojimo funkcija \u2013 tai sprendimas, kuris papildys modern\u0173 interjer\u0105 i\u0161skirtiniu poilsio elementu. Rafinuotos linijos ir kruop\u0161ti apdaila suteikia baldui solidumo, pabr\u0117\u017eiant erdv\u0117s charakter\u012f. L formos modelis suteikia galimyb\u0119 rinktis i\u0161 kair\u0117s arba de\u0161in\u0117s (K\/D) pusi\u0173, tod\u0117l j\u012f galima pritaikyti \u012fvairiems kambario i\u0161planavimams.<br \/>\nKampin\u0117 sofa pagaminta i\u0161 auk\u0161tos kokyb\u0117s med\u017eiag\u0173. S\u0117dyn\u0117 pagaminta i\u0161 didelio elastingumo putplas\u010dio ir vingiuot\u0173 spyruokli\u0173, u\u017etikrinan\u010di\u0173 tinkam\u0105 atram\u0105 ir komfort\u0105 kasdienio naudojimo metu. Atlo\u0161as pagamintas i\u0161 elastin\u0117s juostos ir poliuretano put\u0173, tod\u0117l yra mink\u0161tas, ta\u010diau atsparus deformacijai.<br \/>\n\u0160is modelis si\u016blo i\u0161lankstom\u0105 miegojimo funkcij\u0105, kurios pavir\u0161iaus plotas yra 125 x 200 cm, tod\u0117l patogu i\u0161simiegoti nakt\u012f. \u012emontuotas patalyn\u0117s skyrius palengvina papildom\u0173 tekstil\u0117s gamini\u0173 laikym\u0105, o i\u0161lankstymo sistema yra intuityvi naudoti. Auk\u0161tos metalin\u0117s kojel\u0117s suteikia konstrukcijai vizualinio lengvumo ir leid\u017eia lengvai valyti po sofa. Kampin\u0117s sofos matmenys skirti erdvioms ir vidutinio dyd\u017eio svetain\u0117ms. Jos plotis \u2013 232 cm, auk\u0161tis \u2013 85 cm, o ilgis \u2013 165 cm, tod\u0117l joje gali patogiai s\u0117d\u0117ti ir stov\u0117ti keli \u017emon\u0117s. 44 cm s\u0117dyn\u0117s auk\u0161tis leid\u017eia patogiai s\u0117d\u0117ti ir stov\u0117ti, o tai patiks tiek jauniems, tiek vyresniems vartotojams.<\/p>\n<p>\u201eBasic\u201c kampin\u0117 sofa si\u016bloma i\u0161 plataus audini\u0173 ir od\u0173 asortimento, tod\u0117l puikiai dera prie j\u016bs\u0173 interjero stiliaus. Metalin\u0117s kojel\u0117s yra \u012fvairi\u0173 spalv\u0173, kurios dera su \u012fvairiomis apmu\u0161al\u0173 spalvomis. 2.5F-REC\/BK konfig\u016bracija pabr\u0117\u017eia gerai apgalvot\u0105 dizain\u0105, derindama estetin\u012f patrauklum\u0105 su auk\u0161tos kokyb\u0117s meistri\u0161kumu, b\u016bdingu \u201eEtap-Sofa\u201c prek\u0117s \u017eenklui.<\/p>","protected":false},"excerpt":{"rendered":"<p>Dydis (cm):<br \/>\nPlotis: 232<br \/>\nGylis: 165<br \/>\n\u016agis: 85<br \/>\nS\u0117dyn\u0117s auk\u0161tis: 44<\/p>","protected":false},"featured_media":207054,"comment_status":"open","ping_status":"closed","template":"","meta":[],"product_brand":[],"product_cat":[9133],"product_tag":[],"class_list":{"0":"post-207032","1":"product","2":"type-product","3":"status-publish","4":"has-post-thumbnail","6":"product_cat-grouped","8":"first","9":"instock","10":"shipping-taxable","11":"purchasable","12":"product-type-variable","13":"wvs-archive-product-wrapper"},"_links":{"self":[{"href":"https:\/\/baldumarket.lt\/lt\/wp-json\/wp\/v2\/product\/207032","targetHints":{"allow":["GET"]}}],"collection":[{"href":"https:\/\/baldumarket.lt\/lt\/wp-json\/wp\/v2\/product"}],"about":[{"href":"https:\/\/baldumarket.lt\/lt\/wp-json\/wp\/v2\/types\/product"}],"replies":[{"embeddable":true,"href":"https:\/\/baldumarket.lt\/lt\/wp-json\/wp\/v2\/comments?post=207032"}],"wp:featuredmedia":[{"embeddable":true,"href":"https:\/\/baldumarket.lt\/lt\/wp-json\/wp\/v2\/media\/207054"}],"wp:attachment":[{"href":"https:\/\/baldumarket.lt\/lt\/wp-json\/wp\/v2\/media?parent=207032"}],"wp:term":[{"taxonomy":"product_brand","embeddable":true,"href":"https:\/\/baldumarket.lt\/lt\/wp-json\/wp\/v2\/product_brand?post=207032"},{"taxonomy":"product_cat","embeddable":true,"href":"https:\/\/baldumarket.lt\/lt\/wp-json\/wp\/v2\/product_cat?post=207032"},{"taxonomy":"product_tag","embeddable":true,"href":"https:\/\/baldumarket.lt\/lt\/wp-json\/wp\/v2\/product_tag?post=207032"}],"curies":[{"name":"wp","href":"https:\/\/api.w.org\/{rel}","templated":true}]}}