{"id":206989,"date":"2025-12-25T22:39:03","date_gmt":"2025-12-25T19:39:03","guid":{"rendered":"https:\/\/baldumarket.lt\/?post_type=product&#038;p=206989"},"modified":"2026-02-03T23:19:02","modified_gmt":"2026-02-03T20:19:02","slug":"naroznik-ciri-etap-sofa-gr1","status":"publish","type":"product","link":"https:\/\/baldumarket.lt\/lt\/product\/naroznik-ciri-etap-sofa-gr1\/","title":{"rendered":"Ciri Etap kampin\u0117 sofa Gr1"},"content":{"rendered":"<p>\u201eCiri Etap\u201c kampin\u0117 sofa \u2013 tai erdvus, L formos baldas, kur\u012f galima pasirinkti i\u0161 \u012fvairi\u0173 orientacij\u0173, kad atitikt\u0173 j\u016bs\u0173 interjero dizaino poreikius. Gamintojas si\u016blo plat\u0173 spalv\u0173 pasirinkim\u0105 konfig\u016bratoriuje, tod\u0117l galite j\u012f priderinti prie \u012fvairi\u0173 interjero koncepcij\u0173. Kompakti\u0161kas dizainas be matom\u0173 kojeli\u0173 suteikia dar stabilumo poj\u016bt\u012f.<\/p>\n<p>Konstrukcijos plotis yra 266 cm, auk\u0161tis 92 cm, o gylis \u2013 167 cm, tod\u0117l joje yra daug erdv\u0117s atsipalaiduoti. S\u0117dyn\u0117 yra 41 cm auk\u0161\u010dio ir 65 cm gylio, tod\u0117l patogu atsipalaiduoti tiek s\u0117dint, tiek gulint. Viduje panaudotos A tipo banguotos spyruokl\u0117s ir didelio elastingumo poliuretano putos, u\u017etikrinan\u010dios tinkam\u0105 atram\u0105 ir ilgaam\u017ei\u0161kum\u0105.<\/p>\n<p>Komplekt\u0105 sudaro penkios 65 x 65 cm dyd\u017eio atlo\u0161o pagalv\u0117l\u0117s, kiekviena u\u017epildyta silikonu praturtintu poliuretano putplas\u010diu. Mink\u0161tos, ta\u010diau elastingos pagalv\u0117l\u0117s padidina komfort\u0105 ir suteikia i\u0161skirtin\u012f vizualin\u012f akcent\u0105. Baldo atlo\u0161as yra paremtas tomis pa\u010diomis putomis, u\u017etikrinan\u010diomis vientis\u0105 s\u0117d\u0117jimo patirt\u012f. \u0160is modelis neturi miegojimo funkcijos, tod\u0117l jis tarnauja tik kaip erdvi s\u0117dyn\u0117, skirta poilsiui dienos metu.<\/p>\n<p>Renkantis kam\u0161alu dengt\u0105 audin\u012f, pavyzd\u017eiui, \u201eCarabu\u201c, verta atkreipti d\u0117mes\u012f \u012f nedidel\u012f med\u017eiagos bangavim\u0105 atlo\u0161e ir kituose apvaliuose elementuose. Tai nat\u016brali \u0161io tipo apmu\u0161al\u0173 savyb\u0117, pabr\u0117\u017eianti unikal\u0173 charakter\u012f. \u0160is \u201eCiri Etap Sofa\u201c kampin\u0117s sofos dizainas sukuria patog\u0173 poilsio centr\u0105, derindamas tvirt\u0105 konstrukcij\u0105 su rafinuota apdaila.<\/p>","protected":false},"excerpt":{"rendered":"<p>Dydis (cm):<br \/>\nPlotis: 266<br \/>\nGylis: 167<br \/>\n\u016agis: 92<\/p>","protected":false},"featured_media":207019,"comment_status":"open","ping_status":"closed","template":"","meta":[],"product_brand":[],"product_cat":[9133],"product_tag":[],"class_list":{"0":"post-206989","1":"product","2":"type-product","3":"status-publish","4":"has-post-thumbnail","6":"product_cat-grouped","8":"first","9":"instock","10":"shipping-taxable","11":"purchasable","12":"product-type-variable","13":"wvs-archive-product-wrapper"},"_links":{"self":[{"href":"https:\/\/baldumarket.lt\/lt\/wp-json\/wp\/v2\/product\/206989","targetHints":{"allow":["GET"]}}],"collection":[{"href":"https:\/\/baldumarket.lt\/lt\/wp-json\/wp\/v2\/product"}],"about":[{"href":"https:\/\/baldumarket.lt\/lt\/wp-json\/wp\/v2\/types\/product"}],"replies":[{"embeddable":true,"href":"https:\/\/baldumarket.lt\/lt\/wp-json\/wp\/v2\/comments?post=206989"}],"wp:featuredmedia":[{"embeddable":true,"href":"https:\/\/baldumarket.lt\/lt\/wp-json\/wp\/v2\/media\/207019"}],"wp:attachment":[{"href":"https:\/\/baldumarket.lt\/lt\/wp-json\/wp\/v2\/media?parent=206989"}],"wp:term":[{"taxonomy":"product_brand","embeddable":true,"href":"https:\/\/baldumarket.lt\/lt\/wp-json\/wp\/v2\/product_brand?post=206989"},{"taxonomy":"product_cat","embeddable":true,"href":"https:\/\/baldumarket.lt\/lt\/wp-json\/wp\/v2\/product_cat?post=206989"},{"taxonomy":"product_tag","embeddable":true,"href":"https:\/\/baldumarket.lt\/lt\/wp-json\/wp\/v2\/product_tag?post=206989"}],"curies":[{"name":"wp","href":"https:\/\/api.w.org\/{rel}","templated":true}]}}