{"id":206953,"date":"2025-12-25T22:37:13","date_gmt":"2025-12-25T19:37:13","guid":{"rendered":"https:\/\/baldumarket.lt\/?post_type=product&#038;p=206953"},"modified":"2026-02-03T23:19:05","modified_gmt":"2026-02-03T20:19:05","slug":"naroznik-alika-1ht_bk_skrzynka-e-25f-l-p-polka-etap-sofa-skora-l1","status":"publish","type":"product","link":"https:\/\/baldumarket.lt\/lt\/product\/naroznik-alika-1ht_bk_skrzynka-e-25f-l-p-polka-etap-sofa-skora-l1\/","title":{"rendered":"Alika kampin\u0117 sofa 1HT_BK_box-E-2.5FK\/D lentyna Etap Sofa L1 odin\u0117"},"content":{"rendered":"<p>\u201eEtap Sofa\u201c kampin\u0117 sofa \u201eAlika 1HT_BK_skrzynka-E-2.5F\u201c \u2013 tai modulin\u0117s kolekcijos poilsio kambario baldas. Jos dizainas leid\u017eia j\u0105 pritaikyti tiek kairiarankiams, tiek de\u0161iniarankiams, tod\u0117l j\u0105 galima pritaikyti prie interjero dizaino. Delfino stiliaus miegojimo mechanizmas suteikia patog\u0173 210 x 138 cm dyd\u017eio miegam\u0105j\u012f plot\u0105 ir papildom\u0105 daiktad\u0117\u017e\u0119.<\/p>\n<p>Komplekt\u0105 sudaro kairin\u0117 arba de\u0161inin\u0117 1HT BK sekcija su daiktad\u0117\u017ee ir d\u0117\u017ee su medine lentyna, E formos kampin\u0117 sekcija ir kairin\u0117 arba de\u0161inin\u0117 2.5F sekcija su QF lentyna atlo\u0161e. Visas i\u0161d\u0117stymas sukuria L formos i\u0161d\u0117stym\u0105, kuris leid\u017eia lanks\u010diai i\u0161naudoti erdv\u0119. Medin\u0117s lentynos ir d\u0117\u017e\u0117s gali b\u016bti alyvuotos arba nat\u016bralaus (lakuoto) uosio medienos.<\/p>\n<p>Kampin\u0117 sofa yra 260 cm plo\u010dio, 90 cm auk\u0161\u010dio ir 204 cm gylio, tod\u0117l tinka didesn\u0117ms svetain\u0117ms. 46 cm s\u0117dyn\u0117s auk\u0161tis ir 53 cm s\u0117dyn\u0117s gylis u\u017etikrina patog\u0173 poils\u012f, o erdvus miego pavir\u0161ius leid\u017eia ramiai i\u0161simiegoti. Bald\u0173 proporcijos buvo suprojektuotos atsi\u017evelgiant \u012f stabilum\u0105 ir estetik\u0105.<br \/>\nS\u0117dyn\u0117s u\u017epildytos A formos spyruokl\u0117mis ir didelio elastingumo putomis, kurios u\u017etikrina tinkam\u0105 atram\u0105. Atlo\u0161uose yra laisvos pagalv\u0117l\u0117s, pripildytos silikono pluo\u0161to, kuris prisitaiko prie j\u016bs\u0173 k\u016bno. Toks med\u017eiag\u0173 pasirinkimas u\u017etikrina ilgalaik\u012f formos i\u0161laikym\u0105 ir komfort\u0105.<\/p>\n<p>Platus konfig\u016bratorius leid\u017eia individualiai pritaikyti apmu\u0161alus. Rinkit\u0117s i\u0161 daugyb\u0117s audini\u0173 ir od\u0173 su skirtingomis tekst\u016bromis, spalvomis ir savyb\u0117mis, kad tiksliai priderintum\u0117te baldus prie planuojamo i\u0161d\u0117stymo. \u201eAlika\u201c kampin\u0117 sofa derina patog\u0173 poils\u012f su pla\u010diomis pritaikymo galimyb\u0117mis, patenkindama j\u016bs\u0173 estetikos ir technini\u0173 parametr\u0173 reikalavimus.<\/p>","protected":false},"excerpt":{"rendered":"<p>Dydis (cm):<br \/>\nPlotis: 260<br \/>\nGylis: 204<br \/>\nAuk\u0161tis: 90<br \/>\nS\u0117dyn\u0117s auk\u0161tis: 46<br \/>\nS\u0117dyn\u0117s gylis: 53<\/p>","protected":false},"featured_media":206967,"comment_status":"open","ping_status":"closed","template":"","meta":[],"product_brand":[],"product_cat":[9133],"product_tag":[],"class_list":{"0":"post-206953","1":"product","2":"type-product","3":"status-publish","4":"has-post-thumbnail","6":"product_cat-grouped","8":"first","9":"instock","10":"shipping-taxable","11":"purchasable","12":"product-type-variable","13":"wvs-archive-product-wrapper"},"_links":{"self":[{"href":"https:\/\/baldumarket.lt\/lt\/wp-json\/wp\/v2\/product\/206953","targetHints":{"allow":["GET"]}}],"collection":[{"href":"https:\/\/baldumarket.lt\/lt\/wp-json\/wp\/v2\/product"}],"about":[{"href":"https:\/\/baldumarket.lt\/lt\/wp-json\/wp\/v2\/types\/product"}],"replies":[{"embeddable":true,"href":"https:\/\/baldumarket.lt\/lt\/wp-json\/wp\/v2\/comments?post=206953"}],"wp:featuredmedia":[{"embeddable":true,"href":"https:\/\/baldumarket.lt\/lt\/wp-json\/wp\/v2\/media\/206967"}],"wp:attachment":[{"href":"https:\/\/baldumarket.lt\/lt\/wp-json\/wp\/v2\/media?parent=206953"}],"wp:term":[{"taxonomy":"product_brand","embeddable":true,"href":"https:\/\/baldumarket.lt\/lt\/wp-json\/wp\/v2\/product_brand?post=206953"},{"taxonomy":"product_cat","embeddable":true,"href":"https:\/\/baldumarket.lt\/lt\/wp-json\/wp\/v2\/product_cat?post=206953"},{"taxonomy":"product_tag","embeddable":true,"href":"https:\/\/baldumarket.lt\/lt\/wp-json\/wp\/v2\/product_tag?post=206953"}],"curies":[{"name":"wp","href":"https:\/\/api.w.org\/{rel}","templated":true}]}}