{"id":206918,"date":"2025-12-25T22:35:49","date_gmt":"2025-12-25T19:35:49","guid":{"rendered":"https:\/\/baldumarket.lt\/?post_type=product&#038;p=206918"},"modified":"2026-02-03T23:19:06","modified_gmt":"2026-02-03T20:19:06","slug":"naroznik-alika-1ht-bk-skrzynka-e-ladowarka-25-bk-e-25f-etap-sofa-gr2","status":"publish","type":"product","link":"https:\/\/baldumarket.lt\/lt\/product\/naroznik-alika-1ht-bk-skrzynka-e-ladowarka-25-bk-e-25f-etap-sofa-gr2\/","title":{"rendered":"Alika kampin\u0117 sofa 1HT\/BK\/Box-E\/Charger-2.5\/BK-E-2.5F Etap sofa Gr2"},"content":{"rendered":"<p>\u201eEtap Sofa\u201c kampin\u0117 sofa \u201eAlika 1HT\/BK\/Box-E\/Charger-2.5\/BK-E-2.5F\u201c \u2013 tai erdvi, U formos poilsio sofa, kuri\u0105 galima rinktis kair\u0117s arba de\u0161in\u0117s pus\u0117s. Ji turi delfino formos miegojimo mechanizm\u0105, u\u017etikrinant\u012f 210 x 138 cm miegojimo plot\u0105, ir patalyn\u0117s skyri\u0173, pasl\u0117pt\u0105 viename i\u0161 segment\u0173. Bendras dizainas pasi\u017eymi harmoninga forma, kiekvienas modulis atlieka specifin\u012f vaidmen\u012f.<\/p>\n<p>Visos kampin\u0117s sofos plotis yra 335 cm, auk\u0161tis 90 cm, o gylis \u2013 260 cm, tod\u0117l ji idealiai tinka erdvioms svetain\u0117ms. S\u0117dyn\u0117s auk\u0161tis \u2013 46 cm, o gylis \u2013 53 cm, tod\u0117l u\u017etikrinamas komfortas kasdienio poilsio metu. Proporcijos leid\u017eia lengvai naudoti kiekvien\u0105 modul\u012f neprarandant komforto.<\/p>\n<p>S\u0117dyn\u0117s u\u017epildytos A tipo banguotomis spyruokl\u0117mis ir didelio elastingumo putomis, o atlo\u0161uose \u2013 laisvos silikonu u\u017epildytos pagalv\u0117l\u0117s. D\u0117l \u0161ios konstrukcijos kampin\u0117 sofa i\u0161laiko savo elastingum\u0105 ir mink\u0161tum\u0105, kartu i\u0161likdama atspari deformacijai. Individual\u016bs moduliai yra sukurti atsi\u017evelgiant \u012f ilgalaik\u012f naudojim\u0105. Klientai gali rinktis i\u0161 daugyb\u0117s apmu\u0161al\u0173 audini\u0173 ir od\u0173 su skirtingomis tekst\u016bromis, spalvomis ir savyb\u0117mis, tod\u0117l juos galima pritaikyti prie individuali\u0173 poreiki\u0173. Kojel\u0117s ir medin\u0117s lentynos taip pat gali b\u016bti alyvuotos uosio arba nat\u016bralaus (lakuoto) uosio medienos. \u0160ios pla\u010dios pritaikymo galimyb\u0117s leid\u017eia sukurti unikal\u0173 bald\u0105, atitinkant\u012f tiek estetinius, tiek funkcinius reikalavimus.<\/p>","protected":false},"excerpt":{"rendered":"<p>Dydis (cm):<br \/>\nPlotis: 260<br \/>\nGylis: 204<br \/>\nAuk\u0161tis: 90<br \/>\nS\u0117dyn\u0117s auk\u0161tis: 46<br \/>\nS\u0117dyn\u0117s gylis: 53<\/p>","protected":false},"featured_media":206940,"comment_status":"open","ping_status":"closed","template":"","meta":[],"product_brand":[],"product_cat":[9133],"product_tag":[],"class_list":{"0":"post-206918","1":"product","2":"type-product","3":"status-publish","4":"has-post-thumbnail","6":"product_cat-grouped","8":"first","9":"instock","10":"shipping-taxable","11":"purchasable","12":"product-type-variable","13":"wvs-archive-product-wrapper"},"_links":{"self":[{"href":"https:\/\/baldumarket.lt\/lt\/wp-json\/wp\/v2\/product\/206918","targetHints":{"allow":["GET"]}}],"collection":[{"href":"https:\/\/baldumarket.lt\/lt\/wp-json\/wp\/v2\/product"}],"about":[{"href":"https:\/\/baldumarket.lt\/lt\/wp-json\/wp\/v2\/types\/product"}],"replies":[{"embeddable":true,"href":"https:\/\/baldumarket.lt\/lt\/wp-json\/wp\/v2\/comments?post=206918"}],"wp:featuredmedia":[{"embeddable":true,"href":"https:\/\/baldumarket.lt\/lt\/wp-json\/wp\/v2\/media\/206940"}],"wp:attachment":[{"href":"https:\/\/baldumarket.lt\/lt\/wp-json\/wp\/v2\/media?parent=206918"}],"wp:term":[{"taxonomy":"product_brand","embeddable":true,"href":"https:\/\/baldumarket.lt\/lt\/wp-json\/wp\/v2\/product_brand?post=206918"},{"taxonomy":"product_cat","embeddable":true,"href":"https:\/\/baldumarket.lt\/lt\/wp-json\/wp\/v2\/product_cat?post=206918"},{"taxonomy":"product_tag","embeddable":true,"href":"https:\/\/baldumarket.lt\/lt\/wp-json\/wp\/v2\/product_tag?post=206918"}],"curies":[{"name":"wp","href":"https:\/\/api.w.org\/{rel}","templated":true}]}}