{"id":206914,"date":"2025-12-25T22:35:10","date_gmt":"2025-12-25T19:35:10","guid":{"rendered":"https:\/\/baldumarket.lt\/?post_type=product&#038;p=206914"},"modified":"2026-03-07T11:12:23","modified_gmt":"2026-03-07T08:12:23","slug":"basic-naroznik-25f-e-2sk-etap-sofa","status":"publish","type":"product","link":"https:\/\/baldumarket.lt\/lt\/product\/basic-naroznik-25f-e-2sk-etap-sofa\/","title":{"rendered":"Kampin\u0117 BASIC sofa 2,5F \u2013 E \u2013 2SK Etap sofa"},"content":{"rendered":"<p>\u201eEtap Sofa\u201c \u201eBasic\u201c kampin\u0117 sofa su miegojimo funkcija \u2013 puikus pasirinkimas vertinantiems modernius interjero dizaino sprendimus. Jos 2,5F \u2013 E \u2013 2SK konfig\u016bracija leid\u017eia patogiai naudoti tiek dien\u0105, tiek nakt\u012f. Auk\u0161tos metalin\u0117s kojel\u0117s ir \u017eemas atlo\u0161as suteikia baldui lengv\u0105, harmoning\u0105 form\u0105, kuri puikiai atrodo erdviose svetain\u0117se.<\/p>\n<p>\u0160is modelis buvo sukurtas galvojant apie atsipalaidavim\u0105, si\u016blydamas 190 x 125 cm miegojimo plot\u0105, u\u017etikrinant\u012f patogi\u0105 sve\u010di\u0173 nakvyn\u0119. S\u0117dyn\u0117 pagaminta i\u0161 didelio elastingumo putplas\u010dio ir zigzago spyruokl\u0117s, u\u017etikrinan\u010dios tinkam\u0105 k\u016bno atram\u0105. Atlo\u0161as u\u017epildytas elastiniais dir\u017eeliais ir poliuretano putomis, u\u017etikrinan\u010diomis mink\u0161tum\u0105 kasdieniam naudojimui.<\/p>\n<p>Bendras kampin\u0117s sofos auk\u0161tis yra 85 cm, o s\u0117dimosios dalies auk\u0161tis \u2013 44 cm, tod\u0117l lengviau atsistoti ir atsis\u0117sti. Sofos plotis \u2013 237 cm, o gylis \u2013 232 cm, tod\u0117l tai yra pilno dyd\u017eio s\u0117dimoji dalis, tinkanti didesn\u0117ms patalpoms. Kruop\u0161\u010diai parinktos proporcijos leid\u017eia patogiai i\u0161d\u0117styti j\u0105 \u012fvairiuose svetain\u0117s i\u0161planavimuose.<\/p>\n<p>Dar vienas privalumas \u2013 stal\u010diaus formos patalyn\u0117s skyrius, kuriame diskreti\u0161kai laikomos atsargin\u0117s antklod\u0117s ir pagalv\u0117s. Metalin\u0117s kojel\u0117s ne tik suteikia vizualinio lengvumo, bet ir palengvina \u0161var\u0105 po sofa. Tvirta konstrukcija u\u017etikrina patvarum\u0105 net ir esant dideliam naudojimui.<\/p>\n<p>Kampin\u0117 sofa \u201eBasic\u201c si\u016bloma su pla\u010diu audini\u0173 ir od\u0173 pasirinkimu, tod\u0117l galite j\u0105 priderinti prie savo interjero stiliaus. Gamintojas padeng\u0117 kojas metaline apdaila, kuri pabr\u0117\u017eia \u0161iuolaiki\u0161k\u0105 baldo charakter\u012f. \u0160is kruop\u0161\u010diai suprojektuotas baldas i\u0161siskiria auk\u0161tos kokyb\u0117s meistri\u0161kumu ir d\u0117mesiu detal\u0117ms.<\/p>","protected":false},"excerpt":{"rendered":"<p>Matmenys:<\/p>\n<p>plotis - 237 \/ 232 cm<br \/>\nauk\u0161tis - 85 cm<br \/>\ngylis - 91 cm<br \/>\ns\u0117dyn\u0117s auk\u0161tis - 44 cm<br \/>\nMiegamoji zona \u2013 190 x 125 cm<\/p>","protected":false},"featured_media":330786,"comment_status":"open","ping_status":"closed","template":"","meta":[],"product_brand":[],"product_cat":[9758,616,1983,6444],"product_tag":[],"class_list":{"0":"post-206914","1":"product","2":"type-product","3":"status-publish","4":"has-post-thumbnail","6":"product_cat-upholstered-furniture-basic-etap-sofa","7":"product_cat-corners","8":"product_cat-corners-l","9":"product_cat-etap-sofa","11":"first","12":"instock","13":"shipping-taxable","14":"product-type-grouped"},"_links":{"self":[{"href":"https:\/\/baldumarket.lt\/lt\/wp-json\/wp\/v2\/product\/206914","targetHints":{"allow":["GET"]}}],"collection":[{"href":"https:\/\/baldumarket.lt\/lt\/wp-json\/wp\/v2\/product"}],"about":[{"href":"https:\/\/baldumarket.lt\/lt\/wp-json\/wp\/v2\/types\/product"}],"replies":[{"embeddable":true,"href":"https:\/\/baldumarket.lt\/lt\/wp-json\/wp\/v2\/comments?post=206914"}],"wp:featuredmedia":[{"embeddable":true,"href":"https:\/\/baldumarket.lt\/lt\/wp-json\/wp\/v2\/media\/330786"}],"wp:attachment":[{"href":"https:\/\/baldumarket.lt\/lt\/wp-json\/wp\/v2\/media?parent=206914"}],"wp:term":[{"taxonomy":"product_brand","embeddable":true,"href":"https:\/\/baldumarket.lt\/lt\/wp-json\/wp\/v2\/product_brand?post=206914"},{"taxonomy":"product_cat","embeddable":true,"href":"https:\/\/baldumarket.lt\/lt\/wp-json\/wp\/v2\/product_cat?post=206914"},{"taxonomy":"product_tag","embeddable":true,"href":"https:\/\/baldumarket.lt\/lt\/wp-json\/wp\/v2\/product_tag?post=206914"}],"curies":[{"name":"wp","href":"https:\/\/api.w.org\/{rel}","templated":true}]}}