{"id":206860,"date":"2025-12-25T22:32:35","date_gmt":"2025-12-25T19:32:35","guid":{"rendered":"https:\/\/baldumarket.lt\/?post_type=product&#038;p=206860"},"modified":"2026-02-03T23:19:10","modified_gmt":"2026-02-03T20:19:10","slug":"naroznik-camaro-2-te-1rf-1rf-te-1-15-etap-sofa-gr2","status":"publish","type":"product","link":"https:\/\/baldumarket.lt\/lt\/product\/naroznik-camaro-2-te-1rf-1rf-te-1-15-etap-sofa-gr2\/","title":{"rendered":"Kampin\u0117 sofa Camaro 2-TE-1RF-1RF-TE-1-1.5 laipteli\u0173 sofa Gr2"},"content":{"rendered":"<p>\u201eCamaro 2-TE-1RF-1RF-TE-1-1.5\u201c kampin\u0117 sofa su laipteliais yra puikus pasirinkimas ie\u0161kantiems erdvaus baldo, kuris tapt\u0173 svetain\u0117s traukos centru. Modulinis dizainas leid\u017eia sukurti erdvi\u0105 U formos s\u0117dim\u0105j\u0105 zon\u0105. \u0160is modelis skatina leisti laik\u0105 kartu, suteikia erdv\u0117s daugiau \u0161eimos nari\u0173 ir sve\u010di\u0173.<\/p>\n<p>Elektrin\u0117 atsipalaidavimo funkcija leid\u017eia reguliuoti s\u0117d\u0117jimo pad\u0117t\u012f pagal individualius poreikius. Auk\u0161ti, gerai i\u0161lenkti atlo\u0161ai suteikia atram\u0105 nugarai ir kaklui, \u017eymiai padidindami komfort\u0105 atsipalaidavimo metu. Be to, s\u0117dyn\u0117 pagaminta i\u0161 elastini\u0173 juost\u0173 ir didelio elastingumo put\u0173, kurios suteikia jai tvirtumo ir ilgaam\u017ei\u0161kumo.<\/p>\n<p>Atlo\u0161o konstrukcijoje taip pat panaudotos elastin\u0117s juostos ir didelio elastingumo putos, u\u017etikrinan\u010dios, kad visa kampin\u0117 sofa suteikt\u0173 malon\u0173 mink\u0161tumo poj\u016bt\u012f, i\u0161laikant stabilum\u0105. Baldai pasi\u017eymi dygsniuota apdaila, kuri pabr\u0117\u017eia j\u0173 modern\u0173 charakter\u012f. \u201eCamaro\u201c \u2013 tai sprendimas tiems, kurie vertina ai\u0161ki\u0105 form\u0105 ir kasdienio naudojimo patogum\u0105. \u0160is modelis si\u016blomas \u012fvairi\u0173 spalv\u0173, \u012fskaitant \u012fvairius audinius ir nat\u016brali\u0105 od\u0105. Tai leid\u017eia priderinti kampin\u0119 sof\u0105 prie beveik bet kokio interjero dizaino. \u201eCamaro\u201c suteikia erdvei i\u0161skirtin\u012f vizualin\u012f akcent\u0105, kartu i\u0161laikydama modernaus dekoro stiliaus darn\u0105.<\/p>\n<p>Kampin\u0117 sofa gali pasigirti \u012fsp\u016bdingais matmenimis: plotis 340 cm, auk\u0161tis 90 cm, o gylis \u2013 ilgesnioji pus\u0117 258 cm, trumpoji \u2013 241 cm. S\u0117dyn\u0117s auk\u0161tis yra 42 cm, tod\u0117l patogu s\u0117d\u0117ti ir stov\u0117ti. \u0160is dizainas puikiai tinka erdvioms svetain\u0117ms, kur ji bus ir kasdienio poilsio, ir susib\u016brimo vieta.<\/p>","protected":false},"excerpt":{"rendered":"<p>Dydis (cm):<br \/>\nPlotis: 340<br \/>\nGylis: 258<br \/>\nAuk\u0161tis: 90<br \/>\nS\u0117dyn\u0117s auk\u0161tis: 42<\/p>","protected":false},"featured_media":206890,"comment_status":"open","ping_status":"closed","template":"","meta":[],"product_brand":[],"product_cat":[9133],"product_tag":[],"class_list":{"0":"post-206860","1":"product","2":"type-product","3":"status-publish","4":"has-post-thumbnail","6":"product_cat-grouped","8":"first","9":"instock","10":"shipping-taxable","11":"purchasable","12":"product-type-variable","13":"wvs-archive-product-wrapper"},"_links":{"self":[{"href":"https:\/\/baldumarket.lt\/lt\/wp-json\/wp\/v2\/product\/206860","targetHints":{"allow":["GET"]}}],"collection":[{"href":"https:\/\/baldumarket.lt\/lt\/wp-json\/wp\/v2\/product"}],"about":[{"href":"https:\/\/baldumarket.lt\/lt\/wp-json\/wp\/v2\/types\/product"}],"replies":[{"embeddable":true,"href":"https:\/\/baldumarket.lt\/lt\/wp-json\/wp\/v2\/comments?post=206860"}],"wp:featuredmedia":[{"embeddable":true,"href":"https:\/\/baldumarket.lt\/lt\/wp-json\/wp\/v2\/media\/206890"}],"wp:attachment":[{"href":"https:\/\/baldumarket.lt\/lt\/wp-json\/wp\/v2\/media?parent=206860"}],"wp:term":[{"taxonomy":"product_brand","embeddable":true,"href":"https:\/\/baldumarket.lt\/lt\/wp-json\/wp\/v2\/product_brand?post=206860"},{"taxonomy":"product_cat","embeddable":true,"href":"https:\/\/baldumarket.lt\/lt\/wp-json\/wp\/v2\/product_cat?post=206860"},{"taxonomy":"product_tag","embeddable":true,"href":"https:\/\/baldumarket.lt\/lt\/wp-json\/wp\/v2\/product_tag?post=206860"}],"curies":[{"name":"wp","href":"https:\/\/api.w.org\/{rel}","templated":true}]}}