{"id":206851,"date":"2025-12-25T22:32:24","date_gmt":"2025-12-25T19:32:24","guid":{"rendered":"https:\/\/baldumarket.lt\/?post_type=product&#038;p=206851"},"modified":"2026-02-03T23:19:11","modified_gmt":"2026-02-03T20:19:11","slug":"naroznik-comodo-15ht-tre-25-l-p-etap-sofa-skora-l2","status":"publish","type":"product","link":"https:\/\/baldumarket.lt\/lt\/product\/naroznik-comodo-15ht-tre-25-l-p-etap-sofa-skora-l2\/","title":{"rendered":"\u201eComodo\u201c kampin\u0117 sofa 1,5HT-TRE-2,5 K\/D \u201eEtap\u201c oda, L2"},"content":{"rendered":"<p>\u201eEtap Sofa\u201c kampin\u0117 sofa \u201eComodo 1.5HT-TRE-2.5 L\/P\u201c \u2013 tai modulin\u0117 kolekcija, si\u016blanti plat\u0173 dizaino variant\u0173 pasirinkim\u0105. Galima rinktis i\u0161 de\u0161inin\u0117s arba kair\u0117s pus\u0117s variant\u0173, tod\u0117l j\u0105 galima pritaikyti prie bet kokio interjero i\u0161planavimo. Jos charakter\u012f sustiprina auk\u0161tos, juodos metalin\u0117s kojel\u0117s, suteikian\u010dios konstrukcijai lengvumo ir stabilumo.<br \/>\nS\u0117dyn\u0117s u\u017epildas buvo sukurtas atsi\u017evelgiant \u012f patvarum\u0105 ir patogum\u0105. Jame yra B tipo banguota spyruokl\u0117, poliuretano putos ir \u201eBonnell\u201c spyruokl\u0117, u\u017etikrinan\u010dios pakankam\u0105 elastingum\u0105 ir atsparum\u0105 deformacijai. Atlo\u0161as remiasi \u012f elastinius dir\u017eelius ir mi\u0161raus granuliuoto silikono \u012fd\u0117kl\u0105, kuris suteikia mink\u0161t\u0105, bet stabili\u0105 atram\u0105.<br \/>\nKampin\u0117s sofos matmenys pritaikyti erdviems interjerams: plotis \u2013 306 cm, auk\u0161tis \u2013 81 cm, gylis \u2013 252 cm, s\u0117dimosios dalies auk\u0161tis \u2013 44 cm, o s\u0117dyn\u0117s gylis \u2013 64 cm. \u0160ios proporcijos leid\u017eia patogiai s\u0117d\u0117ti keliems \u017emon\u0117ms. Dizainas i\u0161laiko harmoningas proporcijas, neu\u017ego\u017edamas erdv\u0117s. Modulin\u0117 \u201eComodo\u201c kolekcija leid\u017eia kurti \u012fvairias konfig\u016bracijas. Sistema leid\u017eia tiek prailginti kampin\u0119 sof\u0105 papildomais elementais, tiek j\u0105 suma\u017einti, atsi\u017evelgiant \u012f naudotojo poreikius ir turim\u0105 erdv\u0119. \u0160is sprendimas skirtas tiems, kurie vertina laisv\u0119 formuojant savo nam\u0173 erdv\u0119.<\/p>\n<p>Papildomas privalumas \u2013 platus apmu\u0161al\u0173 konfig\u016bratorius, kurio d\u0117ka kiekvien\u0105 model\u012f galima pagaminti i\u0161 pasirinkto audinio. Galimas platus med\u017eiag\u0173 pasirinkimas su skirtingomis tekst\u016bromis, spalvomis ir eksploataciniais parametrais. Tai leid\u017eia kampin\u0119 sof\u0105 visi\u0161kai pritaikyti prie interjero charakterio, sukuriant vientis\u0105 ir rafinuot\u0105 interjer\u0105.<\/p>","protected":false},"excerpt":{"rendered":"<p>Dydis (cm):<br \/>\nPlotis: 306<br \/>\nGylis: 252<br \/>\n\u016agis: 81<br \/>\nS\u0117dyn\u0117s auk\u0161tis: 44<br \/>\nS\u0117dyn\u0117s gylis: 64<\/p>","protected":false},"featured_media":206863,"comment_status":"open","ping_status":"closed","template":"","meta":[],"product_brand":[],"product_cat":[9133],"product_tag":[],"class_list":{"0":"post-206851","1":"product","2":"type-product","3":"status-publish","4":"has-post-thumbnail","6":"product_cat-grouped","8":"first","9":"instock","10":"shipping-taxable","11":"purchasable","12":"product-type-variable","13":"wvs-archive-product-wrapper"},"_links":{"self":[{"href":"https:\/\/baldumarket.lt\/lt\/wp-json\/wp\/v2\/product\/206851","targetHints":{"allow":["GET"]}}],"collection":[{"href":"https:\/\/baldumarket.lt\/lt\/wp-json\/wp\/v2\/product"}],"about":[{"href":"https:\/\/baldumarket.lt\/lt\/wp-json\/wp\/v2\/types\/product"}],"replies":[{"embeddable":true,"href":"https:\/\/baldumarket.lt\/lt\/wp-json\/wp\/v2\/comments?post=206851"}],"wp:featuredmedia":[{"embeddable":true,"href":"https:\/\/baldumarket.lt\/lt\/wp-json\/wp\/v2\/media\/206863"}],"wp:attachment":[{"href":"https:\/\/baldumarket.lt\/lt\/wp-json\/wp\/v2\/media?parent=206851"}],"wp:term":[{"taxonomy":"product_brand","embeddable":true,"href":"https:\/\/baldumarket.lt\/lt\/wp-json\/wp\/v2\/product_brand?post=206851"},{"taxonomy":"product_cat","embeddable":true,"href":"https:\/\/baldumarket.lt\/lt\/wp-json\/wp\/v2\/product_cat?post=206851"},{"taxonomy":"product_tag","embeddable":true,"href":"https:\/\/baldumarket.lt\/lt\/wp-json\/wp\/v2\/product_tag?post=206851"}],"curies":[{"name":"wp","href":"https:\/\/api.w.org\/{rel}","templated":true}]}}