{"id":206749,"date":"2025-12-25T22:26:38","date_gmt":"2025-12-25T19:26:38","guid":{"rendered":"https:\/\/baldumarket.lt\/?post_type=product&#038;p=206749"},"modified":"2026-02-03T23:19:18","modified_gmt":"2026-02-03T20:19:18","slug":"fotel-impressione-z-relaksem-elektrycznym-etap-sofa-skora-l3","status":"publish","type":"product","link":"https:\/\/baldumarket.lt\/lt\/product\/fotel-impressione-z-relaksem-elektrycznym-etap-sofa-skora-l3\/","title":{"rendered":"\u201eImpressione\u201c fotelis su elektriniu atsipalaidavimu \u201eEtap Sofa L3\u201c"},"content":{"rendered":"<p>\u201eEtap Sofa\u201c \u201eImpressione\u201c fotelis su elektriniu atsipalaidavimu \u2013 puikus pasirinkimas tiems, kurie vertina auk\u0161t\u0105 komfort\u0105 ir rafinuotus dizaino sprendimus. Modernaus stiliaus dizainas puikiai papildys tokias erdves kaip svetain\u0117s, miegamieji ar biurai, suteikdamas jaukumo ir harmonijos poj\u016bt\u012f. Kiekvienas elementas kruop\u0161\u010diai suplanuotas atsi\u017evelgiant \u012f naudotojo patogum\u0105 ir ilgaam\u017ei\u0161kum\u0105.<\/p>\n<p>Fotelis yra 127 cm plo\u010dio, 113 cm gylio ir 74 cm auk\u0161\u010dio, tod\u0117l jame yra daug erdv\u0117s atsipalaiduoti. S\u0117dyn\u0117s auk\u0161tis yra 44 cm, tod\u0117l u\u017etikrinama patogi k\u016bno pad\u0117tis. Elektrin\u0117 atlo\u0161o ir koj\u0173 atramos sistema leid\u017eia skland\u017eiai reguliuoti atlo\u0161\u0105 ir koj\u0173 atram\u0105 pagal individualius poreikius.<\/p>\n<p>S\u0117dyn\u0117 pagaminta i\u0161 didelio elastingumo putplas\u010dio ir vingiuot\u0173 spyruokli\u0173, u\u017etikrinan\u010di\u0173 tvirtum\u0105 ir ilgaam\u017ei\u0161kum\u0105 daugel\u012f met\u0173. \u0160is med\u017eiag\u0173 derinys leid\u017eia foteliui i\u0161laikyti savo form\u0105, tuo pa\u010diu suteikiant mink\u0161t\u0105 ir stabili\u0105 atram\u0105. Atlo\u0161\u0105 papildo elastingi dir\u017eeliai, kurie dar labiau padidina komfort\u0105.<\/p>\n<p>Porankiai yra mink\u0161ti ir i\u0161lenkti, tod\u0117l juos patogu naudoti atsipalaiduojant. Visas baldas paremtas plastikin\u0117mis arba chromuotomis kojel\u0117mis, kurios suteikia baldui lengvumo, erdvumo ir u\u017etikrina konstrukcijos stabilum\u0105. Naudoti med\u017eiag\u0173 sprendimai garantuoja didel\u012f atsparum\u0105 kasdieniam naudojimui.<\/p>\n<p>\u201eImpressione\u201c fotelis si\u016blo plat\u0173 audini\u0173 ir odini\u0173 apmu\u0161al\u0173 pasirinkim\u0105, tod\u0117l galite j\u012f pritaikyti pagal savo individualius pageidavimus ir interjero charakter\u012f. D\u0117l patvarios konstrukcijos ir kruop\u0161taus meistri\u0161kumo \u0161is baldas tarnaus ilgus metus, u\u017etikrindamas patog\u0173 poils\u012f kiekvien\u0105 dien\u0105. \u0160is modelis puikiai dera prie modernaus interjero, sukurdamas erdv\u0119, skatinan\u010di\u0105 atsipalaidavim\u0105 ir ramyb\u0119.<\/p>","protected":false},"excerpt":{"rendered":"<p>Dydis (cm):<br \/>\nPlotis: 127<br \/>\nGylis: 113<br \/>\n\u016agis: 74<br \/>\nS\u0117dyn\u0117s auk\u0161tis: 44<\/p>","protected":false},"featured_media":206757,"comment_status":"open","ping_status":"closed","template":"","meta":[],"product_brand":[],"product_cat":[9133],"product_tag":[],"class_list":{"0":"post-206749","1":"product","2":"type-product","3":"status-publish","4":"has-post-thumbnail","6":"product_cat-grouped","8":"first","9":"instock","10":"shipping-taxable","11":"purchasable","12":"product-type-variable","13":"wvs-archive-product-wrapper"},"_links":{"self":[{"href":"https:\/\/baldumarket.lt\/lt\/wp-json\/wp\/v2\/product\/206749","targetHints":{"allow":["GET"]}}],"collection":[{"href":"https:\/\/baldumarket.lt\/lt\/wp-json\/wp\/v2\/product"}],"about":[{"href":"https:\/\/baldumarket.lt\/lt\/wp-json\/wp\/v2\/types\/product"}],"replies":[{"embeddable":true,"href":"https:\/\/baldumarket.lt\/lt\/wp-json\/wp\/v2\/comments?post=206749"}],"wp:featuredmedia":[{"embeddable":true,"href":"https:\/\/baldumarket.lt\/lt\/wp-json\/wp\/v2\/media\/206757"}],"wp:attachment":[{"href":"https:\/\/baldumarket.lt\/lt\/wp-json\/wp\/v2\/media?parent=206749"}],"wp:term":[{"taxonomy":"product_brand","embeddable":true,"href":"https:\/\/baldumarket.lt\/lt\/wp-json\/wp\/v2\/product_brand?post=206749"},{"taxonomy":"product_cat","embeddable":true,"href":"https:\/\/baldumarket.lt\/lt\/wp-json\/wp\/v2\/product_cat?post=206749"},{"taxonomy":"product_tag","embeddable":true,"href":"https:\/\/baldumarket.lt\/lt\/wp-json\/wp\/v2\/product_tag?post=206749"}],"curies":[{"name":"wp","href":"https:\/\/api.w.org\/{rel}","templated":true}]}}