{"id":206714,"date":"2025-12-25T22:24:40","date_gmt":"2025-12-25T19:24:40","guid":{"rendered":"https:\/\/baldumarket.lt\/?post_type=product&#038;p=206714"},"modified":"2026-02-03T23:19:20","modified_gmt":"2026-02-03T20:19:20","slug":"luzi-naroznik-2dl-rec-bk-etap-sofa-gr5","status":"publish","type":"product","link":"https:\/\/baldumarket.lt\/lt\/product\/luzi-naroznik-2dl-rec-bk-etap-sofa-gr5\/","title":{"rendered":"Luzi kampin\u0117 sofa 2DL-REC\/BK Etap sofa Gr5"},"content":{"rendered":"<p>\u201eEtap Sofa\u201c kampin\u0117 sofa \u201eLuzi 2DL-REC\/BK\u201c pasi\u017eymi unikaliu lengvu dizainu, kuris bet kokiam interjerui suteiks erdv\u0117s ir harmonijos poj\u016bt\u012f. Auk\u0161tos metalin\u0117s kojel\u0117s ir pailgos, tiesios pagalv\u0117l\u0117s nugarai suteikia jai modernaus charakterio, tod\u0117l ji puikiai tinka interjerui, \u012fkv\u0117ptam lofto, industrinio, modernaus ir glam\u016brinio stili\u0173. Bendra estetika yra paprasta ir precizi\u0161kai i\u0161baigta.<\/p>\n<p>Dygsniuotos s\u0117dyn\u0117s ir \u0161iek tiek suapvalinti porankiai suteikia subtil\u0173 dekoratyvin\u012f akcent\u0105, kuris pary\u0161kina baldo rafinuot\u0105 i\u0161vaizd\u0105. Apmu\u0161tas atlo\u0161as leid\u017eia kampin\u0119 sof\u0105 pastatyti ne tik prie sienos, bet ir svetain\u0117s centre, kur ji gali tapti traukos centru. \u017demas atlo\u0161as padeda i\u0161laikyti kambario atvirumo ir erdv\u0117s poj\u016bt\u012f.<\/p>\n<p>\u201eLuzi 2DL-REC\/BK\u201c modelis taip pat turi miegojimo funkcij\u0105, kurios pavir\u0161iaus plotas yra 124 x 237 cm. Konstrukcijoje yra du patalyn\u0117s skyriai patogiam papildomos patalyn\u0117s laikymui. Tod\u0117l jis tinka tiek kasdieniam naudojimui, tiek sve\u010di\u0173 pri\u0117mimui.<br \/>\nS\u0117dyn\u0117s vidus pagamintas i\u0161 vingiuot\u0173 spyruokli\u0173 ir didelio elastingumo poliuretano put\u0173, kurios u\u017etikrina tinkam\u0105 atram\u0105 ir komfort\u0105 poilsio metu. Atlo\u0161as, u\u017epildytas silikono granul\u0117mis, garantuoja mink\u0161tum\u0105 ir elastingum\u0105, ilgai i\u0161laikant estetin\u0119 form\u0105. Metalin\u0117s kojel\u0117s yra trij\u0173 spalv\u0173: juodos, vario ir sidabrin\u0117s.<\/p>\n<p>Kampin\u0117 sofa \u201eLuzi\u201c si\u016bloma de\u0161inin\u0117s arba kair\u0117s pus\u0117s (D\/K), tod\u0117l j\u0105 galima pritaikyti prie kambario i\u0161planavimo. Ji yra L formos, 275 cm plo\u010dio, 168 cm gylio ir 80 cm auk\u0161\u010dio, o s\u0117dimosios dalies auk\u0161tis \u2013 42 cm. Platus apmu\u0161al\u0173 audini\u0173 pasirinkimas leid\u017eia susikurti kompozicij\u0105, atitinkan\u010di\u0105 individualius pageidavimus ir interjero charakter\u012f.<\/p>","protected":false},"excerpt":{"rendered":"<p>Dydis (cm):<br \/>\nPlotis: 275<br \/>\nGylis: 168<br \/>\n\u016agis: 80<br \/>\nS\u0117dyn\u0117s auk\u0161tis: 42<\/p>","protected":false},"featured_media":206730,"comment_status":"open","ping_status":"closed","template":"","meta":[],"product_brand":[],"product_cat":[9133],"product_tag":[],"class_list":{"0":"post-206714","1":"product","2":"type-product","3":"status-publish","4":"has-post-thumbnail","6":"product_cat-grouped","8":"first","9":"instock","10":"shipping-taxable","11":"purchasable","12":"product-type-variable","13":"wvs-archive-product-wrapper"},"_links":{"self":[{"href":"https:\/\/baldumarket.lt\/lt\/wp-json\/wp\/v2\/product\/206714","targetHints":{"allow":["GET"]}}],"collection":[{"href":"https:\/\/baldumarket.lt\/lt\/wp-json\/wp\/v2\/product"}],"about":[{"href":"https:\/\/baldumarket.lt\/lt\/wp-json\/wp\/v2\/types\/product"}],"replies":[{"embeddable":true,"href":"https:\/\/baldumarket.lt\/lt\/wp-json\/wp\/v2\/comments?post=206714"}],"wp:featuredmedia":[{"embeddable":true,"href":"https:\/\/baldumarket.lt\/lt\/wp-json\/wp\/v2\/media\/206730"}],"wp:attachment":[{"href":"https:\/\/baldumarket.lt\/lt\/wp-json\/wp\/v2\/media?parent=206714"}],"wp:term":[{"taxonomy":"product_brand","embeddable":true,"href":"https:\/\/baldumarket.lt\/lt\/wp-json\/wp\/v2\/product_brand?post=206714"},{"taxonomy":"product_cat","embeddable":true,"href":"https:\/\/baldumarket.lt\/lt\/wp-json\/wp\/v2\/product_cat?post=206714"},{"taxonomy":"product_tag","embeddable":true,"href":"https:\/\/baldumarket.lt\/lt\/wp-json\/wp\/v2\/product_tag?post=206714"}],"curies":[{"name":"wp","href":"https:\/\/api.w.org\/{rel}","templated":true}]}}