{"id":20667,"date":"2025-11-14T12:16:27","date_gmt":"2025-11-14T09:16:27","guid":{"rendered":"https:\/\/baldumarket.lt\/product\/marion\/"},"modified":"2026-03-24T16:58:49","modified_gmt":"2026-03-24T13:58:49","slug":"marion","status":"publish","type":"product","link":"https:\/\/baldumarket.lt\/lt\/product\/marion\/","title":{"rendered":"Marion"},"content":{"rendered":"<p>\u201eMarion\u201c \u2013 tai patogi, paprasta, stilinga ir erdvi kampin\u0117 sofa, kurios matmenys \u2013 312 x 143 x 88 cm. Kampin\u0117 sofa \u201eMarion\u201c garantuoja auk\u0161\u010diausi\u0105 atsipalaidavimo ir komforto lyg\u012f, vis\u0173 pirma d\u0117l kruop\u0161\u010diai suformuot\u0173 atlo\u0161\u0173 ir s\u0117dyni\u0173, u\u017epildyt\u0173 lanks\u010diomis T25 putomis, kurios yra atsparios deformacijai. Papildomas kampin\u0117s sofos privalumas \u2013 galimyb\u0117 j\u0105 transformuoti \u012f 276 x 123 cm dyd\u017eio lov\u0105. \u201eMarion\u201c taip pat turi didel\u012f, erdv\u0173 patalyn\u0117s skyri\u0173. Ypa\u010d verta d\u0117mesio originalus bald\u0173 dizainas su dviej\u0173 spalv\u0173 apmu\u0161alais.<\/p>","protected":false},"excerpt":{"rendered":"<p>\u201eMarion\u201c \u2013 tai patogi, paprasta, stilinga ir erdvi kampin\u0117 sofa, kurios matmenys \u2013 312 x 143 x 88 cm. Kampin\u0117 sofa \u201eMarion\u201c garantuoja auk\u0161\u010diausi\u0105 atsipalaidavimo ir komforto lyg\u012f, vis\u0173 pirma d\u0117l kruop\u0161\u010diai suformuot\u0173 atlo\u0161\u0173 ir s\u0117dyni\u0173, u\u017epildyt\u0173 lanks\u010diomis T25 putomis, kurios yra atsparios deformacijai. Papildomas kampin\u0117s sofos privalumas [\u2026]<\/p>","protected":false},"featured_media":20668,"comment_status":"open","ping_status":"open","template":"","meta":[],"product_brand":[],"product_cat":[616,1982,2012,9191],"product_tag":[],"class_list":{"0":"post-20667","1":"product","2":"type-product","3":"status-publish","4":"has-post-thumbnail","6":"product_cat-corners","7":"product_cat-corners-u","8":"product_cat-eltap","9":"product_cat-corners-u-eltap","11":"first","12":"instock","13":"purchasable","14":"product-type-variable","15":"wvs-archive-product-wrapper"},"_links":{"self":[{"href":"https:\/\/baldumarket.lt\/lt\/wp-json\/wp\/v2\/product\/20667","targetHints":{"allow":["GET"]}}],"collection":[{"href":"https:\/\/baldumarket.lt\/lt\/wp-json\/wp\/v2\/product"}],"about":[{"href":"https:\/\/baldumarket.lt\/lt\/wp-json\/wp\/v2\/types\/product"}],"replies":[{"embeddable":true,"href":"https:\/\/baldumarket.lt\/lt\/wp-json\/wp\/v2\/comments?post=20667"}],"wp:featuredmedia":[{"embeddable":true,"href":"https:\/\/baldumarket.lt\/lt\/wp-json\/wp\/v2\/media\/20668"}],"wp:attachment":[{"href":"https:\/\/baldumarket.lt\/lt\/wp-json\/wp\/v2\/media?parent=20667"}],"wp:term":[{"taxonomy":"product_brand","embeddable":true,"href":"https:\/\/baldumarket.lt\/lt\/wp-json\/wp\/v2\/product_brand?post=20667"},{"taxonomy":"product_cat","embeddable":true,"href":"https:\/\/baldumarket.lt\/lt\/wp-json\/wp\/v2\/product_cat?post=20667"},{"taxonomy":"product_tag","embeddable":true,"href":"https:\/\/baldumarket.lt\/lt\/wp-json\/wp\/v2\/product_tag?post=20667"}],"curies":[{"name":"wp","href":"https:\/\/api.w.org\/{rel}","templated":true}]}}