{"id":206587,"date":"2025-12-25T22:18:28","date_gmt":"2025-12-25T19:18:28","guid":{"rendered":"https:\/\/baldumarket.lt\/?post_type=product&#038;p=206587"},"modified":"2026-02-03T23:19:28","modified_gmt":"2026-02-03T20:19:28","slug":"fotel-maui-15-etap-sofa-gr2","status":"publish","type":"product","link":"https:\/\/baldumarket.lt\/lt\/product\/fotel-maui-15-etap-sofa-gr2\/","title":{"rendered":"Maui 1,5 laiptelio sofa-fotelis Gr2"},"content":{"rendered":"<p>\u201eMaui 1.5\u201c sofa \u2013 puikus pasirinkimas tiems, kurie vertina patog\u0173 poils\u012f moderniame dizaine. Plati, kibiro formos s\u0117dyn\u0117 suteikia patogi\u0105 atram\u0105 visam k\u016bnui. Papildomos pagalv\u0117l\u0117s padidina naudotojo komfort\u0105 ir suteikia mink\u0161tumo bei jaukumo.<\/p>\n<p>K\u0117d\u0117s konstrukcija pagaminta i\u0161 tvirt\u0173 med\u017eiag\u0173, u\u017etikrinan\u010di\u0173 patvarum\u0105 ir stabilum\u0105 ilgus metus. S\u0117dyn\u0117 u\u017epildyta elastiniais dir\u017eeliais ir poliuretano putomis, taip pat granuli\u0173 ir silikono mi\u0161iniu, u\u017etikrinan\u010diu puik\u0173 prigludim\u0105. Atlo\u0161as pagamintas i\u0161 medienos plau\u0161\u0173 plok\u0161t\u0117s, papildytos poliuretano putomis ir silikonu, sukurian\u010diu mink\u0161t\u0105, bet elasting\u0105 atramin\u012f pavir\u0161i\u0173.<\/p>\n<p>K\u0117d\u0117s matmenys leid\u017eia patogiai naudoti tiek didesn\u0117se, tiek intymesn\u0117se erdv\u0117se. Modelio plotis yra 130 cm, auk\u0161tis 80 cm, o gylis \u2013 112 cm. S\u0117dyn\u0117s auk\u0161tis \u2013 41 cm, o gylis \u2013 79 cm, tod\u0117l u\u017etikrinamas auk\u0161tas s\u0117d\u0117jimo komfortas. Baldo pagrindas pagamintas i\u0161 plastikini\u0173 b\u0117geli\u0173, kurie stabilizuoja konstrukcij\u0105 ir leid\u017eia lengvai jud\u0117ti grindimis nesubrai\u017eant grind\u0173. Fotelis nesisuka ir neturi poilsio funkcijos ar daiktad\u0117\u017e\u0117s, o tai pabr\u0117\u017eia jo paprast\u0105, gerai apgalvot\u0105 dizain\u0105. Visi elementai sukurti itin kruop\u0161\u010diai.<\/p>\n<p>D\u0117l plataus konfig\u016bratoriaus pasirinkimo \u201eEtap Sofa\u201c leid\u017eia visi\u0161kai pritaikyti fotel\u012f pagal j\u016bs\u0173 individualius poreikius. Rinkit\u0117s i\u0161 daugyb\u0117s audini\u0173 su \u012fvairiomis tekst\u016bromis, spalvomis ir savyb\u0117mis, kad sukurtum\u0117te norim\u0105 charakter\u012f. \u201eMaui 1.5\u201c fotelis sujungia komfort\u0105, kokybi\u0161k\u0105 meistri\u0161kum\u0105 ir galimyb\u0119 sukurti asmenin\u012f interjero dizaino element\u0105.<\/p>","protected":false},"excerpt":{"rendered":"<p>Dydis (cm):<br \/>\nPlotis: 130<br \/>\nGylis: 112<br \/>\n\u016agis: 80<\/p>","protected":false},"featured_media":206615,"comment_status":"open","ping_status":"closed","template":"","meta":[],"product_brand":[],"product_cat":[9133],"product_tag":[],"class_list":{"0":"post-206587","1":"product","2":"type-product","3":"status-publish","4":"has-post-thumbnail","6":"product_cat-grouped","8":"first","9":"instock","10":"shipping-taxable","11":"purchasable","12":"product-type-variable","13":"wvs-archive-product-wrapper"},"_links":{"self":[{"href":"https:\/\/baldumarket.lt\/lt\/wp-json\/wp\/v2\/product\/206587","targetHints":{"allow":["GET"]}}],"collection":[{"href":"https:\/\/baldumarket.lt\/lt\/wp-json\/wp\/v2\/product"}],"about":[{"href":"https:\/\/baldumarket.lt\/lt\/wp-json\/wp\/v2\/types\/product"}],"replies":[{"embeddable":true,"href":"https:\/\/baldumarket.lt\/lt\/wp-json\/wp\/v2\/comments?post=206587"}],"wp:featuredmedia":[{"embeddable":true,"href":"https:\/\/baldumarket.lt\/lt\/wp-json\/wp\/v2\/media\/206615"}],"wp:attachment":[{"href":"https:\/\/baldumarket.lt\/lt\/wp-json\/wp\/v2\/media?parent=206587"}],"wp:term":[{"taxonomy":"product_brand","embeddable":true,"href":"https:\/\/baldumarket.lt\/lt\/wp-json\/wp\/v2\/product_brand?post=206587"},{"taxonomy":"product_cat","embeddable":true,"href":"https:\/\/baldumarket.lt\/lt\/wp-json\/wp\/v2\/product_cat?post=206587"},{"taxonomy":"product_tag","embeddable":true,"href":"https:\/\/baldumarket.lt\/lt\/wp-json\/wp\/v2\/product_tag?post=206587"}],"curies":[{"name":"wp","href":"https:\/\/api.w.org\/{rel}","templated":true}]}}