{"id":206578,"date":"2025-12-25T22:17:45","date_gmt":"2025-12-25T19:17:45","guid":{"rendered":"https:\/\/baldumarket.lt\/?post_type=product&#038;p=206578"},"modified":"2026-02-03T23:19:29","modified_gmt":"2026-02-03T20:19:29","slug":"fotel-maui-15-obrotowy-etap-sofa-skora-l2","status":"publish","type":"product","link":"https:\/\/baldumarket.lt\/lt\/product\/fotel-maui-15-obrotowy-etap-sofa-skora-l2\/","title":{"rendered":"\u201eMaui 1.5\u201c pasukama k\u0117d\u0117, \u201eEtap\u201c sofa, odin\u0117, L2"},"content":{"rendered":"<p>\u201eEtap Sofa\u201c \u201eMaui 1.5\u201c pasukamas fotelis \u2013 puikus pasirinkimas ie\u0161kantiems i\u0161skirtinio komforto ir modernaus dizaino. \u0160is modelis turi pasukimo funkcij\u0105, leid\u017eian\u010di\u0105 lengvai reguliuoti s\u0117dyn\u0117s krypt\u012f pagal savo poreikius. Kibiro formos konstrukcija skatina atsipalaidavim\u0105, o papildomos pagalv\u0117l\u0117s padidina komfort\u0105 gulint.<br \/>\nS\u0117dyn\u0117 u\u017epildyta elastiniais dir\u017eeliais ir poliuretano putomis, kurios u\u017etikrina tinkam\u0105 atram\u0105 ir ilgaam\u017ei\u0161kum\u0105. Granuli\u0173 ir silikono mi\u0161inio \u012fd\u0117klas u\u017etikrina mink\u0161tum\u0105 ir elastingum\u0105. Atlo\u0161as pagamintas i\u0161 medienos plau\u0161\u0173 plok\u0161t\u0117s, poliuretano put\u0173 ir to paties mi\u0161inio \u012fd\u0117klo, u\u017etikrinan\u010dio nuolatin\u012f komfort\u0105.<br \/>\nFotelio kojel\u0117s apdailintos plastikin\u0117mis slydimo detal\u0117mis, kurios apsaugo grindis ir leid\u017eia lengvai jud\u0117ti. Visas dizainas sukurtas atsi\u017evelgiant \u012f stabilum\u0105 ir ilgaam\u017ei\u0161kum\u0105, tod\u0117l fotelis yra tvirtas interjero dizaino elementas. Sukamas pagrindas padidina kasdienio naudojimo patogum\u0105 tiek namuose, tiek biure. \u201eMaui 1.5\u201c modelio plotis yra 130 cm, auk\u0161tis 80 cm, o gylis \u2013 112 cm. S\u0117dyn\u0117s auk\u0161tis \u2013 41 cm, o gylis \u2013 79 cm, tod\u0117l patogios s\u0105lygos tiek s\u0117d\u0117ti, tiek atsipalaiduoti atlo\u0161iamoje pad\u0117tyje. D\u0117l fotelio proporcij\u0173 jis tinka erdvioms svetain\u0117ms, darbo kambariams ar poilsio zonoms.<\/p>\n<p>D\u0117l plataus apmu\u0161al\u0173 konfig\u016bratoriaus fotel\u012f galima visi\u0161kai pritaikyti pagal individualius naudotojo pageidavimus. Galimas platus audini\u0173 pasirinkimas su \u012fvairiomis tekst\u016bromis, spalvomis ir savyb\u0117mis, leid\u017eiantis sukurti bald\u0105, papildant\u012f bet kok\u012f interjero dizaino koncepcij\u0105. \u201eMaui 1.5\u201c pasukamas fotelis sujungia komfort\u0105 su visi\u0161ko vizualinio pritaikymo galimybe.<\/p>","protected":false},"excerpt":{"rendered":"<p>Dydis (cm):<br \/>\nPlotis: 130<br \/>\nGylis: 112<br \/>\n\u016agis: 80<\/p>","protected":false},"featured_media":206594,"comment_status":"open","ping_status":"closed","template":"","meta":[],"product_brand":[],"product_cat":[9133],"product_tag":[],"class_list":{"0":"post-206578","1":"product","2":"type-product","3":"status-publish","4":"has-post-thumbnail","6":"product_cat-grouped","8":"first","9":"instock","10":"shipping-taxable","11":"purchasable","12":"product-type-variable","13":"wvs-archive-product-wrapper"},"_links":{"self":[{"href":"https:\/\/baldumarket.lt\/lt\/wp-json\/wp\/v2\/product\/206578","targetHints":{"allow":["GET"]}}],"collection":[{"href":"https:\/\/baldumarket.lt\/lt\/wp-json\/wp\/v2\/product"}],"about":[{"href":"https:\/\/baldumarket.lt\/lt\/wp-json\/wp\/v2\/types\/product"}],"replies":[{"embeddable":true,"href":"https:\/\/baldumarket.lt\/lt\/wp-json\/wp\/v2\/comments?post=206578"}],"wp:featuredmedia":[{"embeddable":true,"href":"https:\/\/baldumarket.lt\/lt\/wp-json\/wp\/v2\/media\/206594"}],"wp:attachment":[{"href":"https:\/\/baldumarket.lt\/lt\/wp-json\/wp\/v2\/media?parent=206578"}],"wp:term":[{"taxonomy":"product_brand","embeddable":true,"href":"https:\/\/baldumarket.lt\/lt\/wp-json\/wp\/v2\/product_brand?post=206578"},{"taxonomy":"product_cat","embeddable":true,"href":"https:\/\/baldumarket.lt\/lt\/wp-json\/wp\/v2\/product_cat?post=206578"},{"taxonomy":"product_tag","embeddable":true,"href":"https:\/\/baldumarket.lt\/lt\/wp-json\/wp\/v2\/product_tag?post=206578"}],"curies":[{"name":"wp","href":"https:\/\/api.w.org\/{rel}","templated":true}]}}