{"id":206558,"date":"2025-12-25T22:17:03","date_gmt":"2025-12-25T19:17:03","guid":{"rendered":"https:\/\/baldumarket.lt\/?post_type=product&#038;p=206558"},"modified":"2026-02-03T23:19:30","modified_gmt":"2026-02-03T20:19:30","slug":"sofa-maui-megasofa-etap-sofa-skora-l3","status":"publish","type":"product","link":"https:\/\/baldumarket.lt\/lt\/product\/sofa-maui-megasofa-etap-sofa-skora-l3\/","title":{"rendered":"Maui Megasofa Etap odin\u0117 sofa L3"},"content":{"rendered":"<p>\u201eEtap Sofa\u201c \u201eMaui Megasofa\u201c sofa sukurta moderniam interjerui, kuriame svarbiausia komfortas ir rafinuotas dizainas. Apvali forma ir mink\u0161tos, papildomos pagalv\u0117l\u0117s pabr\u0117\u017eia jaukum\u0105. Konstrukcij\u0105 sudaro du 1,25 metro plo\u010dio elementai, tod\u0117l sof\u0105 lengva pritaikyti svetain\u0117je.<br \/>\n\u201eMaui\u201c modelis neturi miegojimo funkcijos ar daiktad\u0117\u017e\u0117s, tod\u0117l galite sutelkti d\u0117mes\u012f \u012f kasdien\u012f komfort\u0105. S\u0117dyn\u0117 u\u017epildyta elastiniais dir\u017eeliais, poliuretano putomis ir granuli\u0173 bei silikono mi\u0161iniu, u\u017etikrinan\u010diu tinkam\u0105 atram\u0105 ir atsparum\u0105. Visas baldas paremtas plastikin\u0117mis slystan\u010diomis kojel\u0117mis, kurios u\u017etikrina stabilum\u0105 ir apsaugo grindis nuo \u012fbr\u0117\u017eim\u0173.<br \/>\nAtlo\u0161as u\u017epildytas medienos plau\u0161\u0173 plok\u0161t\u0117mis, poliuretano putomis ir granuli\u0173 bei silikono mi\u0161iniu, kuris suteikia jam mink\u0161tumo ir padeda ilgai i\u0161laikyti form\u0105. \u0160is med\u017eiag\u0173 derinys u\u017etikrina, kad sofa b\u016bt\u0173 patogiai palaikoma tiek s\u0117dint, tiek gulint. Kiekvienas elementas buvo sukurtas atsi\u017evelgiant \u012f patvarum\u0105 ir patogum\u0105.<\/p>\n<p>\u0160is modelis si\u016blomas su pla\u010diu apmu\u0161al\u0173 audini\u0173 asortimentu, tod\u0117l galite rinktis i\u0161 daugyb\u0117s apmu\u0161al\u0173 variant\u0173, atitinkan\u010di\u0173 j\u016bs\u0173 individualius pageidavimus ir interjero spalv\u0173 schem\u0105. Sofa tiekiama be odos, tod\u0117l ji yra \u0161velnesn\u0117 ir malonesn\u0117 liesti. Audini\u0173 pasirinkimas leid\u017eia sukurti tiek subtilius, tiek ry\u0161kius akcentus j\u016bs\u0173 kambaryje.<\/p>\n<p>\u201eMaui\u201c sofos matmenys: plotis 237 cm, auk\u0161tis 87 cm, gylis 131 cm, s\u0117dimosios dalies auk\u0161tis 41 cm, o s\u0117dimosios dalies gylis 79 cm. \u0160ios proporcijos garantuoja patogi\u0105 viet\u0105 atsipalaiduoti keliems \u017emon\u0117ms. \u201eMaui Megasofa Etap\u201c sofa \u2013 tai tvirtos konstrukcijos baldas, puikiai tiksiantis erdviose, \u0161iuolaiki\u0161kose svetain\u0117se.<\/p>","protected":false},"excerpt":{"rendered":"<p>Dydis (cm):<br \/>\nPlotis: 237<br \/>\nGylis: 131<br \/>\n\u016agis: 87<\/p>","protected":false},"featured_media":206568,"comment_status":"open","ping_status":"closed","template":"","meta":[],"product_brand":[],"product_cat":[9133],"product_tag":[],"class_list":{"0":"post-206558","1":"product","2":"type-product","3":"status-publish","4":"has-post-thumbnail","6":"product_cat-grouped","8":"first","9":"instock","10":"shipping-taxable","11":"purchasable","12":"product-type-variable","13":"wvs-archive-product-wrapper"},"_links":{"self":[{"href":"https:\/\/baldumarket.lt\/lt\/wp-json\/wp\/v2\/product\/206558","targetHints":{"allow":["GET"]}}],"collection":[{"href":"https:\/\/baldumarket.lt\/lt\/wp-json\/wp\/v2\/product"}],"about":[{"href":"https:\/\/baldumarket.lt\/lt\/wp-json\/wp\/v2\/types\/product"}],"replies":[{"embeddable":true,"href":"https:\/\/baldumarket.lt\/lt\/wp-json\/wp\/v2\/comments?post=206558"}],"wp:featuredmedia":[{"embeddable":true,"href":"https:\/\/baldumarket.lt\/lt\/wp-json\/wp\/v2\/media\/206568"}],"wp:attachment":[{"href":"https:\/\/baldumarket.lt\/lt\/wp-json\/wp\/v2\/media?parent=206558"}],"wp:term":[{"taxonomy":"product_brand","embeddable":true,"href":"https:\/\/baldumarket.lt\/lt\/wp-json\/wp\/v2\/product_brand?post=206558"},{"taxonomy":"product_cat","embeddable":true,"href":"https:\/\/baldumarket.lt\/lt\/wp-json\/wp\/v2\/product_cat?post=206558"},{"taxonomy":"product_tag","embeddable":true,"href":"https:\/\/baldumarket.lt\/lt\/wp-json\/wp\/v2\/product_tag?post=206558"}],"curies":[{"name":"wp","href":"https:\/\/api.w.org\/{rel}","templated":true}]}}