{"id":206537,"date":"2025-12-25T22:15:49","date_gmt":"2025-12-25T19:15:49","guid":{"rendered":"https:\/\/baldumarket.lt\/?post_type=product&#038;p=206537"},"modified":"2026-02-03T23:19:31","modified_gmt":"2026-02-03T20:19:31","slug":"sofa-meg-3f-et-etap-sofa","status":"publish","type":"product","link":"https:\/\/baldumarket.lt\/lt\/product\/sofa-meg-3f-et-etap-sofa\/","title":{"rendered":"Meg 3F ET laipteli\u0173 sofa"},"content":{"rendered":"<p>\u201eMeg 3F ET Etap\u201c sofa \u2013 puikus pasirinkimas tiems, kurie vertina tvirt\u0105 gamyb\u0105 ir kasdien\u012f komfort\u0105. \u0160is modelis pasi\u017eymi itali\u0161ko stiliaus miegojimo funkcija, i\u0161skleid\u017eiama ant spyruoklini\u0173 lentjuos\u010di\u0173, u\u017etikrinan\u010di\u0173 stabili\u0105 atram\u0105 miego metu. Sofos matmenys yra 199 x 85 x 107 cm, o i\u0161skleista sofa suteikia 141 x 200 cm miegojimo plot\u0105, tinkant\u012f dviem \u017emon\u0117ms.<br \/>\nS\u0117dyn\u0117 pagaminta i\u0161 poliuretano put\u0173, sujungt\u0173 su didelio elastingumo putomis, u\u017etikrinan\u010diomis tinkam\u0105 elastingumo ir ilgaam\u017ei\u0161kumo lyg\u012f. S\u0117dyn\u0117s auk\u0161tis yra 45 cm, o gylis \u2013 46 cm, tod\u0117l patogiai galima s\u0117d\u0117ti ir gul\u0117ti.<br \/>\nAtlo\u0161as yra su elastiniais dir\u017eeliais ir u\u017epildytas poliuretano putomis su silikoniniu \u012fd\u0117klu, kuris suteikia mink\u0161tumo ir pagerina komfort\u0105. \u0160i konstrukcija u\u017etikrina tolyg\u0173 nugaros palaikym\u0105, ilgai i\u0161laikant savo form\u0105.<br \/>\nModelis turi patalyn\u0117s skyri\u0173 atlo\u0161e, kuriame patogu laikyti b\u016btiniausius tekstil\u0117s gaminius. \u0160is sprendimas pagerina baldo funkcionalum\u0105 nepakenkiant jo proporcijoms ar estetikai.<\/p>\n<p>Dizain\u0105 papildo medin\u0117s kojel\u0117s, kurios gali b\u016bti keli\u0173 spalv\u0173: venge, sendintos vy\u0161nios, nat\u016bralaus buko, nat\u016bralaus \u0105\u017euolo, rie\u0161uto, sidabrin\u0117s arba juodos. Tai leid\u017eia \u201eMeg 3F ET\u201c sof\u0105 papildyti \u012fvairiais interjero dizainais, pabr\u0117\u017eiant j\u0173 charakter\u012f ir apdail\u0105.<\/p>","protected":false},"excerpt":{"rendered":"<p>The Meg 3F ET Etap Sofa is a perfect choice for those who value solid workmanship and everyday comfort. This model features an Italian-style sleeping function, folded out on sprung slats, ensuring stable support during sleep. The sofa&#8217;s dimensions are 199 x 85 x 107 cm, and when unfolded, it offers a sleeping area of [&hellip;]<\/p>","protected":false},"featured_media":206540,"comment_status":"open","ping_status":"closed","template":"","meta":[],"product_brand":[],"product_cat":[6444,560],"product_tag":[],"class_list":{"0":"post-206537","1":"product","2":"type-product","3":"status-publish","4":"has-post-thumbnail","6":"product_cat-etap-sofa","7":"product_cat-sofas-and-couches","9":"first","10":"instock","11":"shipping-taxable","12":"product-type-grouped"},"_links":{"self":[{"href":"https:\/\/baldumarket.lt\/lt\/wp-json\/wp\/v2\/product\/206537","targetHints":{"allow":["GET"]}}],"collection":[{"href":"https:\/\/baldumarket.lt\/lt\/wp-json\/wp\/v2\/product"}],"about":[{"href":"https:\/\/baldumarket.lt\/lt\/wp-json\/wp\/v2\/types\/product"}],"replies":[{"embeddable":true,"href":"https:\/\/baldumarket.lt\/lt\/wp-json\/wp\/v2\/comments?post=206537"}],"wp:featuredmedia":[{"embeddable":true,"href":"https:\/\/baldumarket.lt\/lt\/wp-json\/wp\/v2\/media\/206540"}],"wp:attachment":[{"href":"https:\/\/baldumarket.lt\/lt\/wp-json\/wp\/v2\/media?parent=206537"}],"wp:term":[{"taxonomy":"product_brand","embeddable":true,"href":"https:\/\/baldumarket.lt\/lt\/wp-json\/wp\/v2\/product_brand?post=206537"},{"taxonomy":"product_cat","embeddable":true,"href":"https:\/\/baldumarket.lt\/lt\/wp-json\/wp\/v2\/product_cat?post=206537"},{"taxonomy":"product_tag","embeddable":true,"href":"https:\/\/baldumarket.lt\/lt\/wp-json\/wp\/v2\/product_tag?post=206537"}],"curies":[{"name":"wp","href":"https:\/\/api.w.org\/{rel}","templated":true}]}}