{"id":206508,"date":"2025-12-25T22:14:29","date_gmt":"2025-12-25T19:14:29","guid":{"rendered":"https:\/\/baldumarket.lt\/?post_type=product&#038;p=206508"},"modified":"2026-02-03T23:19:33","modified_gmt":"2026-02-03T20:19:33","slug":"naroznik-nils-etap-sofa-skora-l3","status":"publish","type":"product","link":"https:\/\/baldumarket.lt\/lt\/product\/naroznik-nils-etap-sofa-skora-l3\/","title":{"rendered":"Nils Etap kampin\u0117 sofa, odin\u0117, L3"},"content":{"rendered":"<p>\u201eNils Etap Sofa\u201c kampin\u0117 sofa puikiai tinka ie\u0161kantiems patogi\u0173, rafinuoto dizaino ir auk\u0161tos kokyb\u0117s meistri\u0161kumo svetain\u0117s bald\u0173. Galima rinktis i\u0161 2,5F\/OTM BK QF konfig\u016bracijos sofos, kurios bendri matmenys yra 248 x 85 x 179 cm, tod\u0117l ji tinka tiek didesniems, tiek vidutinio dyd\u017eio kambariams. Ji tiekiama de\u0161iniarankiams, tiek kairiarankiams, tod\u0117l j\u0105 galima pritaikyti prie konkretaus interjero i\u0161planavimo.<br \/>\nKampin\u0117s sofos miegamojo plotas yra 189 \u00d7 121 cm, tod\u0117l jame patogu nak\u010diai pails\u0117ti. S\u0117dyn\u0117 turi B tipo banguotas spyruokles ir didelio elastingumo put\u0173 bei poliuretano put\u0173 derin\u012f, u\u017etikrinant\u012f pakankam\u0105 mink\u0161tum\u0105 ir ilgaam\u017ei\u0161kum\u0105. Atlo\u0161as turi elastinius dir\u017eelius ir silikonin\u012f \u012fd\u0117kl\u0105, u\u017etikrinant\u012f tvirt\u0105 nugaros atram\u0105.<br \/>\nKampin\u0117je sofoje yra patalyn\u0117s skyrius antklod\u0117ms, pagalv\u0117ms ar kitiems tekstil\u0117s gaminiams laikyti. Tai padeda palaikyti tvark\u0105 aplink sof\u0105 ir u\u017etikrinti, kad visi reikalingi aksesuarai visada b\u016bt\u0173 po ranka. I\u0161skleidimo mechanizmas sukurtas skland\u017eiam ir lengvam naudojimui. Dizain\u0105 papildo medin\u0117s kojel\u0117s, kurios yra keli\u0173 spalv\u0173: venge, sendinta vy\u0161nia, nat\u016bralus bukas, nat\u016bralus \u0105\u017euolas, rie\u0161utmedis, sidabrin\u0117 ir juoda. \u0160is universalumas leid\u017eia derinti apdail\u0105 prie j\u016bs\u0173 interjero ir kit\u0173 bald\u0173 charakterio. Mediena suteikia stabilumo ir estetin\u012f akcent\u0105.<\/p>\n<p>Kampin\u0117s sofos s\u0117dyn\u0117s auk\u0161tis yra 46 cm, o gylis \u2013 54 cm, tod\u0117l patogiai \u012fsitaisyti. \u201eNils\u201c modelis si\u016blomas su \u012fvairiais audiniais ir odomis, tod\u0117l galite susikurti asmenin\u0119 spalv\u0173 gam\u0105. \u0160is baldas derina tvirt\u0105 meistri\u0161kum\u0105 ir kasdienio naudojimo patogum\u0105.<\/p>","protected":false},"excerpt":{"rendered":"<p>Dydis (cm):<br \/>\nPlotis: 248<br \/>\nGylis: 179<br \/>\n\u016agis: 85<br \/>\nS\u0117dyn\u0117s auk\u0161tis: 46<\/p>","protected":false},"featured_media":206520,"comment_status":"open","ping_status":"closed","template":"","meta":[],"product_brand":[],"product_cat":[9133],"product_tag":[],"class_list":{"0":"post-206508","1":"product","2":"type-product","3":"status-publish","4":"has-post-thumbnail","6":"product_cat-grouped","8":"first","9":"instock","10":"shipping-taxable","11":"purchasable","12":"product-type-variable","13":"wvs-archive-product-wrapper"},"_links":{"self":[{"href":"https:\/\/baldumarket.lt\/lt\/wp-json\/wp\/v2\/product\/206508","targetHints":{"allow":["GET"]}}],"collection":[{"href":"https:\/\/baldumarket.lt\/lt\/wp-json\/wp\/v2\/product"}],"about":[{"href":"https:\/\/baldumarket.lt\/lt\/wp-json\/wp\/v2\/types\/product"}],"replies":[{"embeddable":true,"href":"https:\/\/baldumarket.lt\/lt\/wp-json\/wp\/v2\/comments?post=206508"}],"wp:featuredmedia":[{"embeddable":true,"href":"https:\/\/baldumarket.lt\/lt\/wp-json\/wp\/v2\/media\/206520"}],"wp:attachment":[{"href":"https:\/\/baldumarket.lt\/lt\/wp-json\/wp\/v2\/media?parent=206508"}],"wp:term":[{"taxonomy":"product_brand","embeddable":true,"href":"https:\/\/baldumarket.lt\/lt\/wp-json\/wp\/v2\/product_brand?post=206508"},{"taxonomy":"product_cat","embeddable":true,"href":"https:\/\/baldumarket.lt\/lt\/wp-json\/wp\/v2\/product_cat?post=206508"},{"taxonomy":"product_tag","embeddable":true,"href":"https:\/\/baldumarket.lt\/lt\/wp-json\/wp\/v2\/product_tag?post=206508"}],"curies":[{"name":"wp","href":"https:\/\/api.w.org\/{rel}","templated":true}]}}