{"id":206484,"date":"2025-12-25T22:12:39","date_gmt":"2025-12-25T19:12:39","guid":{"rendered":"https:\/\/baldumarket.lt\/?post_type=product&#038;p=206484"},"modified":"2026-02-03T23:19:35","modified_gmt":"2026-02-03T20:19:35","slug":"fotel-spot-rf-ele-zag-ele-etap-sofa-skora-l1","status":"publish","type":"product","link":"https:\/\/baldumarket.lt\/lt\/product\/fotel-spot-rf-ele-zag-ele-etap-sofa-skora-l1\/","title":{"rendered":"Spot RF ele fotelis (zag.ele) Etap sofa odin\u0117 L1"},"content":{"rendered":"<p>\u201eSpot RF ele\u201c (zag.ele) \u201eEtap Sofa\u201c fotelis \u2013 puikus pasirinkimas tiems, kurie vertina auk\u0161t\u0105 komfort\u0105 ir rafinuot\u0105 dizain\u0105. Erdvi jo forma buvo sukurta galvojant apie visi\u0161k\u0105 atsipalaidavim\u0105 po \u012ftemptos dienos. Mink\u0161ta s\u0117dyn\u0117, auk\u0161ti porankiai ir \u0161iek tiek atlo\u0161tas atlo\u0161as leid\u017eia nat\u016braliai ir patogiai s\u0117d\u0117ti, skatinant atsipalaidavim\u0105.<br \/>\n\u0160is baldas i\u0161siskiria kruop\u0161\u010diai atliktomis detal\u0117mis, \u012fskaitant skoning\u0105 dygsniavim\u0105, kuris suteikia jam charakterio ir pabr\u0117\u017eia unikali\u0105 i\u0161vaizd\u0105. Auk\u0161tos kokyb\u0117s med\u017eiag\u0173 naudojimas garantuoja patvarum\u0105 ir ilgalaik\u0119 estetik\u0105. Fotelis puikiai tiks bet kurioje poilsio erdv\u0117je, suteikdamas jaukumo ir harmoningumo.<br \/>\nD\u0117l elektrin\u0117s atsipalaidavimo funkcijos \u201eSpot\u201c fotelis leid\u017eia skland\u017eiai reguliuoti s\u0117d\u0117jimo pad\u0117t\u012f, tod\u0117l j\u012f galima visi\u0161kai pritaikyti prie individuali\u0173 naudotojo poreiki\u0173. Papildomas patogumas \u2013 elektra reguliuojama galvos atrama, u\u017etikrinanti optimali\u0105 galvos ir kaklo atram\u0105. \u0160is sprendimas skatina regeneracij\u0105 ir padidina kasdienio naudojimo komfort\u0105.<br \/>\nFotelio konstrukcija paremta tvirtomis med\u017eiagomis. S\u0117dyn\u0117 pagaminta i\u0161 zigzago spyruokli\u0173, didelio elastingumo put\u0173 ir poliuretano put\u0173 derinio, o atlo\u0161as u\u017epildytas poliuretano putomis ir elastingais dir\u017eeliais. Visas kr\u0117slas stovi ant juod\u0173 plastikini\u0173 kojeli\u0173, kurios u\u017etikrina jo stabilum\u0105.<\/p>\n<p>\u201eSpot\u201c modelis si\u016blomas su pla\u010diu audini\u0173 pasirinkimu, tod\u0117l galite priderinti jo i\u0161vaizd\u0105 prie savo interjero dizaino. Fotelio matmenys: plotis \u2013 105 cm, gylis \u2013 116 cm, auk\u0161tis \u2013 nuo 80 iki 104 cm, o s\u0117dyn\u0117s auk\u0161tis \u2013 45 cm. \u0160is dizainas suteiks j\u016bs\u0173 svetainei unikali\u0105 atmosfer\u0105 ir taps j\u016bs\u0173 m\u0117gstamiausia poilsio vieta.<\/p>","protected":false},"excerpt":{"rendered":"<p>Dydis (cm):<br \/>\nPlotis: 105<br \/>\nGylis: 116<br \/>\n\u016agis: 104<br \/>\nS\u0117dyn\u0117s auk\u0161tis: 45<\/p>","protected":false},"featured_media":206496,"comment_status":"open","ping_status":"closed","template":"","meta":[],"product_brand":[],"product_cat":[9133],"product_tag":[],"class_list":{"0":"post-206484","1":"product","2":"type-product","3":"status-publish","4":"has-post-thumbnail","6":"product_cat-grouped","8":"first","9":"instock","10":"shipping-taxable","11":"purchasable","12":"product-type-variable","13":"wvs-archive-product-wrapper"},"_links":{"self":[{"href":"https:\/\/baldumarket.lt\/lt\/wp-json\/wp\/v2\/product\/206484","targetHints":{"allow":["GET"]}}],"collection":[{"href":"https:\/\/baldumarket.lt\/lt\/wp-json\/wp\/v2\/product"}],"about":[{"href":"https:\/\/baldumarket.lt\/lt\/wp-json\/wp\/v2\/types\/product"}],"replies":[{"embeddable":true,"href":"https:\/\/baldumarket.lt\/lt\/wp-json\/wp\/v2\/comments?post=206484"}],"wp:featuredmedia":[{"embeddable":true,"href":"https:\/\/baldumarket.lt\/lt\/wp-json\/wp\/v2\/media\/206496"}],"wp:attachment":[{"href":"https:\/\/baldumarket.lt\/lt\/wp-json\/wp\/v2\/media?parent=206484"}],"wp:term":[{"taxonomy":"product_brand","embeddable":true,"href":"https:\/\/baldumarket.lt\/lt\/wp-json\/wp\/v2\/product_brand?post=206484"},{"taxonomy":"product_cat","embeddable":true,"href":"https:\/\/baldumarket.lt\/lt\/wp-json\/wp\/v2\/product_cat?post=206484"},{"taxonomy":"product_tag","embeddable":true,"href":"https:\/\/baldumarket.lt\/lt\/wp-json\/wp\/v2\/product_tag?post=206484"}],"curies":[{"name":"wp","href":"https:\/\/api.w.org\/{rel}","templated":true}]}}