{"id":206464,"date":"2025-12-25T22:11:21","date_gmt":"2025-12-25T19:11:21","guid":{"rendered":"https:\/\/baldumarket.lt\/?post_type=product&#038;p=206464"},"modified":"2026-02-03T23:19:36","modified_gmt":"2026-02-03T20:19:36","slug":"zoom-fotel-etap-sofa-skora-l1","status":"publish","type":"product","link":"https:\/\/baldumarket.lt\/lt\/product\/zoom-fotel-etap-sofa-skora-l1\/","title":{"rendered":"\u201eZoom Etap\u201c fotelis-sofa-odin\u0117 L1"},"content":{"rendered":"<p>\u201eEtap Sofa\u201c \u201eZoom\u201c fotelis \u2013 puikus pasirinkimas ie\u0161kantiems moderni\u0173 interjero sprendim\u0173. Unikalus dizainas traukia d\u0117mes\u012f ir suteikia erdvei savit\u0105 charakter\u012f. \u0160is modelis puikiai tinka svetainei, biurui ar darbo kambariui, tapdamas bet kurio kambario traukos centru.<br \/>\nFotelio konstrukcija buvo sukurta atsi\u017evelgiant \u012f patogum\u0105 ir ilgaam\u017ei\u0161kum\u0105. S\u0117dyn\u0117 pasi\u017eymi vingiuotomis spyruokl\u0117mis, didelio elastingumo putomis ir poliuretano putomis, kurios u\u017etikrina tinkam\u0105 atram\u0105 ir mink\u0161tum\u0105. Atlo\u0161as pagamintas i\u0161 elasting\u0173 dir\u017eeli\u0173 ir poliuretano put\u0173, u\u017etikrinan\u010di\u0173 komfort\u0105 ilgo poilsio metu.<br \/>\nPapildomas fotelio privalumas \u2013 reguliuojamos galvos atramos, leid\u017eian\u010dios individualiai pritaikyti jas prie naudotojo poreiki\u0173. Tai dar labiau atpalaiduoja poils\u012f, o fotelis suteikia ideali\u0105 k\u016bno atram\u0105. Kruop\u0161tus meistri\u0161kumas matomas kiekvienoje detal\u0117je, u\u017etikrinant gaminio ilgaam\u017ei\u0161kum\u0105.<br \/>\n\u201eZoom\u201c modelis si\u016blomas su pla\u010diu audini\u0173 ir od\u0173 pasirinkimu, tod\u0117l galite susikurti savo interjero charakteriui pritaikyt\u0105 dizain\u0105. Kojel\u0117s gali b\u016bti chromuotos, ritinin\u0117s arba medin\u0117s, \u0161i\u0173 spalv\u0173: venge, sendinta vy\u0161nia, nat\u016bralus bukas, nat\u016bralus \u0105\u017euolas, rie\u0161utmedis, sidabrin\u0117 arba juoda. \u0160i apdailos \u012fvairov\u0117 leid\u017eia fotel\u012f pritaikyti prie daugelio estetini\u0173 koncepcij\u0173.<\/p>\n<p>Fotelis yra 105 cm plo\u010dio, 78\u201391 cm auk\u0161\u010dio, 96 cm gylio ir 42 cm auk\u0161\u010dio. \u0160ios proporcijos suteikia daug erdv\u0117s poilsiui ir harmoningai dera prie \u012fvairi\u0173 interjer\u0173. \u201eZoom\u201c fotelis \u2013 puikus pasirinkimas tiems, kurie vertina auk\u0161t\u0105 meistri\u0161kumo kokyb\u0119 ir unikal\u0173 dizain\u0105.<\/p>","protected":false},"excerpt":{"rendered":"<p>Dydis (cm):<br \/>\nPlotis: 105<br \/>\nGylis: 96<br \/>\n\u016agis: 91<br \/>\nS\u0117dyn\u0117s auk\u0161tis: 42<\/p>","protected":false},"featured_media":206476,"comment_status":"open","ping_status":"closed","template":"","meta":[],"product_brand":[],"product_cat":[9133],"product_tag":[],"class_list":{"0":"post-206464","1":"product","2":"type-product","3":"status-publish","4":"has-post-thumbnail","6":"product_cat-grouped","8":"first","9":"instock","10":"shipping-taxable","11":"purchasable","12":"product-type-variable","13":"wvs-archive-product-wrapper"},"_links":{"self":[{"href":"https:\/\/baldumarket.lt\/lt\/wp-json\/wp\/v2\/product\/206464","targetHints":{"allow":["GET"]}}],"collection":[{"href":"https:\/\/baldumarket.lt\/lt\/wp-json\/wp\/v2\/product"}],"about":[{"href":"https:\/\/baldumarket.lt\/lt\/wp-json\/wp\/v2\/types\/product"}],"replies":[{"embeddable":true,"href":"https:\/\/baldumarket.lt\/lt\/wp-json\/wp\/v2\/comments?post=206464"}],"wp:featuredmedia":[{"embeddable":true,"href":"https:\/\/baldumarket.lt\/lt\/wp-json\/wp\/v2\/media\/206476"}],"wp:attachment":[{"href":"https:\/\/baldumarket.lt\/lt\/wp-json\/wp\/v2\/media?parent=206464"}],"wp:term":[{"taxonomy":"product_brand","embeddable":true,"href":"https:\/\/baldumarket.lt\/lt\/wp-json\/wp\/v2\/product_brand?post=206464"},{"taxonomy":"product_cat","embeddable":true,"href":"https:\/\/baldumarket.lt\/lt\/wp-json\/wp\/v2\/product_cat?post=206464"},{"taxonomy":"product_tag","embeddable":true,"href":"https:\/\/baldumarket.lt\/lt\/wp-json\/wp\/v2\/product_tag?post=206464"}],"curies":[{"name":"wp","href":"https:\/\/api.w.org\/{rel}","templated":true}]}}