{"id":206441,"date":"2025-12-25T22:10:32","date_gmt":"2025-12-25T19:10:32","guid":{"rendered":"https:\/\/baldumarket.lt\/?post_type=product&#038;p=206441"},"modified":"2026-02-03T23:19:38","modified_gmt":"2026-02-03T20:19:38","slug":"zoom-naroznik-bfl-25f-e-1ht-bk-etap-sofa-skora-l3","status":"publish","type":"product","link":"https:\/\/baldumarket.lt\/lt\/product\/zoom-naroznik-bfl-25f-e-1ht-bk-etap-sofa-skora-l3\/","title":{"rendered":"\u201eZoom\u201c kampin\u0117 sofa BFL-2.5FE-1HT\/BK \u201eEtap\u201c odin\u0117 sofa L3"},"content":{"rendered":"<p>\u201eEtap Sofa\u201c kampin\u0117 sofa \u201eZoom\u201c \u2013 puikus pasirinkimas tiems, kurie vertina auk\u0161t\u0105 meistri\u0161kumo kokyb\u0119 ir patog\u0173 poils\u012f. I\u0161skirtinis jos dizainas traukia d\u0117mes\u012f ir suteikia bet kokiam interjerui unikalumo. Gerai apgalvotas dizainas leid\u017eia jai puikiai tikti tiek erdvioms svetain\u0117ms, tiek jaukesn\u0117ms erdv\u0117ms.<\/p>\n<p>\u0160is modelis turi miegojimo funkcij\u0105 ir stal\u010diaus formos patalyn\u0117s skyri\u0173, kuriame patogu laikyti papildom\u0105 patalyn\u0119. I\u0161skleista sofa suteikia 120 \u00d7 193 cm dyd\u017eio miegojimo plot\u0105, u\u017etikrinant\u012f patog\u0173 poils\u012f. Reguliuojamos galvos atramos leid\u017eia pritaikyti galvos atramos auk\u0161t\u012f prie individuali\u0173 naudotojo poreiki\u0173.<\/p>\n<p>S\u0117dyn\u0117 paremta vingiuotomis spyruokl\u0117mis, u\u017epildytomis didelio elastingumo putomis ir poliuretano putomis, u\u017etikrinan\u010diomis patvarum\u0105 ir mink\u0161tum\u0105. Atlo\u0161as pagamintas i\u0161 elasting\u0173 dir\u017eeli\u0173 ir poliuretano put\u0173, suteikian\u010di\u0173 tinkam\u0105 nugaros atram\u0105. Tai u\u017etikrina, kad sofa ilg\u0105 laik\u0105 i\u0161laiko savo form\u0105 ir yra labai patogi.<\/p>\n<p>Sofa si\u016bloma kair\u0117s arba de\u0161in\u0117s pus\u0117s (L\/R), tod\u0117l galite j\u0105 pritaikyti prie savo kambario i\u0161planavimo. Kampin\u0117 sofa yra BF-2.5FE-1HT\/BK konfig\u016bracijos ir stovi ant tvirt\u0173 chromuot\u0173 arba medini\u0173 kojeli\u0173. Galimos \u012fvairios medienos apdailos: venge, sendinta vy\u0161nia, nat\u016bralus bukas, nat\u016bralus \u0105\u017euolas, rie\u0161utmedis, sidabrin\u0117 arba juoda.<\/p>\n<p>Kampin\u0117s sofos \u201eZoom\u201c plotis yra 261 cm, auk\u0161tis 78\u201391 cm, gylis 203 cm, o s\u0117dimosios dalies auk\u0161tis \u2013 42 cm. Kruop\u0161\u010diai parinktos med\u017eiagos ir rafinuotos detal\u0117s u\u017etikrina jos patvarum\u0105 ir patogum\u0105 kasdieniam naudojimui. Platus audini\u0173 ir od\u0173 pasirinkimas leid\u017eia susikurti kompozicij\u0105, puikiai atitinkan\u010di\u0105 j\u016bs\u0173 individualius pageidavimus ir interjero charakter\u012f.<\/p>","protected":false},"excerpt":{"rendered":"<p>Dydis (cm):<br \/>\nPlotis: 261<br \/>\nGylis: 203<br \/>\n\u016agis: 91<br \/>\nS\u0117dyn\u0117s auk\u0161tis: 42<\/p>","protected":false},"featured_media":206451,"comment_status":"open","ping_status":"closed","template":"","meta":[],"product_brand":[],"product_cat":[9133],"product_tag":[],"class_list":{"0":"post-206441","1":"product","2":"type-product","3":"status-publish","4":"has-post-thumbnail","6":"product_cat-grouped","8":"first","9":"instock","10":"shipping-taxable","11":"purchasable","12":"product-type-variable","13":"wvs-archive-product-wrapper"},"_links":{"self":[{"href":"https:\/\/baldumarket.lt\/lt\/wp-json\/wp\/v2\/product\/206441","targetHints":{"allow":["GET"]}}],"collection":[{"href":"https:\/\/baldumarket.lt\/lt\/wp-json\/wp\/v2\/product"}],"about":[{"href":"https:\/\/baldumarket.lt\/lt\/wp-json\/wp\/v2\/types\/product"}],"replies":[{"embeddable":true,"href":"https:\/\/baldumarket.lt\/lt\/wp-json\/wp\/v2\/comments?post=206441"}],"wp:featuredmedia":[{"embeddable":true,"href":"https:\/\/baldumarket.lt\/lt\/wp-json\/wp\/v2\/media\/206451"}],"wp:attachment":[{"href":"https:\/\/baldumarket.lt\/lt\/wp-json\/wp\/v2\/media?parent=206441"}],"wp:term":[{"taxonomy":"product_brand","embeddable":true,"href":"https:\/\/baldumarket.lt\/lt\/wp-json\/wp\/v2\/product_brand?post=206441"},{"taxonomy":"product_cat","embeddable":true,"href":"https:\/\/baldumarket.lt\/lt\/wp-json\/wp\/v2\/product_cat?post=206441"},{"taxonomy":"product_tag","embeddable":true,"href":"https:\/\/baldumarket.lt\/lt\/wp-json\/wp\/v2\/product_tag?post=206441"}],"curies":[{"name":"wp","href":"https:\/\/api.w.org\/{rel}","templated":true}]}}