{"id":206414,"date":"2025-12-25T22:09:02","date_gmt":"2025-12-25T19:09:02","guid":{"rendered":"https:\/\/baldumarket.lt\/?post_type=product&#038;p=206414"},"modified":"2026-02-03T23:19:39","modified_gmt":"2026-02-03T20:19:39","slug":"naroznik-tommy-table-etap-sofa-skora-l4","status":"publish","type":"product","link":"https:\/\/baldumarket.lt\/lt\/product\/naroznik-tommy-table-etap-sofa-skora-l4\/","title":{"rendered":"Tommy staliukas Etap odin\u0117 kampin\u0117 sofa L4"},"content":{"rendered":"<p>Kampin\u0117 sofa \u201eTommy Table Etap Sofa\u201c \u2013 tai modernus poilsio baldas i\u0161 modulin\u0117s \u201eTommy Table\u201c kolekcijos, kuri\u0105 gamina \u201eEtap Sofa\u201c. Paprastas, geometrinis dizainas puikiai dera prie \u0161iuolaikinio interjero. \u0160i kampin\u0117 sofa yra funkcionali kampin\u0117 sofa be vietos daiktams susid\u0117ti, tod\u0117l atrodo lengva ir tvarkinga.<br \/>\n\u201eTommy Table\u201c kolekcijoje yra \u012fvairi\u0173 element\u0173, toki\u0173 kaip moduliai su porankiais arba be j\u0173, \u0161ezlongai, baro k\u0117d\u0117s ir vidinis stalas, leid\u017eiantys sukurti individualias konfig\u016bracijas, pritaikytas prie svetain\u0117s erdv\u0117s. Kampin\u0117 sofa si\u016bloma su \u012fvairiais apmu\u0161al\u0173 asortimentu, ta\u010diau gamintojas nenumat\u0117 galimyb\u0117s j\u0105 aptraukti oda. \u012evairi spalv\u0173 palet\u0117 leid\u017eia priderinti baldus prie j\u016bs\u0173 interjero stiliaus.<br \/>\nS\u0117dyn\u0117 sukurta atsi\u017evelgiant \u012f patogum\u0105 ir ilgaam\u017ei\u0161kum\u0105. Jos konstrukcijoje naudojama B tipo banguota spyruokl\u0117, didelio elastingumo putplastis ir poliuretano putplastis, u\u017etikrinantys tinkam\u0105 atram\u0105 ir atsparum\u0105 deformacijai. Atlo\u0161as pagamintas i\u0161 elasting\u0173 dir\u017eeli\u0173 ir poliuretano putplas\u010dio, u\u017etikrinan\u010dio komfort\u0105 kasdienio naudojimo metu.<br \/>\nKampin\u0117s sofos pagrindas remiasi \u012f plastikinius b\u0117gelius, kurie u\u017etikrina stabilum\u0105 ir apsaugo grindis nuo \u012fbr\u0117\u017eim\u0173. \u0160io tipo kojel\u0117s sustiprina modern\u0173 modelio charakter\u012f ir leid\u017eia lengvai j\u012f perkelti prireikus. Dizainas buvo kruop\u0161\u010diai sukurtas siekiant i\u0161laikyti vizualin\u012f vientisum\u0105 visoje kolekcijoje.<\/p>\n<p>Kampin\u0117s sofos plotis \u2013 263 cm, auk\u0161tis \u2013 69 cm, gylis \u2013 159 cm, trumpesn\u0117s \u0161onin\u0117s dalies ilgis \u2013 107 cm. S\u0117dyn\u0117s auk\u0161tis \u2013 44 cm, o gylis \u2013 65 cm, tod\u0117l joje patogu atsipalaiduoti. D\u0117l savo proporcij\u0173 sofa tinka tiek erdvioms, tiek vidutinio dyd\u017eio svetain\u0117ms.<\/p>","protected":false},"excerpt":{"rendered":"<p>Dydis (cm):<br \/>\nPlotis: 263<br \/>\nGylis: 159<br \/>\n\u016agis: 69<br \/>\nS\u0117dyn\u0117s auk\u0161tis: 44<br \/>\nS\u0117dyn\u0117s gylis: 65<\/p>","protected":false},"featured_media":206419,"comment_status":"open","ping_status":"closed","template":"","meta":[],"product_brand":[],"product_cat":[9133],"product_tag":[],"class_list":{"0":"post-206414","1":"product","2":"type-product","3":"status-publish","4":"has-post-thumbnail","6":"product_cat-grouped","8":"first","9":"instock","10":"shipping-taxable","11":"purchasable","12":"product-type-variable","13":"wvs-archive-product-wrapper"},"_links":{"self":[{"href":"https:\/\/baldumarket.lt\/lt\/wp-json\/wp\/v2\/product\/206414","targetHints":{"allow":["GET"]}}],"collection":[{"href":"https:\/\/baldumarket.lt\/lt\/wp-json\/wp\/v2\/product"}],"about":[{"href":"https:\/\/baldumarket.lt\/lt\/wp-json\/wp\/v2\/types\/product"}],"replies":[{"embeddable":true,"href":"https:\/\/baldumarket.lt\/lt\/wp-json\/wp\/v2\/comments?post=206414"}],"wp:featuredmedia":[{"embeddable":true,"href":"https:\/\/baldumarket.lt\/lt\/wp-json\/wp\/v2\/media\/206419"}],"wp:attachment":[{"href":"https:\/\/baldumarket.lt\/lt\/wp-json\/wp\/v2\/media?parent=206414"}],"wp:term":[{"taxonomy":"product_brand","embeddable":true,"href":"https:\/\/baldumarket.lt\/lt\/wp-json\/wp\/v2\/product_brand?post=206414"},{"taxonomy":"product_cat","embeddable":true,"href":"https:\/\/baldumarket.lt\/lt\/wp-json\/wp\/v2\/product_cat?post=206414"},{"taxonomy":"product_tag","embeddable":true,"href":"https:\/\/baldumarket.lt\/lt\/wp-json\/wp\/v2\/product_tag?post=206414"}],"curies":[{"name":"wp","href":"https:\/\/api.w.org\/{rel}","templated":true}]}}