{"id":206387,"date":"2025-12-25T22:07:29","date_gmt":"2025-12-25T19:07:29","guid":{"rendered":"https:\/\/baldumarket.lt\/?post_type=product&#038;p=206387"},"modified":"2026-03-05T11:11:30","modified_gmt":"2026-03-05T08:11:30","slug":"naroznik-tommy-table-ze-stolikiem-etap-sofa","status":"publish","type":"product","link":"https:\/\/baldumarket.lt\/lt\/product\/naroznik-tommy-table-ze-stolikiem-etap-sofa\/","title":{"rendered":"TOMMY Table kampin\u0117 sofa su Etap sofos staliuku"},"content":{"rendered":"<p>\u201eEtap Sofa\u201c kampin\u0117 sofa \u201eTommy Table\u201c yra m\u016bs\u0173 modulin\u0117s kolekcijos, sukurtos galvojant apie modern\u0173 interjer\u0105, dalis. Paprasta, geometrin\u0117 forma ir kruop\u0161ti apdaila paver\u010dia j\u0105 \u012fdomiu bet kurio svetain\u0117s akcentu. Kolekcijoje yra \u012fvairi\u0173 moduli\u0173 \u2013 paprast\u0173 element\u0173 su porankiais arba be j\u0173, \u0161ezlong\u0173, baro k\u0117d\u017ei\u0173 ir vidinio staliuko, kuris yra neatsiejama komplekto dalis.<br \/>\n\u0160is modelis neturi miegojimo funkcijos ar daiktad\u0117\u017e\u0117s, tod\u0117l i\u0161laiko lengv\u0105 ir minimalistin\u012f dizain\u0105. Kampin\u0117s sofos s\u0117dyn\u0117 pagaminta i\u0161 B tipo banguot\u0173 spyruokli\u0173, didelio elastingumo put\u0173 ir poliuretano put\u0173, u\u017etikrinan\u010di\u0173 optimal\u0173 komfort\u0105 ir ilgaam\u017ei\u0161kum\u0105. Atlo\u0161as turi elastinius dir\u017eelius ir poliuretano put\u0173 u\u017epild\u0105, tod\u0117l prisitaiko prie naudotojo k\u016bno formos.<br \/>\nKampin\u0117s sofos plotis \u2013 293 cm, auk\u0161tis \u2013 69 cm, gylis \u2013 159 cm, o trumpesn\u0117s pus\u0117s ilgis \u2013 107 cm. S\u0117dyn\u0117s auk\u0161tis \u2013 44 cm, o gylis \u2013 65 cm, tod\u0117l patogu atsipalaiduoti ir atsipalaiduoti. Visas komplektas stovi ant plastikini\u0173 b\u0117geli\u0173, kurie apsaugo grindis nuo \u012fbr\u0117\u017eim\u0173.<\/p>\n<p>Neatsiejama komplekto dalis yra medinis vidinis staliukas, kuris atlieka estetinio akcento ir prakti\u0161ko atraminio pavir\u0161iaus funkcij\u0105. Jo matmenys \u2013 30 cm plo\u010dio, 30 cm auk\u0161\u010dio ir 96 cm gylio. Gamintojas si\u016blo pasirinkti stalo spalvas: kaimi\u0161ko \u0105\u017euolo, veng\u0117s, sendintos vy\u0161nios, nat\u016bralaus buko, nat\u016bralaus \u0105\u017euolo, rie\u0161uto, sidabro ir juodos spalvos.<\/p>\n<p>\u201eTommy\u201c staliukas si\u016blomas su \u012fvairiais apmu\u0161alais, tod\u0117l galite j\u012f pritaikyti pagal savo individualius pageidavimus. Ta\u010diau verta pamin\u0117ti, kad baldai n\u0117ra aptraukti oda. Visas komplektas yra kruop\u0161\u010diai suprojektuotas baldas, kuriame dera tvirta meistri\u0161kumo kokyb\u0117 ir moderni \u201eEtap\u201c sofos estetika.<\/p>","protected":false},"excerpt":{"rendered":"<p>\u201eEtap Sofa\u201c kampin\u0117 sofa \u201eTommy Table\u201c yra m\u016bs\u0173 modulin\u0117s kolekcijos, sukurtos galvojant apie modern\u0173 interjer\u0105, dalis. Paprasta, geometrin\u0117 forma ir kruop\u0161ti apdaila paver\u010dia j\u0105 \u012fdomiu bet kurio svetain\u0117s akcentu. Kolekcijoje yra \u012fvairi\u0173 moduli\u0173 \u2013 paprast\u0173 element\u0173 su porankiais arba be j\u0173, \u0161ezlong\u0173, baro k\u0117d\u017ei\u0173 ir [\u2026]<\/p>","protected":false},"featured_media":206399,"comment_status":"open","ping_status":"closed","template":"","meta":[],"product_brand":[],"product_cat":[616,1983,6444],"product_tag":[],"class_list":{"0":"post-206387","1":"product","2":"type-product","3":"status-publish","4":"has-post-thumbnail","6":"product_cat-corners","7":"product_cat-corners-l","8":"product_cat-etap-sofa","10":"first","11":"instock","12":"shipping-taxable","13":"product-type-grouped"},"_links":{"self":[{"href":"https:\/\/baldumarket.lt\/lt\/wp-json\/wp\/v2\/product\/206387","targetHints":{"allow":["GET"]}}],"collection":[{"href":"https:\/\/baldumarket.lt\/lt\/wp-json\/wp\/v2\/product"}],"about":[{"href":"https:\/\/baldumarket.lt\/lt\/wp-json\/wp\/v2\/types\/product"}],"replies":[{"embeddable":true,"href":"https:\/\/baldumarket.lt\/lt\/wp-json\/wp\/v2\/comments?post=206387"}],"wp:featuredmedia":[{"embeddable":true,"href":"https:\/\/baldumarket.lt\/lt\/wp-json\/wp\/v2\/media\/206399"}],"wp:attachment":[{"href":"https:\/\/baldumarket.lt\/lt\/wp-json\/wp\/v2\/media?parent=206387"}],"wp:term":[{"taxonomy":"product_brand","embeddable":true,"href":"https:\/\/baldumarket.lt\/lt\/wp-json\/wp\/v2\/product_brand?post=206387"},{"taxonomy":"product_cat","embeddable":true,"href":"https:\/\/baldumarket.lt\/lt\/wp-json\/wp\/v2\/product_cat?post=206387"},{"taxonomy":"product_tag","embeddable":true,"href":"https:\/\/baldumarket.lt\/lt\/wp-json\/wp\/v2\/product_tag?post=206387"}],"curies":[{"name":"wp","href":"https:\/\/api.w.org\/{rel}","templated":true}]}}