{"id":206356,"date":"2025-12-25T22:05:48","date_gmt":"2025-12-25T19:05:48","guid":{"rendered":"https:\/\/baldumarket.lt\/?post_type=product&#038;p=206356"},"modified":"2026-02-03T23:19:42","modified_gmt":"2026-02-03T20:19:42","slug":"zoom-naroznik-b-25f-rec-bk-etap-sofa-skora-l2","status":"publish","type":"product","link":"https:\/\/baldumarket.lt\/lt\/product\/zoom-naroznik-b-25f-rec-bk-etap-sofa-skora-l2\/","title":{"rendered":"\u201eZoom\u201c kampin\u0117 sofa B-2.5F-REC\/BK \u201eEtap\u201c odin\u0117 sofa L2"},"content":{"rendered":"<p>\u201eEtap Sofa\u201c kampin\u0117 sofa \u201eZoom\u201c \u2013 puikus pasirinkimas tiems, kurie vertina auk\u0161t\u0105 meistri\u0161kumo kokyb\u0119 ir kruop\u0161t\u0173 darb\u0105. Unikalus dizainas traukia d\u0117mes\u012f ir puikiai dera prie modernaus interjero. Kruop\u0161tus med\u017eiag\u0173 pasirinkimas ir tiksli konstrukcija u\u017etikrina patvarum\u0105 ir komfort\u0105 kasdienio naudojimo metu.<\/p>\n<p>\u0160is modelis turi miegojimo funkcij\u0105 ir patalyn\u0117s skyri\u0173, tod\u0117l kampin\u0119 sof\u0105 galite patogiai naudoti kaip viet\u0105 nak\u010diai. Miegamosios dalies matmenys yra 120 \u00d7 193 cm, tod\u0117l yra pakankamai vietos dviem \u017emon\u0117ms. Papildomas privalumas \u2013 reguliuojamos galvos atramos, leid\u017eian\u010dios pritaikyti galvos atram\u0105 pagal individualius poreikius.<\/p>\n<p>Kampin\u0117s sofos konstrukcija pagr\u012fsta vingiuotomis spyruokl\u0117mis, didelio elastingumo putomis ir poliuretano putomis, u\u017etikrinan\u010diomis, kad s\u0117dyn\u0117 i\u0161likt\u0173 elastinga ir patogi net ir intensyviai naudojant. Atlo\u0161as u\u017epildytas elastiniais dir\u017eeliais ir poliuretano putomis, kurios palaiko taisykling\u0105 laikysen\u0105 poilsio metu. Kampin\u0117 sofa \u201eZoom\u201c tiekiama kair\u0117s arba de\u0161in\u0117s pus\u0117s (L\/R) konfig\u016bracijomis, B-2.5F-REC\/BK variante, tod\u0117l galite pritaikyti bald\u0105 prie savo kambario i\u0161planavimo. Chromuotos arba medin\u0117s kojel\u0117s suteikia jai lengvumo ir pabr\u0117\u017eia modern\u0173 charakter\u012f. Medin\u0117s sofos yra \u0161i\u0173 spalv\u0173: venge, sendinta vy\u0161nia, nat\u016bralus bukas, nat\u016bralus \u0105\u017euolas, rie\u0161utmedis, sidabrin\u0117 ir juoda.<\/p>\n<p>Platus audini\u0173 ir od\u0173 pasirinkimas papildo dizain\u0105, leisdamas jums susikurti kampin\u0119 sof\u0105, idealiai atitinkan\u010di\u0105 j\u016bs\u0173 individualius pageidavimus. Matmenys: plotis 265 cm, auk\u0161tis 78\u201391 cm, gylis 172 cm, s\u0117dimosios dalies auk\u0161tis 42 cm. Kampin\u0117 sofa \u201eZoom\u201c \u2013 tvirtas ir patogus sprendimas, kuris puikiai papildys j\u016bs\u0173 svetain\u0119.<\/p>","protected":false},"excerpt":{"rendered":"<p>Dydis (cm):<br \/>\nPlotis: 265<br \/>\nGylis: 172<br \/>\n\u016agis: 91<br \/>\nS\u0117dyn\u0117s auk\u0161tis: 42<\/p>","protected":false},"featured_media":206369,"comment_status":"open","ping_status":"closed","template":"","meta":[],"product_brand":[],"product_cat":[9133],"product_tag":[],"class_list":{"0":"post-206356","1":"product","2":"type-product","3":"status-publish","4":"has-post-thumbnail","6":"product_cat-grouped","8":"first","9":"instock","10":"shipping-taxable","11":"purchasable","12":"product-type-variable","13":"wvs-archive-product-wrapper"},"_links":{"self":[{"href":"https:\/\/baldumarket.lt\/lt\/wp-json\/wp\/v2\/product\/206356","targetHints":{"allow":["GET"]}}],"collection":[{"href":"https:\/\/baldumarket.lt\/lt\/wp-json\/wp\/v2\/product"}],"about":[{"href":"https:\/\/baldumarket.lt\/lt\/wp-json\/wp\/v2\/types\/product"}],"replies":[{"embeddable":true,"href":"https:\/\/baldumarket.lt\/lt\/wp-json\/wp\/v2\/comments?post=206356"}],"wp:featuredmedia":[{"embeddable":true,"href":"https:\/\/baldumarket.lt\/lt\/wp-json\/wp\/v2\/media\/206369"}],"wp:attachment":[{"href":"https:\/\/baldumarket.lt\/lt\/wp-json\/wp\/v2\/media?parent=206356"}],"wp:term":[{"taxonomy":"product_brand","embeddable":true,"href":"https:\/\/baldumarket.lt\/lt\/wp-json\/wp\/v2\/product_brand?post=206356"},{"taxonomy":"product_cat","embeddable":true,"href":"https:\/\/baldumarket.lt\/lt\/wp-json\/wp\/v2\/product_cat?post=206356"},{"taxonomy":"product_tag","embeddable":true,"href":"https:\/\/baldumarket.lt\/lt\/wp-json\/wp\/v2\/product_tag?post=206356"}],"curies":[{"name":"wp","href":"https:\/\/api.w.org\/{rel}","templated":true}]}}