{"id":206289,"date":"2025-12-25T20:58:32","date_gmt":"2025-12-25T17:58:32","guid":{"rendered":"https:\/\/baldumarket.lt\/?post_type=product&#038;p=206289"},"modified":"2026-02-03T23:19:46","modified_gmt":"2026-02-03T20:19:46","slug":"fotel-goya-bydgoskie-meble-gr2","status":"publish","type":"product","link":"https:\/\/baldumarket.lt\/lt\/product\/fotel-goya-bydgoskie-meble-gr2\/","title":{"rendered":"Goya Fotelis Bydgoszcz Baldai Gr2"},"content":{"rendered":"<p>\u201eBydgoskie Meble\u201c \u201eGoya\u201c fotelis skirtas tiems, kurie vertina tvirt\u0105 meistri\u0161kum\u0105 ir auk\u0161tos kokyb\u0117s med\u017eiagas. Jo konstrukcija pagr\u012fsta didelio elastingumo putplas\u010dio ir vingiuot\u0173 spyruokli\u0173 deriniu, u\u017etikrinan\u010diu ilgalaik\u012f s\u0117d\u0117jimo komfort\u0105. Atlo\u0161as, pagamintas i\u0161 elastini\u0173 juost\u0173 ir poliuretano put\u0173, suteikia tinkam\u0105 atram\u0105 net ir ilg\u0173 poilsio valand\u0173 metu.<\/p>\n<p>Reguliuojama galvos atrama leid\u017eia reguliuoti auk\u0161t\u012f ir kamp\u0105 pagal individualius naudotojo poreikius. Tai u\u017etikrina visi\u0161k\u0105 atsipalaidavim\u0105 ir i\u0161skirtin\u012f komfort\u0105. Kruop\u0161\u010diai apgalvotos dizaino detal\u0117s pabr\u0117\u017eia gamintojo \u012fsipareigojim\u0105 kasdieniam komfortui.<\/p>\n<p>Tiksliai apibr\u0117\u017eti bald\u0173 matmenys \u2013 94 cm plo\u010dio, 84 cm auk\u0161\u010dio ir 107 cm gylio \u2013 garantuoja patogi\u0105 s\u0117d\u0117jimo zon\u0105, i\u0161laikant tinkamas proporcijas. Baldas puikiai tiks tiek erdviose svetain\u0117se, tiek jaukesniuose interjeruose. Tvirta konstrukcija u\u017etikrina stabilum\u0105 ir ilgaam\u017ei\u0161kum\u0105. Visas baldas stovi ant medini\u0173 kojeli\u0173, kurias galima rinktis i\u0161 septyni\u0173 spalv\u0173: venge, sendintos vy\u0161nios, nat\u016bralaus buko, nat\u016bralaus \u0105\u017euolo, rie\u0161uto, sidabrin\u0117s ir juodos. \u0160is universalumas leid\u017eia spalv\u0105 priderinti prie bet kurio kambario charakterio. Kruop\u0161\u010diai pagaminti mediniai elementai suteikia baldui i\u0161skirtinumo ir pabr\u0117\u017eia auk\u0161t\u0105 jo kokyb\u0119.<\/p>\n<p>Dar vienas privalumas \u2013 galimyb\u0117 rinktis i\u0161 daugiau nei 600 audini\u0173, \u012fskaitant nat\u016brali\u0105 od\u0105, o tai atveria pla\u010dias pritaikymo galimybes. Klientai gali susikurti dizain\u0105, kuris puikiai atitikt\u0173 j\u0173 l\u016bkes\u010dius. \u201eGoya\u201c fotelis sujungia precizi\u0161k\u0105 meistri\u0161kum\u0105 ir komfort\u0105, sukurdamas bald\u0105, kuris puikiai tiks \u012fvairiose aplinkose.<\/p>","protected":false},"excerpt":{"rendered":"<p>Dydis (cm):<br \/>\nPlotis: 94<br \/>\nGylis: 107<br \/>\n\u016agis: 84<br \/>\nS\u0117dyn\u0117s auk\u0161tis: 49<\/p>","protected":false},"featured_media":206309,"comment_status":"open","ping_status":"closed","template":"","meta":[],"product_brand":[],"product_cat":[9133],"product_tag":[],"class_list":{"0":"post-206289","1":"product","2":"type-product","3":"status-publish","4":"has-post-thumbnail","6":"product_cat-grouped","8":"first","9":"instock","10":"shipping-taxable","11":"purchasable","12":"product-type-variable","13":"wvs-archive-product-wrapper"},"_links":{"self":[{"href":"https:\/\/baldumarket.lt\/lt\/wp-json\/wp\/v2\/product\/206289","targetHints":{"allow":["GET"]}}],"collection":[{"href":"https:\/\/baldumarket.lt\/lt\/wp-json\/wp\/v2\/product"}],"about":[{"href":"https:\/\/baldumarket.lt\/lt\/wp-json\/wp\/v2\/types\/product"}],"replies":[{"embeddable":true,"href":"https:\/\/baldumarket.lt\/lt\/wp-json\/wp\/v2\/comments?post=206289"}],"wp:featuredmedia":[{"embeddable":true,"href":"https:\/\/baldumarket.lt\/lt\/wp-json\/wp\/v2\/media\/206309"}],"wp:attachment":[{"href":"https:\/\/baldumarket.lt\/lt\/wp-json\/wp\/v2\/media?parent=206289"}],"wp:term":[{"taxonomy":"product_brand","embeddable":true,"href":"https:\/\/baldumarket.lt\/lt\/wp-json\/wp\/v2\/product_brand?post=206289"},{"taxonomy":"product_cat","embeddable":true,"href":"https:\/\/baldumarket.lt\/lt\/wp-json\/wp\/v2\/product_cat?post=206289"},{"taxonomy":"product_tag","embeddable":true,"href":"https:\/\/baldumarket.lt\/lt\/wp-json\/wp\/v2\/product_tag?post=206289"}],"curies":[{"name":"wp","href":"https:\/\/api.w.org\/{rel}","templated":true}]}}