{"id":206280,"date":"2025-12-25T20:57:53","date_gmt":"2025-12-25T17:57:53","guid":{"rendered":"https:\/\/baldumarket.lt\/?post_type=product&#038;p=206280"},"modified":"2026-02-03T23:19:47","modified_gmt":"2026-02-03T20:19:47","slug":"sofa-goya-3f-bydgoskie-meble-skora-l2","status":"publish","type":"product","link":"https:\/\/baldumarket.lt\/lt\/product\/sofa-goya-3f-bydgoskie-meble-skora-l2\/","title":{"rendered":"Goya 3F sofa Bydgoszcz baldai odin\u0117 L2"},"content":{"rendered":"<p>\u201eBydgoskie Meble\u201c \u201eGoya\u201c sofa \u2013 puikus pasirinkimas tiems, kurie vertina kruop\u0161t\u0173 meistri\u0161kum\u0105 ir detales. Didelio elastingumo putplastis ir vingiuota spyruoklin\u0117 konstrukcija s\u0117dyn\u0117je garantuoja ilgalaik\u012f komfort\u0105, o atlo\u0161as, pagamintas i\u0161 elasting\u0173 dir\u017eeli\u0173 ir poliuretano put\u0173, suteikia tinkam\u0105 nugaros atram\u0105. Sofos matmenys \u2013 198 cm plo\u010dio, 84 cm auk\u0161\u010dio ir 107 cm gylio \u2013 leid\u017eia patogiai naudoti erdviuose ir vidutinio dyd\u017eio kambariuose. I\u0161skleista sofa suteikia 190 x 140 cm miegojimo plot\u0105, atitinkant\u012f standartin\u0119 dvigul\u0119 lov\u0105. Itali\u0161ko stiliaus sulankstymo sistema leid\u017eia skland\u017eiai ir lengvai perjungti i\u0161 sofos \u012f lov\u0105.<br \/>\nReguliuojamos galvos atramos leid\u017eia reguliuoti atlo\u0161o auk\u0161t\u012f pagal individualius poreikius. Tai leid\u017eia kiekvienam rasti patogiausi\u0105 pad\u0117t\u012f skaitant, \u017ei\u016brint televizori\u0173 ar trumpam nusn\u016bsti. \u0160i savyb\u0117 padidina komfort\u0105 ne tik ilgo poilsio metu, bet ir kasdienio naudojimo metu. Sofa stovi ant auk\u0161t\u0173 medini\u0173 kojeli\u0173, kurios suteikia stabilumo ir pabr\u0117\u017eia baldo charakter\u012f. Klientai gali rinktis i\u0161 septyni\u0173 spalv\u0173 variant\u0173: venge, sendinto vy\u0161nios, nat\u016bralaus buko, nat\u016bralaus \u0105\u017euolo, rie\u0161uto, sidabro ir juodos. \u0160is platus pasirinkimas leid\u017eia pagrind\u0105 derinti prie \u012fvairi\u0173 interjero dizain\u0173 \u2013 nuo klasikinio iki modernesnio.<\/p>\n<p>Papildomas privalumas \u2013 platus apmu\u0161al\u0173 audini\u0173 pasirinkimas \u2013 daugiau nei 600 variant\u0173, \u012fskaitant od\u0105. \u0160is platus pasirinkimas leid\u017eia lengvai susikurti bald\u0105, kuris puikiai papildyt\u0173 individual\u0173 skon\u012f ir kambario charakter\u012f. \u201eGoya\u201c sofa sujungia auk\u0161t\u0105 meistri\u0161kumo kokyb\u0119 ir d\u0117mes\u012f detal\u0117ms, tod\u0117l ji yra patvari ir esteti\u0161kai patraukli bet kurios svetain\u0117s detal\u0117.<\/p>","protected":false},"excerpt":{"rendered":"<p>Dydis (cm):<br \/>\nPlotis: 198<br \/>\nGylis: 107<br \/>\n\u016agis: 84<br \/>\nS\u0117dyn\u0117s auk\u0161tis: 49<\/p>","protected":false},"featured_media":206292,"comment_status":"open","ping_status":"closed","template":"","meta":[],"product_brand":[],"product_cat":[9133],"product_tag":[],"class_list":{"0":"post-206280","1":"product","2":"type-product","3":"status-publish","4":"has-post-thumbnail","6":"product_cat-grouped","8":"first","9":"instock","10":"shipping-taxable","11":"purchasable","12":"product-type-variable","13":"wvs-archive-product-wrapper"},"_links":{"self":[{"href":"https:\/\/baldumarket.lt\/lt\/wp-json\/wp\/v2\/product\/206280","targetHints":{"allow":["GET"]}}],"collection":[{"href":"https:\/\/baldumarket.lt\/lt\/wp-json\/wp\/v2\/product"}],"about":[{"href":"https:\/\/baldumarket.lt\/lt\/wp-json\/wp\/v2\/types\/product"}],"replies":[{"embeddable":true,"href":"https:\/\/baldumarket.lt\/lt\/wp-json\/wp\/v2\/comments?post=206280"}],"wp:featuredmedia":[{"embeddable":true,"href":"https:\/\/baldumarket.lt\/lt\/wp-json\/wp\/v2\/media\/206292"}],"wp:attachment":[{"href":"https:\/\/baldumarket.lt\/lt\/wp-json\/wp\/v2\/media?parent=206280"}],"wp:term":[{"taxonomy":"product_brand","embeddable":true,"href":"https:\/\/baldumarket.lt\/lt\/wp-json\/wp\/v2\/product_brand?post=206280"},{"taxonomy":"product_cat","embeddable":true,"href":"https:\/\/baldumarket.lt\/lt\/wp-json\/wp\/v2\/product_cat?post=206280"},{"taxonomy":"product_tag","embeddable":true,"href":"https:\/\/baldumarket.lt\/lt\/wp-json\/wp\/v2\/product_tag?post=206280"}],"curies":[{"name":"wp","href":"https:\/\/api.w.org\/{rel}","templated":true}]}}