{"id":206260,"date":"2025-12-25T20:57:12","date_gmt":"2025-12-25T17:57:12","guid":{"rendered":"https:\/\/baldumarket.lt\/?post_type=product&#038;p=206260"},"modified":"2026-03-05T10:31:13","modified_gmt":"2026-03-05T07:31:13","slug":"naroznik-goya-3f-te-15ht-bk-bydgoskie-meble","status":"publish","type":"product","link":"https:\/\/baldumarket.lt\/lt\/product\/naroznik-goya-3f-te-15ht-bk-bydgoskie-meble\/","title":{"rendered":"GOYA kampin\u0117 sofa 3F-TE-1.5HT\/BK Bydgoskie Meble"},"content":{"rendered":"<p>\u201eBydgoskie Meble\u201c modulin\u0117 kampin\u0117 sofa \u201eGoya\u201c buvo sukurta galvojant apie kasdien\u012f komfort\u0105. Jos konstrukcija pagr\u012fsta didelio elastingumo putplas\u010diu ir vingiuotomis spyruokl\u0117mis s\u0117dyn\u0117je, u\u017etikrinan\u010diomis tvirtum\u0105 ir ilgaam\u017ei\u0161kum\u0105. Atlo\u0161as pagamintas i\u0161 elasting\u0173 dir\u017eeli\u0173 ir poliuretano put\u0173, kurios suteikia stabili\u0105, bet mink\u0161t\u0105 atram\u0105.<\/p>\n<p>Reguliuojamos galvos atramos yra ry\u0161kus privalumas, leid\u017eiantis pritaikyti kamp\u0105 pagal individualius poreikius. \u0160is sprendimas skatina atsipalaidavim\u0105 tiek trump\u0173 pertrauk\u0173, tiek ilgesni\u0173 poilsio metu. \u0160is baldas puikiai tinka \u012fvairaus i\u0161planavimo svetain\u0117ms, nes j\u012f galima patogiai pastatyti net kampe.<\/p>\n<p>Kampin\u0117 sofa yra 289 cm plo\u010dio, 84 cm auk\u0161\u010dio ir 230 cm gylio, tod\u0117l suteikia daug erdv\u0117s patogiam s\u0117d\u0117jimui ir gul\u0117jimui. \u012emontuota itali\u0161ko stiliaus miegojimo funkcija sukuria 190 x 140 cm dyd\u017eio pavir\u0161i\u0173, tinkant\u012f tiek sve\u010diams, tiek kasdieniam naudojimui. I\u0161lankstymo mechanizmas veikia skland\u017eiai, tod\u0117l lengva ir greitai pasiruo\u0161ti miegui. Visa sofa stovi ant tvarkingai pjaustyt\u0173 medini\u0173 kojeli\u0173, kurios yra septyni\u0173 spalv\u0173: venge, sendinto vy\u0161nios, nat\u016bralaus buko, nat\u016bralaus \u0105\u017euolo, rie\u0161uto, sidabro ir juodos. Tai suteikia \u012fvairi\u0173 interjero dizaino galimybi\u0173. Stabilus pagrindas ne tik pabr\u0117\u017eia jos tvirtum\u0105, bet ir padeda palaikyti tvark\u0105 po sofa.<\/p>\n<p>\u0160is modelis si\u016blo pla\u010dias pritaikymo galimybes \u2013 galima rinktis i\u0161 daugiau nei 600 audini\u0173, \u012fskaitant odos variantus. 3F(L\/R)-TE-1.5HT\/BK (L\/R) konfig\u016bracija leid\u017eia gult\u0105 pastatyti kair\u0117je arba de\u0161in\u0117je pus\u0117je, tod\u0117l kampin\u0119 sof\u0105 lengva pritaikyti prie kambario i\u0161planavimo. Toks lankstumas u\u017etikrina, kad \u201eGoya\u201c atitiks t\u0173, kurie vertina ir komfort\u0105, ir unikal\u0173 dizaino stili\u0173, l\u016bkes\u010dius.<\/p>","protected":false},"excerpt":{"rendered":"<p>\u201eBydgoskie Meble\u201c modulin\u0117 kampin\u0117 sofa \u201eGoya\u201c buvo sukurta galvojant apie kasdien\u012f komfort\u0105. Jos konstrukcija pagr\u012fsta didelio elastingumo putomis ir vingiuotomis spyruokl\u0117mis s\u0117dyn\u0117je, u\u017etikrinan\u010diomis tvirtum\u0105 ir ilgaam\u017ei\u0161kum\u0105. Atlo\u0161as pagamintas i\u0161 elasting\u0173 dir\u017eeli\u0173 ir poliuretano put\u0173, kurios suteikia stabili\u0105, bet mink\u0161t\u0105 atram\u0105. Reguliuojamos galvos atramos yra ry\u0161kus privalumas, leid\u017eiantis [\u2026]<\/p>","protected":false},"featured_media":206270,"comment_status":"open","ping_status":"closed","template":"","meta":[],"product_brand":[],"product_cat":[9707,6033,616,1983],"product_tag":[],"class_list":{"0":"post-206260","1":"product","2":"type-product","3":"status-publish","4":"has-post-thumbnail","6":"product_cat-upholstered-furniture-goya-bydgoskie","7":"product_cat-bydgoskie-meble","8":"product_cat-corners","9":"product_cat-corners-l","11":"first","12":"instock","13":"shipping-taxable","14":"product-type-grouped"},"_links":{"self":[{"href":"https:\/\/baldumarket.lt\/lt\/wp-json\/wp\/v2\/product\/206260","targetHints":{"allow":["GET"]}}],"collection":[{"href":"https:\/\/baldumarket.lt\/lt\/wp-json\/wp\/v2\/product"}],"about":[{"href":"https:\/\/baldumarket.lt\/lt\/wp-json\/wp\/v2\/types\/product"}],"replies":[{"embeddable":true,"href":"https:\/\/baldumarket.lt\/lt\/wp-json\/wp\/v2\/comments?post=206260"}],"wp:featuredmedia":[{"embeddable":true,"href":"https:\/\/baldumarket.lt\/lt\/wp-json\/wp\/v2\/media\/206270"}],"wp:attachment":[{"href":"https:\/\/baldumarket.lt\/lt\/wp-json\/wp\/v2\/media?parent=206260"}],"wp:term":[{"taxonomy":"product_brand","embeddable":true,"href":"https:\/\/baldumarket.lt\/lt\/wp-json\/wp\/v2\/product_brand?post=206260"},{"taxonomy":"product_cat","embeddable":true,"href":"https:\/\/baldumarket.lt\/lt\/wp-json\/wp\/v2\/product_cat?post=206260"},{"taxonomy":"product_tag","embeddable":true,"href":"https:\/\/baldumarket.lt\/lt\/wp-json\/wp\/v2\/product_tag?post=206260"}],"curies":[{"name":"wp","href":"https:\/\/api.w.org\/{rel}","templated":true}]}}